

{"id":9310,"date":"2025-10-28T11:28:45","date_gmt":"2025-10-28T10:28:45","guid":{"rendered":"https:\/\/blackviewphones.com\/?post_type=product&#038;p=9310"},"modified":"2026-04-08T12:26:01","modified_gmt":"2026-04-08T10:26:01","slug":"oscal-powermax-6000","status":"publish","type":"product","link":"https:\/\/blackviewphones.com\/de\/product\/oscal-powermax-6000\/","title":{"rendered":"OSCAL PowerMax 6000"},"content":{"rendered":"<h1 class=\"product_title entry-title\">OSCAL PowerMax 6000<\/h1>\n<h4>\u27a1\ufe0f\ud83d\udce6 F\u00fcr dieses Produkt gilt eine Mindestlieferzeit von 15 Werktagen, g\u00fcltig f\u00fcr alle Versandarten.<\/h4>\n<p data-start=\"1039\" data-end=\"1337\">\u26a1Die <strong data-start=\"731\" data-end=\"754\">Oscal PowerMax 6000<\/strong> Es handelt sich um eine tragbare Stromversorgungsl\u00f6sung, die eine stabile und vielseitige elektrische Leistung bietet. Sie verf\u00fcgt \u00fcber eine\/n <strong data-start=\"869\" data-end=\"893\">Kapazit\u00e4t von 3600 Wh<\/strong> und ein <strong data-start=\"900\" data-end=\"930\">Nennleistung von 6000 W<\/strong>, mit einer Batterie <strong data-start=\"954\" data-end=\"973\">LiFePO\u2084-Chemie<\/strong> und erm\u00f6glicht eine Erweiterung bis zu <strong data-start=\"1016\" data-end=\"1043\">15 Akkus<\/strong>, ein Maximum erreichen <strong data-start=\"1069\" data-end=\"1082\">57.600 Wh<\/strong>.<\/p>\n<p data-start=\"1085\" data-end=\"1436\">Integra <strong data-start=\"1093\" data-end=\"1109\">4 Wechselstromsteckdosen<\/strong>, Es verf\u00fcgt \u00fcber Gleichstromausg\u00e4nge mit Anderson-Steckern, mehrere USB-A- und USB-C-Anschl\u00fcsse sowie eine Zigarettenanz\u00fcnderbuchse, sodass Sie verschiedene elektrische Ger\u00e4te anschlie\u00dfen k\u00f6nnen. Sein System unterst\u00fctzt <strong data-start=\"1305\" data-end=\"1335\">Wechselstromeingang bis zu 1800 W<\/strong>, mit einer ungef\u00e4hren Aufladezeit von <strong data-start=\"1376\" data-end=\"1390\">1,96 Stunden<\/strong>, und unterst\u00fctzt <strong data-start=\"1402\" data-end=\"1435\">durch Last mit USV-Funktion<\/strong>.<\/p>\n<p data-start=\"1438\" data-end=\"1694\">Die Einheit bietet <strong data-start=\"1455\" data-end=\"1506\">Ausgangsspannung 120 V und 240 V (Spannungsaufteilung)<\/strong>, beinhaltet <strong data-start=\"1518\" data-end=\"1551\">Funktionale LED-Leuchte mit 5 Modi<\/strong> und erm\u00f6glicht die <strong data-start=\"1565\" data-end=\"1596\">Steuerung \u00fcber Anwendung<\/strong>, bietet eine flexible, tragbare Stromversorgungsoption mit verschiedenen Anschlussm\u00f6glichkeiten.<\/p>","protected":false},"excerpt":{"rendered":"<h4>\u27a1\ufe0f\ud83d\udce6 F\u00fcr dieses Produkt gilt eine Mindestlieferzeit von 15 Werktagen, g\u00fcltig f\u00fcr alle Versandarten.<\/h4>\n<p>\u26a1Die <strong data-start=\"309\" data-end=\"332\">Oscal PowerMax 6000<\/strong> Es handelt sich um eine tragbare Powerstation mit <strong data-start=\"373\" data-end=\"403\">6000 W Nennleistung<\/strong> und die <strong data-start=\"406\" data-end=\"430\">Kapazit\u00e4t von 3600 Wh<\/strong>, bereit, Energie zu liefern in <strong data-start=\"470\" data-end=\"487\">120 V und 240 V<\/strong>. Es verf\u00fcgt \u00fcber mehrere AC-, DC- und USB-Ausg\u00e4nge., <strong data-start=\"532\" data-end=\"555\">Schnellladung<\/strong>, Funktion <strong data-start=\"565\" data-end=\"590\">USV mit Durchgangslast<\/strong>, Steuerung \u00fcber Anwendung und <strong data-start=\"622\" data-end=\"653\">LED-Beleuchtung mit 5 Modi<\/strong>.<\/p>","protected":false},"featured_media":12024,"comment_status":"open","ping_status":"closed","template":"","meta":{"_acf_changed":false},"product_brand":[335],"product_cat":[336,339,338],"product_tag":[],"class_list":{"0":"post-9310","1":"product","2":"type-product","3":"status-publish","4":"has-post-thumbnail","6":"product_brand-oscal","7":"product_cat-estaciones-de-carga-portatil","8":"product_cat-otros-productos","9":"product_cat-productos","10":"product_shipping_class-productos-pesados","12":"first","13":"onbackorder","14":"sale","15":"shipping-taxable","16":"purchasable","17":"product-type-variable","18":"has-default-attributes"},"acf":[],"_links":{"self":[{"href":"https:\/\/blackviewphones.com\/de\/wp-json\/wp\/v2\/product\/9310","targetHints":{"allow":["GET"]}}],"collection":[{"href":"https:\/\/blackviewphones.com\/de\/wp-json\/wp\/v2\/product"}],"about":[{"href":"https:\/\/blackviewphones.com\/de\/wp-json\/wp\/v2\/types\/product"}],"replies":[{"embeddable":true,"href":"https:\/\/blackviewphones.com\/de\/wp-json\/wp\/v2\/comments?post=9310"}],"version-history":[{"count":0,"href":"https:\/\/blackviewphones.com\/de\/wp-json\/wp\/v2\/product\/9310\/revisions"}],"wp:featuredmedia":[{"embeddable":true,"href":"https:\/\/blackviewphones.com\/de\/wp-json\/wp\/v2\/media\/12024"}],"wp:attachment":[{"href":"https:\/\/blackviewphones.com\/de\/wp-json\/wp\/v2\/media?parent=9310"}],"wp:term":[{"taxonomy":"product_brand","embeddable":true,"href":"https:\/\/blackviewphones.com\/de\/wp-json\/wp\/v2\/product_brand?post=9310"},{"taxonomy":"product_cat","embeddable":true,"href":"https:\/\/blackviewphones.com\/de\/wp-json\/wp\/v2\/product_cat?post=9310"},{"taxonomy":"product_tag","embeddable":true,"href":"https:\/\/blackviewphones.com\/de\/wp-json\/wp\/v2\/product_tag?post=9310"}],"curies":[{"name":"wp","href":"https:\/\/api.w.org\/{rel}","templated":true}]}}