

{"id":9263,"date":"2025-10-27T16:29:16","date_gmt":"2025-10-27T15:29:16","guid":{"rendered":"https:\/\/blackviewphones.com\/?post_type=product&#038;p=9263"},"modified":"2026-03-26T13:35:33","modified_gmt":"2026-03-26T12:35:33","slug":"oscal-powermax-2400-pro","status":"publish","type":"product","link":"https:\/\/blackviewphones.com\/de\/product\/oscal-powermax-2400-pro\/","title":{"rendered":"OSCAL PowerMax 2400 Pro"},"content":{"rendered":"<h1 class=\"product_title entry-title\">OSCAL PowerMax 2400 Pro<\/h1>\n<h4>\u27a1\ufe0f\ud83d\udce6 F\u00fcr dieses Produkt betr\u00e4gt die Mindestlieferzeit 15 Werktage.<\/h4>\n<p data-start=\"1706\" data-end=\"2070\">Der <strong data-start=\"1709\" data-end=\"1736\">OSCAL PowerMax 2400 Pro<\/strong> ist die professionelle Weiterentwicklung tragbarer Kraftwerke. Mit einer Grundkapazit\u00e4t von <strong data-start=\"1828\" data-end=\"1840\">2,016 Wh<\/strong> und einer Dauerausgangsleistung von <strong data-start=\"1878\" data-end=\"1889\">2.400 W<\/strong> (Spitzenleistung 4.800 W) kann praktisch jedes Haushaltsger\u00e4t, Werkzeug oder kritische System stunden- oder in Kombination mit zus\u00e4tzlichen Modulen sogar tagelang mit Strom versorgen.<\/p>\n<p data-start=\"2072\" data-end=\"2356\">Sein modulares, kabelloses Design erm\u00f6glicht das Stapeln von bis zu <strong data-start=\"2122\" data-end=\"2147\">10 BP2400 Pro-Module<\/strong>, und erreicht eine Gesamtkapazit\u00e4t von <strong data-start=\"2183\" data-end=\"2196\">22,176 Wh<\/strong> Verwicklungsfrei und problemlos. Ideal f\u00fcr anspruchsvolle Benutzer: <strong data-start=\"2259\" data-end=\"2353\">L\u00e4ngere Reisen ohne Netzanschluss, Veranstaltungen im Freien, Notstromversorgung zu Hause bei l\u00e4ngeren Stromausf\u00e4llen<\/strong>.<\/p>\n<p data-start=\"2358\" data-end=\"2709\">Das Aufladen erfolgt ultraschnell: Es erreicht die <strong data-start=\"2397\" data-end=\"2423\">80 % in nur 1,2 Stunden<\/strong> \u00fcber AC-Eingang (max. 1.400 W) oder bidirektionales Solarladen (1.200 W + 300 W). Es hat auch <strong data-start=\"2525\" data-end=\"2549\">16 verschiedene Ausg\u00e4nge<\/strong> (AC, USB, DC, kabelloses Laden), Funktionen von <strong data-start=\"2597\" data-end=\"2612\">UPS <0,01 s<\/strong>, Steuerung \u00fcber WiFi\/Bluetooth-App, integrierte Lautsprecher und intelligentes Management \u00fcber BMS.<\/p>\n<p data-start=\"2711\" data-end=\"2800\">Ein wahres Energie-Flaggschiff: kompakt, robust und mit unbegrenzten M\u00f6glichkeiten.<\/p>\n<h2>Eigenschaften OSCAL PowerMax 2400 Pro<\/h2>\n<table style=\"height: 1396px;\" width=\"1339\">\n<tbody>\n<tr>\n<td>\n<h3 id=\"sec-design\" class=\"k-h3\">Allgemeine Funktionen<\/h3>\n<\/td>\n<\/tr>\n<tr>\n<td><strong>Modell:<\/strong><\/td>\n<td>PowerMax 2400 Pro<\/td>\n<\/tr>\n<tr>\n<td><strong>Kerl:<\/strong><\/td>\n<td>Modulares tragbares Kraftwerk<\/td>\n<\/tr>\n<tr>\n<td><strong>Abmessungen:<\/strong><\/td>\n<td>47 \u00d7 29 \u00d7 32,6 cm<\/td>\n<\/tr>\n<tr>\n<td><strong>Gewicht:<\/strong><\/td>\n<td>\u2248 26,8 kg<\/td>\n<\/tr>\n<tr>\n<td><strong>Betriebstemperatur:<\/strong><\/td>\n<td>-20 \u00b0C bis 45 \u00b0C<\/td>\n<\/tr>\n<tr>\n<td>\n<h3>Kapazit\u00e4t \/ Batterie<\/h3>\n<\/td>\n<\/tr>\n<tr>\n<td><strong>Basiskapazit\u00e4t:<\/strong><\/td>\n<td>2,016 Wh<\/td>\n<\/tr>\n<tr>\n<td><strong>Ausgangsleistung:<\/strong><\/td>\n<td>2.400 W (Spitze 4.800 W)<\/td>\n<\/tr>\n<tr>\n<td><strong>Akku-Typ:<\/strong><\/td>\n<td>LiFePO\u2084<\/td>\n<\/tr>\n<tr>\n<td><strong>Lebenszyklen:<\/strong><\/td>\n<td>\u2265 3.500 Zyklen bis zu 80 % Kapazit\u00e4t<\/td>\n<\/tr>\n<tr>\n<td>\n<h3>Laden \/ Eintr\u00e4ge<\/h3>\n<\/td>\n<\/tr>\n<tr>\n<td><strong>AC-Eingang:<\/strong><\/td>\n<td>Bis zu 1.400 W (\u2248 1,2 h bei 80 %)<\/td>\n<\/tr>\n<tr>\n<td><strong>Solarladung (bidirektional):<\/strong><\/td>\n<td>Bis zu 1.200 W + 300 W (\u2248 1,6 h Vollladung)<\/td>\n<\/tr>\n<tr>\n<td><strong>12V\/24V Autoeingang:<\/strong><\/td>\n<td>20 h (12 V) \/ 10 h (24 V)<\/td>\n<\/tr>\n<tr>\n<td>\n<h3>Abfahrten \/ H\u00e4fen<\/h3>\n<\/td>\n<\/tr>\n<tr>\n<td><strong>Wechselstromsteckdosen:<\/strong><\/td>\n<td>4 AC-Steckdosen (insgesamt bis zu 2.400 W)<\/td>\n<\/tr>\n<tr>\n<td><strong>USB-C:<\/strong><\/td>\n<td>2 \u00d7 100 W<\/td>\n<\/tr>\n<tr>\n<td><strong>USB-A:<\/strong><\/td>\n<td>3 \u00d7 18 W + 1 \u00d7 12 W<\/td>\n<\/tr>\n<tr>\n<td><strong>DC 5521:<\/strong><\/td>\n<td>2 \u00d7 60 W<\/td>\n<\/tr>\n<tr>\n<td><strong>Zigarette \/ Auto:<\/strong><\/td>\n<td>1 \u00d7 240 W<\/td>\n<\/tr>\n<tr>\n<td><strong>Anderson:<\/strong><\/td>\n<td>1 \u00d7 240 W<\/td>\n<\/tr>\n<tr>\n<td><strong>Kabelloses Laden:<\/strong><\/td>\n<td>2 \u00d7 15 W<\/td>\n<\/tr>\n<tr>\n<td>\n<h3>Funktionen und Design<\/h3>\n<\/td>\n<td>\n<ul>\n<li>Modulare Verbindung ohne \u201cStapeln\u201d von Kabeln\u201d<\/li>\n<li>Erweiterung auf bis zu 22.176 Wh mit 10 BP2400 Pro Modulen<\/li>\n<li>UPS con conmutaci\u00f3n < 0,01 s<\/li>\n<li>Fernsteuerung per App (WLAN \/ Bluetooth)<\/li>\n<li>Eingebaute Lautsprecher + Soundsystem<\/li>\n<li>Leiser Betrieb (\u2264 58 dB maximal)<\/li>\n<li>Flammhemmendes Geh\u00e4use gem\u00e4\u00df UL94V-0 und robustes Design<\/li>\n<\/ul>\n<\/td>\n<\/tr>\n<tr>\n<td><strong>Verzehrempfehlung:<\/strong><\/td>\n<td>Backups f\u00fcr Privathaushalte, l\u00e4ngere Reisen, Stromversorgung bei Veranstaltungen, netzunabh\u00e4ngige Installationen<\/td>\n<\/tr>\n<tr>\n<td>\n<h3>Packungsinhalt<\/h3>\n<\/td>\n<td><\/td>\n<\/tr>\n<tr>\n<td><strong>OSCAL PowerMax 2400 Pro<\/strong><\/td>\n<td><\/td>\n<\/tr>\n<tr>\n<td><strong>AC-Ladekabel<\/strong><\/td>\n<td><\/td>\n<\/tr>\n<tr>\n<td><strong>Solarkabel \/ Adapter<\/strong><\/td>\n<td><\/td>\n<\/tr>\n<tr>\n<td><strong>Autokabel \/ Adapter<\/strong><\/td>\n<td><\/td>\n<\/tr>\n<tr>\n<td><strong>Bedienungsanleitung<\/strong><\/td>\n<td><\/td>\n<\/tr>\n<\/tbody>\n<\/table>","protected":false},"excerpt":{"rendered":"<h4>\u27a1\ufe0f\ud83d\udce6 F\u00fcr dieses Produkt betr\u00e4gt die Mindestlieferzeit 15 Werktage.<\/h4>\n<p>\u2728 Die <strong data-start=\"1710\" data-end=\"1733\">OSCAL PowerMax 2400 Pro<\/strong> vereint Leistung, Mobilit\u00e4t und Vielseitigkeit in einem \u00fcberlegenen Kraftwerk. Mit <strong data-start=\"1821\" data-end=\"1851\">1.872 Wh Basiskapazit\u00e4t<\/strong> und ein Investor von <strong data-start=\"1869\" data-end=\"1896\">2400 W (4800 W Spitze)<\/strong>, k\u00f6nnen Sie K\u00fchlschr\u00e4nke, Elektrowerkzeuge, Beleuchtungssysteme und sogar leichte Heimsysteme mit vollem Vertrauen mit Strom versorgen.<\/p>","protected":false},"featured_media":9267,"comment_status":"open","ping_status":"closed","template":"","meta":{"_acf_changed":false},"product_brand":[335],"product_cat":[336,339,338],"product_tag":[],"class_list":{"0":"post-9263","1":"product","2":"type-product","3":"status-publish","4":"has-post-thumbnail","6":"product_brand-oscal","7":"product_cat-estaciones-de-carga-portatil","8":"product_cat-otros-productos","9":"product_cat-productos","10":"product_shipping_class-productos-pesados","12":"first","13":"onbackorder","14":"sale","15":"shipping-taxable","16":"purchasable","17":"product-type-variable","18":"has-default-attributes"},"acf":[],"_links":{"self":[{"href":"https:\/\/blackviewphones.com\/de\/wp-json\/wp\/v2\/product\/9263","targetHints":{"allow":["GET"]}}],"collection":[{"href":"https:\/\/blackviewphones.com\/de\/wp-json\/wp\/v2\/product"}],"about":[{"href":"https:\/\/blackviewphones.com\/de\/wp-json\/wp\/v2\/types\/product"}],"replies":[{"embeddable":true,"href":"https:\/\/blackviewphones.com\/de\/wp-json\/wp\/v2\/comments?post=9263"}],"version-history":[{"count":0,"href":"https:\/\/blackviewphones.com\/de\/wp-json\/wp\/v2\/product\/9263\/revisions"}],"wp:featuredmedia":[{"embeddable":true,"href":"https:\/\/blackviewphones.com\/de\/wp-json\/wp\/v2\/media\/9267"}],"wp:attachment":[{"href":"https:\/\/blackviewphones.com\/de\/wp-json\/wp\/v2\/media?parent=9263"}],"wp:term":[{"taxonomy":"product_brand","embeddable":true,"href":"https:\/\/blackviewphones.com\/de\/wp-json\/wp\/v2\/product_brand?post=9263"},{"taxonomy":"product_cat","embeddable":true,"href":"https:\/\/blackviewphones.com\/de\/wp-json\/wp\/v2\/product_cat?post=9263"},{"taxonomy":"product_tag","embeddable":true,"href":"https:\/\/blackviewphones.com\/de\/wp-json\/wp\/v2\/product_tag?post=9263"}],"curies":[{"name":"wp","href":"https:\/\/api.w.org\/{rel}","templated":true}]}}