

{"id":9241,"date":"2025-10-27T15:55:26","date_gmt":"2025-10-27T14:55:26","guid":{"rendered":"https:\/\/blackviewphones.com\/?post_type=product&#038;p=9241"},"modified":"2026-02-26T16:05:53","modified_gmt":"2026-02-26T15:05:53","slug":"tragbares-solarpanel-oscal-pm200-pro-200-w","status":"publish","type":"product","link":"https:\/\/blackviewphones.com\/de\/product\/oscal-pm200-pro-panel-solar-portatil-de-200w\/","title":{"rendered":"Oscal PM200 Pro \u2013 Tragbares 200-W-Solarpanel"},"content":{"rendered":"<h1 class=\"product_title entry-title\">Oscal PM200 Pro \u2013 Tragbares 200-W-Solarpanel<\/h1>\n<h3 class=\"product_title entry-title\">Monokristallin mit hohem Wirkungsgrad<\/h3>\n<h4>\u27a1\ufe0f\ud83d\udce6 F\u00fcr dieses Produkt betr\u00e4gt die Mindestlieferzeit 15 Werktage.<\/h4>\n<p>Er <strong data-start=\"644\" data-end=\"663\">Oscal PM200 Pro<\/strong> ist ein leistungsstarkes tragbares Solarpanel f\u00fcr alle, die \u00fcberall saubere, zuverl\u00e4ssige Energie suchen. Mit seinem <strong data-start=\"792\" data-end=\"820\">200 W maximale Leistung<\/strong> und Zellen <strong data-start=\"830\" data-end=\"877\">hocheffizientes monokristallines (\u226521,7%)<\/strong>, Dieses Panel wandelt Sonnenlicht auch unter weniger g\u00fcnstigen Bedingungen in nutzbare Energie um.<\/p>\n<h2>OSCAL PM200 Pro Funktionen<\/h2>\n<table style=\"height: 463px;\" width=\"1321\">\n<tbody>\n<tr>\n<td>\n<h3>Allgemeine Funktionen<\/h3>\n<\/td>\n<\/tr>\n<tr>\n<td><strong>Modell:<\/strong><\/td>\n<td>PM 200 Pro<\/td>\n<\/tr>\n<tr>\n<td><strong>Maximale Leistung (ppm):<\/strong><\/td>\n<td>200 W \u00b151 TP3T<\/td>\n<\/tr>\n<tr>\n<td><strong>Maximalstrom (Im):<\/strong><\/td>\n<td>9,52 A \u00b151 TP3T<\/td>\n<\/tr>\n<tr>\n<td><strong>Maximale Spannung (Vm):<\/strong><\/td>\n<td>21 V \u00b151 TP3T<\/td>\n<\/tr>\n<tr>\n<td><strong>Leerlaufspannung:<\/strong><\/td>\n<td>25,2 V \u00b151 TP3T<\/td>\n<\/tr>\n<tr>\n<td><strong>Kurzschlussstrom:<\/strong><\/td>\n<td>11,42 A \u00b151 TP3T<\/td>\n<\/tr>\n<tr>\n<td><strong>Zelllaminierung:<\/strong><\/td>\n<td>ETFE<\/td>\n<\/tr>\n<tr>\n<td><strong>Zelltyp:<\/strong><\/td>\n<td>Monokristallines Silizium<\/td>\n<\/tr>\n<tr>\n<td><strong>Transformationseffizienz:<\/strong><\/td>\n<td>\u226521,7%<\/td>\n<\/tr>\n<tr>\n<td><strong>Betriebstemperatur:<\/strong><\/td>\n<td>-10\u2103 ~ +65\u2103<\/td>\n<\/tr>\n<tr>\n<td><strong>Produktgewicht:<\/strong><\/td>\n<td>7 kg \u00b11 kg<\/td>\n<\/tr>\n<tr>\n<td><strong>Abmessungen (ausgeklappt):<\/strong><\/td>\n<td>2349 \u00d7 536 \u00d7 25 mm<\/td>\n<\/tr>\n<tr>\n<td><strong>Abmessungen (gefaltet):<\/strong><\/td>\n<td>536 \u00d7 618 \u00d7 54 mm<\/td>\n<\/tr>\n<\/tbody>\n<\/table>","protected":false},"excerpt":{"rendered":"<h4>\u27a1\ufe0f\ud83d\udce6 F\u00fcr dieses Produkt betr\u00e4gt die Mindestlieferzeit 15 Werktage.<\/h4>\n<p>\u26a1Danke an Ihre <strong data-start=\"986\" data-end=\"1003\">ETFE-Laminat<\/strong> und sein Design <strong data-start=\"1016\" data-end=\"1028\">faltbar<\/strong>, ist robust, langlebig und leicht zu transportieren. Seine kompakte Bauweise und das Gewicht von nur 7 kg machen es ideal f\u00fcr <strong data-start=\"1144\" data-end=\"1250\">Camping, Wohnmobil, Notf\u00e4lle oder der t\u00e4gliche Gebrauch mit tragbaren Stationen wie der Oscal PowerMax<\/strong>.<\/p>\n<p data-start=\"1255\" data-end=\"1413\">Er <strong data-start=\"1258\" data-end=\"1271\">PM200 Pro<\/strong> garantiert jederzeit Stabilit\u00e4t, Sicherheit und Energieeffizienz, sodass Ihre Ger\u00e4te \u00fcberall aufgeladen bleiben.<\/p>","protected":false},"featured_media":9243,"comment_status":"open","ping_status":"closed","template":"","meta":{"_acf_changed":false},"product_brand":[335],"product_cat":[338,336,339,337],"product_tag":[],"class_list":{"0":"post-9241","1":"product","2":"type-product","3":"status-publish","4":"has-post-thumbnail","6":"product_brand-oscal","7":"product_cat-productos","8":"product_cat-estaciones-de-carga-portatil","9":"product_cat-otros-productos","10":"product_cat-paneles-solares","11":"product_shipping_class-productos-pesados","13":"first","14":"instock","15":"sale","16":"shipping-taxable","17":"purchasable","18":"product-type-variable","19":"has-default-attributes"},"acf":[],"_links":{"self":[{"href":"https:\/\/blackviewphones.com\/de\/wp-json\/wp\/v2\/product\/9241","targetHints":{"allow":["GET"]}}],"collection":[{"href":"https:\/\/blackviewphones.com\/de\/wp-json\/wp\/v2\/product"}],"about":[{"href":"https:\/\/blackviewphones.com\/de\/wp-json\/wp\/v2\/types\/product"}],"replies":[{"embeddable":true,"href":"https:\/\/blackviewphones.com\/de\/wp-json\/wp\/v2\/comments?post=9241"}],"version-history":[{"count":0,"href":"https:\/\/blackviewphones.com\/de\/wp-json\/wp\/v2\/product\/9241\/revisions"}],"wp:featuredmedia":[{"embeddable":true,"href":"https:\/\/blackviewphones.com\/de\/wp-json\/wp\/v2\/media\/9243"}],"wp:attachment":[{"href":"https:\/\/blackviewphones.com\/de\/wp-json\/wp\/v2\/media?parent=9241"}],"wp:term":[{"taxonomy":"product_brand","embeddable":true,"href":"https:\/\/blackviewphones.com\/de\/wp-json\/wp\/v2\/product_brand?post=9241"},{"taxonomy":"product_cat","embeddable":true,"href":"https:\/\/blackviewphones.com\/de\/wp-json\/wp\/v2\/product_cat?post=9241"},{"taxonomy":"product_tag","embeddable":true,"href":"https:\/\/blackviewphones.com\/de\/wp-json\/wp\/v2\/product_tag?post=9241"}],"curies":[{"name":"wp","href":"https:\/\/api.w.org\/{rel}","templated":true}]}}