

{"id":9149,"date":"2025-10-23T11:36:00","date_gmt":"2025-10-23T09:36:00","guid":{"rendered":"https:\/\/blackviewphones.com\/?post_type=product&#038;p=9149"},"modified":"2026-05-04T13:34:27","modified_gmt":"2026-05-04T11:34:27","slug":"blackview-xplore-2-projektor-esim","status":"publish","type":"product","link":"https:\/\/blackviewphones.com\/de\/product\/blackview-xplore-2-proyector-esim\/","title":{"rendered":"Blackview Xplore 2 Projektor: Projektor, Taschenlampe und eSIM"},"content":{"rendered":"<h1>Blackview Xplore 2 Projektor: Projektor, Taschenlampe und eSIM<\/h1>\n<p>Der XPLORE 2 Projektor wurde f\u00fcr all jene entwickelt, die alles in einem Ger\u00e4t w\u00fcnschen, und vereint Robustheit nach Milit\u00e4rstandard mit dualer 5G-Konnektivit\u00e4t., <strong>leistungsstarke Taschenlampe, Nachtsichtkamera<\/strong> <em><strong>und ein eingebauter tragbarer Projektor<\/strong><\/em>. Au\u00dferdem ist es<strong> kompatibel mit <\/strong><em><strong>Netflix, Prime Video, Disney+, HBO Max, Hulu und YouTube.<\/strong><\/em><\/p>\n<p>Mit bis zu 36 GB RAM, bis zu 2 TB Speicher und Wi-Fi 6E bietet es herausragende Leistung sowohl im Freien als auch in anspruchsvollen professionellen Umgebungen. Es verf\u00fcgt \u00fcber einen leistungsstarken 20.000-mAh-Akku mit 120-W-Ultraschnellladefunktion, ein 3,2K-AMOLED-Display mit 120 Hz Bildwiederholfrequenz und den leistungsstarken Dimensity 8300 5G-Chip, der f\u00fcr au\u00dfergew\u00f6hnliche fl\u00fcssige Performance und hohe Leistung sorgt.<\/p>\n<h2>\ud83d\udcf2<strong> Kompatibel mit Ihren Lieblings-Apps: Verwandeln Sie jede Wand in einen riesigen Bildschirm, um Serien, Sportereignisse oder Pr\u00e4sentationen zu genie\u00dfen, wo immer Sie sind.<\/strong><\/h2>\n<p>Genie\u00dfen Sie Inhalte direkt von gro\u00dfen Streaming-Plattformen wie Netflix, Prime Video, Disney+, HBO Max, Hulu und YouTube. Streamen Sie Filme, Serien, Dokumentationen oder Online-Videos ganz einfach und ohne zus\u00e4tzliche Ger\u00e4te.<\/p>\n<p>Dar\u00fcber hinaus erm\u00f6glicht es die einfache Steuerung der Projektion per Smartphone oder kompatibler Fernbedienung und nutzt die Kompatibilit\u00e4t mit installierten Videowiedergabe- und Streaming-Apps, um Fotos, Videos, Pr\u00e4sentationen oder Inhalte direkt aus Ihren Lieblings-Apps zu projizieren. Das Ergebnis ist ein vielseitiges Werkzeug f\u00fcr Beruf und Freizeit.<\/p>","protected":false},"excerpt":{"rendered":"<p>Der XPLORE 2 Projektor wurde f\u00fcr all jene entwickelt, die alles in einem Ger\u00e4t w\u00fcnschen, und vereint Robustheit nach Milit\u00e4rstandard mit dualer 5G-Konnektivit\u00e4t.,<strong> leistungsstarke Taschenlampe, Nachtsichtkamera<\/strong> <em><strong>und ein integrierter tragbarer Projektor.<\/strong> <\/em>Mit bis zu 36 GB RAM, bis zu 2 TB Speicherplatz und Wi-Fi 6E bietet es sowohl im Freien als auch in anspruchsvollen professionellen Umgebungen eine herausragende Leistung.<\/p>","protected":false},"featured_media":11113,"comment_status":"open","ping_status":"closed","template":"","meta":{"_acf_changed":false},"product_brand":[287],"product_cat":[42,136,166,159],"product_tag":[],"class_list":{"0":"post-9149","1":"product","2":"type-product","3":"status-publish","4":"has-post-thumbnail","6":"product_brand-blackview","7":"product_cat-moviles-blackview","8":"product_cat-moviles-resistentes-rugerizados","9":"product_cat-moviles-resistentes-rugerizados-nuevos-modelos","10":"product_cat-ofertas","12":"first","13":"instock","14":"sale","15":"shipping-taxable","16":"purchasable","17":"product-type-variable","18":"has-default-attributes"},"acf":[],"_links":{"self":[{"href":"https:\/\/blackviewphones.com\/de\/wp-json\/wp\/v2\/product\/9149","targetHints":{"allow":["GET"]}}],"collection":[{"href":"https:\/\/blackviewphones.com\/de\/wp-json\/wp\/v2\/product"}],"about":[{"href":"https:\/\/blackviewphones.com\/de\/wp-json\/wp\/v2\/types\/product"}],"replies":[{"embeddable":true,"href":"https:\/\/blackviewphones.com\/de\/wp-json\/wp\/v2\/comments?post=9149"}],"version-history":[{"count":0,"href":"https:\/\/blackviewphones.com\/de\/wp-json\/wp\/v2\/product\/9149\/revisions"}],"wp:featuredmedia":[{"embeddable":true,"href":"https:\/\/blackviewphones.com\/de\/wp-json\/wp\/v2\/media\/11113"}],"wp:attachment":[{"href":"https:\/\/blackviewphones.com\/de\/wp-json\/wp\/v2\/media?parent=9149"}],"wp:term":[{"taxonomy":"product_brand","embeddable":true,"href":"https:\/\/blackviewphones.com\/de\/wp-json\/wp\/v2\/product_brand?post=9149"},{"taxonomy":"product_cat","embeddable":true,"href":"https:\/\/blackviewphones.com\/de\/wp-json\/wp\/v2\/product_cat?post=9149"},{"taxonomy":"product_tag","embeddable":true,"href":"https:\/\/blackviewphones.com\/de\/wp-json\/wp\/v2\/product_tag?post=9149"}],"curies":[{"name":"wp","href":"https:\/\/api.w.org\/{rel}","templated":true}]}}