

{"id":8922,"date":"2025-10-02T11:04:23","date_gmt":"2025-10-02T09:04:23","guid":{"rendered":"https:\/\/blackviewphones.com\/?post_type=product&#038;p=8922"},"modified":"2026-04-16T12:34:45","modified_gmt":"2026-04-16T10:34:45","slug":"tablet-blackview-tab-60-pro-24-gb-ram-128-gb-rom-paket","status":"publish","type":"product","link":"https:\/\/blackviewphones.com\/de\/product\/tablet-blackview-tab-60-pro-24-gb-ram-128-gb-rom-pack\/","title":{"rendered":"Blackview Tab 60 Pro Tablet | 24 GB RAM 128 GB ROM-Paket"},"content":{"rendered":"<h1>Blackview Tab 60 Pro Tablet | 24 GB RAM 128 GB ROM-Paket<\/h1>\n<p><strong>\ud83c\udf81 Diese Version wird mit Ladeger\u00e4t, Stift, Maus, Displayschutzfolie aus geh\u00e4rtetem Glas, Tastatur und Schutzh\u00fclle geliefert. \ud83c\udf81<\/strong><\/p>\n<p>Entdecken Sie das Tablet <strong>Blackview Tab 60 Pro <\/strong>von der Marke Blackview, eine gute Option in Bezug auf Qualit\u00e4t \u2013 Preis, kompatibel mit<em> Widevine L1 und Wifi5<\/em>. Mit einem 7700 mAh Akku und dem Betriebssystem <strong>Android 15<\/strong>. <span data-spm-anchor-id=\"a2g0o.detail.1000023.i6.416912c6ea8IFf\">Es hat einen eleganten, minimalistischen und schlichten Stil. Mit Ma\u00dfnahmen von\u00a0 <strong>8,5<\/strong><\/span><strong data-spm-anchor-id=\"a2g0o.detail.1000023.i7.416912c6ea8IFf\">\u00a0mm breit <\/strong><span data-spm-anchor-id=\"a2g0o.detail.1000023.i7.416912c6ea8IFf\">und Gewicht von <\/span><strong>543 Gramm.<\/strong> Es verf\u00fcgt au\u00dferdem \u00fcber 8 GB erweiterbaren RAM <strong>Bis zu 24 GB<\/strong> und die <strong>128 GB ROM<\/strong> und erweiterbar <strong>bis zu 2 TB<\/strong> mit Speicherkarte. Zus\u00e4tzlich kann zur besseren Nutzung eine kabellose Tastatur adaptiert werden. <strong>Tab 60 Pro kompatibel mit Widevine L1<\/strong> Streaming bis zum Maximum Genie\u00dfen Sie das ultimative Streaming-Erlebnis mit dem Tab 60 Pro. Tauchen Sie ein in den Luxus, Ihre Lieblingsfilme in exquisiter 1080P-Aufl\u00f6sung anzusehen. Mit der Widevine L1-Zertifizierung garantiert dieses Tablet eine beispiellose Videoqualit\u00e4t und hebt Ihr Sehvergn\u00fcgen auf ein neues Niveau. *Unterst\u00fctzt 1080p-Streaming-Medienerlebnis: Disney+, Prime Video, Netflix, YouTube und HBO.<\/p>\n<p>&nbsp;<\/p>","protected":false},"excerpt":{"rendered":"<p><strong>\ud83c\udf81 Diese Version wird mit Ladeger\u00e4t, Stift, Maus, Tastatur, Displayschutzfolie aus geh\u00e4rtetem Glas und Schutzh\u00fclle geliefert. \ud83c\udf81<\/strong><\/p>\n<p>Herk\u00f6mmliches Tablet<\/p>\n<p>Unisoc T606<\/p>\n<p>Kompatibel mit Wideline L1<\/p>\n<p>Android 15 | PC-Modus<\/p>\n<p>7700 mAh<\/p>\n<p>242,7*161,5*8,5 mm<\/p>\n<p>Gewicht 543 g | 10,1-Zoll-Bildschirm<\/p>\n<p>8 GB + 16 GB RAM 128 GB ROM<\/p>","protected":false},"featured_media":12137,"comment_status":"closed","ping_status":"closed","template":"","meta":{"_acf_changed":false},"product_brand":[287],"product_cat":[332,159,95,328],"product_tag":[],"class_list":{"0":"post-8922","1":"product","2":"type-product","3":"status-publish","4":"has-post-thumbnail","6":"product_brand-blackview","7":"product_cat-reservar-moviles-blackview","8":"product_cat-ofertas","9":"product_cat-tablets-blackview","10":"product_cat-tablets-blackview-tablets-inteligentes-blackview","12":"first","13":"instock","14":"sale","15":"shipping-taxable","16":"purchasable","17":"product-type-variable","18":"has-default-attributes"},"acf":[],"_links":{"self":[{"href":"https:\/\/blackviewphones.com\/de\/wp-json\/wp\/v2\/product\/8922","targetHints":{"allow":["GET"]}}],"collection":[{"href":"https:\/\/blackviewphones.com\/de\/wp-json\/wp\/v2\/product"}],"about":[{"href":"https:\/\/blackviewphones.com\/de\/wp-json\/wp\/v2\/types\/product"}],"replies":[{"embeddable":true,"href":"https:\/\/blackviewphones.com\/de\/wp-json\/wp\/v2\/comments?post=8922"}],"version-history":[{"count":0,"href":"https:\/\/blackviewphones.com\/de\/wp-json\/wp\/v2\/product\/8922\/revisions"}],"wp:featuredmedia":[{"embeddable":true,"href":"https:\/\/blackviewphones.com\/de\/wp-json\/wp\/v2\/media\/12137"}],"wp:attachment":[{"href":"https:\/\/blackviewphones.com\/de\/wp-json\/wp\/v2\/media?parent=8922"}],"wp:term":[{"taxonomy":"product_brand","embeddable":true,"href":"https:\/\/blackviewphones.com\/de\/wp-json\/wp\/v2\/product_brand?post=8922"},{"taxonomy":"product_cat","embeddable":true,"href":"https:\/\/blackviewphones.com\/de\/wp-json\/wp\/v2\/product_cat?post=8922"},{"taxonomy":"product_tag","embeddable":true,"href":"https:\/\/blackviewphones.com\/de\/wp-json\/wp\/v2\/product_tag?post=8922"}],"curies":[{"name":"wp","href":"https:\/\/api.w.org\/{rel}","templated":true}]}}