

{"id":8803,"date":"2025-09-22T11:58:49","date_gmt":"2025-09-22T09:58:49","guid":{"rendered":"https:\/\/blackviewphones.com\/?post_type=product&#038;p=8803"},"modified":"2026-04-22T10:50:32","modified_gmt":"2026-04-22T08:50:32","slug":"blackview-mp100-mini-pc-amd","status":"publish","type":"product","link":"https:\/\/blackviewphones.com\/de\/product\/mp100-mini-pc-blackview-amd\/","title":{"rendered":"Blackview MP100 Mini-PC \u2013 AMD Ryzen 5 (7430U)"},"content":{"rendered":"<h1>Blackview MP100 Mini-PC \u2013 AMD Ryzen 5 (7430U)<\/h1>\n<h2><strong>Die Leistung eines Desktop-PCs in der Gr\u00f6\u00dfe Ihrer Hand<\/strong><\/h2>\n<p>Er <strong>Blackview MP100 Mini-PC<\/strong> Es beweist, dass Sie keinen riesigen Turm ben\u00f6tigen, um einen leistungsstarken und vielseitigen Computer zu genie\u00dfen. Mit einem ultrakompakten, eleganten und leisen Design konzentriert dieser Mini-Computer alles, was Sie brauchen f\u00fcr <strong>arbeiten, studieren, Inhalte erstellen oder Ihre Freizeit genie\u00dfen<\/strong>. Erh\u00e4ltlich in zwei Versionen, mit <strong>16 GB RAM + 512 GB SSD<\/strong> entweder <strong>32 GB RAM + 1 TB SSD<\/strong>, stehen Ihnen immer Leistungs- und Speicheroptionen zur Verf\u00fcgung, die Ihren Anforderungen entsprechen.<\/p>\n<p><em>Dieses Terminal wird mit Windows 11 PRO und einer lebenslangen OEM-Lizenz geliefert; diese Lizenz ist an die Hardware des Computers gebunden und kann nicht auf einen anderen Computer \u00fcbertragen werden.<\/em><\/p>","protected":false},"excerpt":{"rendered":"<p>Beeindruckende Leistung im kleinen Format: Das Blackview MP100 bietet einen Ryzen 5-Prozessor, bis zu 1 TB SSD und 32 GB RAM! Windows 11 Pro, mehrere Anschl\u00fcsse und Leistung f\u00fcr Arbeit, Unterhaltung und mehr.<\/p>\n<p><strong>Dieses Terminal wird mit Windows 11 PRO und einer lebenslangen OEM-Lizenz geliefert; diese Lizenz ist an die Hardware des Computers gebunden und kann nicht auf einen anderen Computer \u00fcbertragen werden.<\/strong><\/p>","protected":false},"featured_media":8811,"comment_status":"open","ping_status":"closed","template":"","meta":{"_acf_changed":false},"product_brand":[287],"product_cat":[349],"product_tag":[],"class_list":{"0":"post-8803","1":"product","2":"type-product","3":"status-publish","4":"has-post-thumbnail","6":"product_brand-blackview","7":"product_cat-sin-categoria","9":"first","10":"outofstock","11":"sale","12":"shipping-taxable","13":"purchasable","14":"product-type-variable","15":"has-default-attributes"},"acf":[],"_links":{"self":[{"href":"https:\/\/blackviewphones.com\/de\/wp-json\/wp\/v2\/product\/8803","targetHints":{"allow":["GET"]}}],"collection":[{"href":"https:\/\/blackviewphones.com\/de\/wp-json\/wp\/v2\/product"}],"about":[{"href":"https:\/\/blackviewphones.com\/de\/wp-json\/wp\/v2\/types\/product"}],"replies":[{"embeddable":true,"href":"https:\/\/blackviewphones.com\/de\/wp-json\/wp\/v2\/comments?post=8803"}],"version-history":[{"count":0,"href":"https:\/\/blackviewphones.com\/de\/wp-json\/wp\/v2\/product\/8803\/revisions"}],"wp:featuredmedia":[{"embeddable":true,"href":"https:\/\/blackviewphones.com\/de\/wp-json\/wp\/v2\/media\/8811"}],"wp:attachment":[{"href":"https:\/\/blackviewphones.com\/de\/wp-json\/wp\/v2\/media?parent=8803"}],"wp:term":[{"taxonomy":"product_brand","embeddable":true,"href":"https:\/\/blackviewphones.com\/de\/wp-json\/wp\/v2\/product_brand?post=8803"},{"taxonomy":"product_cat","embeddable":true,"href":"https:\/\/blackviewphones.com\/de\/wp-json\/wp\/v2\/product_cat?post=8803"},{"taxonomy":"product_tag","embeddable":true,"href":"https:\/\/blackviewphones.com\/de\/wp-json\/wp\/v2\/product_tag?post=8803"}],"curies":[{"name":"wp","href":"https:\/\/api.w.org\/{rel}","templated":true}]}}