

{"id":8787,"date":"2025-09-22T10:09:55","date_gmt":"2025-09-22T08:09:55","guid":{"rendered":"https:\/\/blackviewphones.com\/?post_type=product&#038;p=8787"},"modified":"2026-04-30T10:54:12","modified_gmt":"2026-04-30T08:54:12","slug":"blackview-active-7","status":"publish","type":"product","link":"https:\/\/blackviewphones.com\/de\/product\/active-7-blackview\/","title":{"rendered":"Blackview Active 7"},"content":{"rendered":"<h1>Blackview Active 7: Das robuste Tablet f\u00fcr extreme Abenteuer<\/h1>\n<p>Der <strong>Blackview Active 7<\/strong> ist ein <strong>Robustes 11-Zoll-Tablet<\/strong> Entwickelt f\u00fcr alle, die ein robustes, leistungsstarkes und vielseitiges Ger\u00e4t ben\u00f6tigen. Mit Zertifizierungen <strong>IP68 und IP69K<\/strong> und Milit\u00e4rstandard <strong>MIL-STD-810H<\/strong>, Es ist robust und widerstandsf\u00e4hig gegen St\u00fcrze, Wasser, Staub und extreme Bedingungen. Die perfekte Wahl f\u00fcr Au\u00dfendienstmitarbeiter, Abenteurer und anspruchsvolle Nutzer, die ein nahezu unzerst\u00f6rbares Tablet suchen. Inklusive Stift.<\/p>\n<h3>11-Zoll-FHD+-Display mit Gorilla Glass 5<\/h3>\n<p>Sein <strong>11-Zoll-IPS-Display<\/strong> bietet FHD+ Aufl\u00f6sung, lebendige Farben und weite Betrachtungswinkel. Das verst\u00e4rkte Glas <strong>Gorilla Glas 5<\/strong> Es bietet zus\u00e4tzlichen Schutz vor Kratzern und St\u00f6\u00dfen und gew\u00e4hrleistet so die Haltbarkeit in anspruchsvollen Arbeitsumgebungen oder bei Outdoor-Aktivit\u00e4ten.<\/p>\n<h3>10.000 mAh Akku mit 45W Schnellladung<\/h3>\n<p>Eine der gro\u00dfen St\u00e4rken der <strong>Blackview Active 7<\/strong> ist dein <strong>10.000 mAh Akku<\/strong>, die Autonomie f\u00fcr Tage intensiver Nutzung bietet. Dank der <strong>45 W Schnellladung<\/strong> und Kompatibilit\u00e4t mit <em>Dockingstation<\/em> Mit 18 W haben Sie immer genug Strom, um weiter zu arbeiten oder Ihre Freizeit zu genie\u00dfen.<\/p>\n<h3>Nachtsichtkameras<\/h3>\n<p>Ausgestattet mit einem <strong>16 MP Hauptkamera<\/strong>, ein Innovator <strong>20 MP Nachtsichtkamera<\/strong> und ein <strong>13 MP vorne<\/strong>Mit dem Blackview Active 7 k\u00f6nnen Sie Momente auch bei schlechten Lichtverh\u00e4ltnissen festhalten. Ideal f\u00fcr n\u00e4chtliche Inspektionen, Sicherheitsaktivit\u00e4ten oder Naturabenteuer.<\/p>\n<h3>Erweiterbare Leistung und Speicher<\/h3>\n<p>Mit seinem <strong>8 GB RAM<\/strong> (erweiterbar auf bis zu 16 GB \u00fcber virtuellen RAM) und <strong>128 GB interner Speicher<\/strong>, erweiterbar auf bis zu 2 TB mit TF-Karte, die <strong>Aktiv 7<\/strong> Anspruchsvolle Anwendungen und Multitasking bew\u00e4ltigt er problemlos. Sein Prozessor der neuesten Generation garantiert stabile Leistung f\u00fcr den professionellen und privaten Einsatz.<\/p>\n<h3>Zus\u00e4tzliche Outdoor-Funktionen<\/h3>\n<ul>\n<li><strong>Integriertes Campinglicht<\/strong> Doppelstrahl, perfekt f\u00fcr n\u00e4chtliche Aktivit\u00e4ten oder Notf\u00e4lle.<\/li>\n<li><strong>Handschuhmodus<\/strong> um das Tablet auch bei K\u00e4lte nutzen zu k\u00f6nnen.<\/li>\n<li><strong>Entsperren per Gesicht und Fingerabdruck<\/strong> f\u00fcr mehr Sicherheit und schnelleren Zugriff.<\/li>\n<li><strong><strong>NFC und mehrere GPS-Ger\u00e4te<\/strong><\/strong><\/li>\n<\/ul>\n<p>\u00a0<\/p>\n<p>Das <strong data-start=\"2509\" data-end=\"2521\">NICHT tun<\/strong> mit diesem Produkt<\/p>\n<p data-start=\"2542\" data-end=\"2614\">Obwohl es sich um ein \u00e4u\u00dferst robustes Tablet handelt, sollten Sie Folgendes bedenken:<\/p>\n<ul>\n<li style=\"list-style-type: none;\">\n<ul data-start=\"2616\" data-end=\"3236\">\n<li data-start=\"2616\" data-end=\"2725\">\n<p data-start=\"2618\" data-end=\"2725\">Nicht in \u00e4tzende Fl\u00fcssigkeiten oder aggressive Chemikalien eintauchen: Der IP-Schutz ist f\u00fcr sauberes Wasser ausgelegt.<\/p>\n<\/li>\n<li data-start=\"2726\" data-end=\"2825\">\n<p data-start=\"2728\" data-end=\"2825\">Setzen Sie es keinen St\u00fcrzen aus einer H\u00f6he von mehr als 12 Metern oder St\u00f6\u00dfen mit scharfen Gegenst\u00e4nden aus.<\/p>\n<\/li>\n<li data-start=\"2826\" data-end=\"2926\">\n<p data-start=\"2828\" data-end=\"2926\">Laden Sie den Akku nicht bei sehr hohen oder sehr niedrigen Temperaturen, da dies seine Lebensdauer beeintr\u00e4chtigen kann.<\/p>\n<\/li>\n<li data-start=\"2927\" data-end=\"3078\">\n<p data-start=\"2929\" data-end=\"3078\">Verwenden Sie es nicht als Ersatz f\u00fcr einen Desktop-PC: Trotz seines PC-Modus sind sein Gewicht (1,5 kg) und seine Gr\u00f6\u00dfe nicht ideal f\u00fcr stundenlanges, ununterbrochenes Arbeiten.<\/p>\n<\/li>\n<li data-start=\"3079\" data-end=\"3236\">\n<p data-start=\"3081\" data-end=\"3236\">Blockieren Sie keine L\u00fcftungsschlitze oder Anschl\u00fcsse mit nicht zertifizierten Geh\u00e4usen oder Zubeh\u00f6r, da dies die Leistung des Projektors oder die W\u00e4rmeableitung beeintr\u00e4chtigen kann.<\/p>\n<\/li>\n<\/ul>\n<\/li>\n<\/ul>","protected":false},"excerpt":{"rendered":"<p data-start=\"44\" data-end=\"120\"><strong>Das Blackview Active 7 ist ein robustes 11-Zoll-Tablet, das f\u00fcr extreme Belastungen ger\u00fcstet ist: IP68\/IP69K-Zertifizierung, Nachtsichtkamera, 10.000-mAh-Akku mit 45-W-Schnellladefunktion und Extras wie PC-Modus und Campinglampe. Ideal f\u00fcr Outdoor-Aktivit\u00e4ten, Arbeit und Abenteuer.<\/strong><\/p>","protected":false},"featured_media":10239,"comment_status":"closed","ping_status":"closed","template":"","meta":{"_acf_changed":false},"product_brand":[],"product_cat":[95,159,281],"product_tag":[],"class_list":{"0":"post-8787","1":"product","2":"type-product","3":"status-publish","4":"has-post-thumbnail","6":"product_cat-tablets-blackview","7":"product_cat-ofertas","8":"product_cat-tablets-blackview-tablets-resistentes-blackview","10":"first","11":"instock","12":"sale","13":"shipping-taxable","14":"purchasable","15":"product-type-variable","16":"has-default-attributes"},"acf":[],"_links":{"self":[{"href":"https:\/\/blackviewphones.com\/de\/wp-json\/wp\/v2\/product\/8787","targetHints":{"allow":["GET"]}}],"collection":[{"href":"https:\/\/blackviewphones.com\/de\/wp-json\/wp\/v2\/product"}],"about":[{"href":"https:\/\/blackviewphones.com\/de\/wp-json\/wp\/v2\/types\/product"}],"replies":[{"embeddable":true,"href":"https:\/\/blackviewphones.com\/de\/wp-json\/wp\/v2\/comments?post=8787"}],"version-history":[{"count":0,"href":"https:\/\/blackviewphones.com\/de\/wp-json\/wp\/v2\/product\/8787\/revisions"}],"wp:featuredmedia":[{"embeddable":true,"href":"https:\/\/blackviewphones.com\/de\/wp-json\/wp\/v2\/media\/10239"}],"wp:attachment":[{"href":"https:\/\/blackviewphones.com\/de\/wp-json\/wp\/v2\/media?parent=8787"}],"wp:term":[{"taxonomy":"product_brand","embeddable":true,"href":"https:\/\/blackviewphones.com\/de\/wp-json\/wp\/v2\/product_brand?post=8787"},{"taxonomy":"product_cat","embeddable":true,"href":"https:\/\/blackviewphones.com\/de\/wp-json\/wp\/v2\/product_cat?post=8787"},{"taxonomy":"product_tag","embeddable":true,"href":"https:\/\/blackviewphones.com\/de\/wp-json\/wp\/v2\/product_tag?post=8787"}],"curies":[{"name":"wp","href":"https:\/\/api.w.org\/{rel}","templated":true}]}}