

{"id":8381,"date":"2025-08-11T14:23:40","date_gmt":"2025-08-11T12:23:40","guid":{"rendered":"https:\/\/blackviewphones.com\/?post_type=product&#038;p=8381"},"modified":"2026-04-16T23:54:18","modified_gmt":"2026-04-16T21:54:18","slug":"blackview-xplore-2","status":"publish","type":"product","link":"https:\/\/blackviewphones.com\/de\/product\/blackview-xplore-2\/","title":{"rendered":"Blackview Xplore 2: Taschenlampe, NFC und eSIM"},"content":{"rendered":"<h1>Blackview Xplore 2: Taschenlampe, NFC und eSIM<\/h1>\n<p data-start=\"551\" data-end=\"780\">\ud83d\udcf1 <strong data-start=\"554\" data-end=\"588\">Immersives 3,2K AMOLED-Display<\/strong><br data-start=\"588\" data-end=\"591\" \/>Genie\u00dfen Sie ein \u00fcberragendes visuelles Erlebnis auf Ihrem Bildschirm <strong data-start=\"650\" data-end=\"681\">6,73 Zoll QHD AMOLED<\/strong> mit <strong data-start=\"686\" data-end=\"708\">120 Hz Bildwiederholfrequenz<\/strong>Lebendige Farben, au\u00dfergew\u00f6hnliche Sch\u00e4rfe und Fl\u00fcssigkeit in jeder Bewegung.<\/p>\n<p data-start=\"782\" data-end=\"1019\">\u26a1 <strong data-start=\"784\" data-end=\"809\">Unaufhaltsame Leistung<\/strong><br data-start=\"809\" data-end=\"812\" \/>Ausgestattet mit dem <strong data-start=\"828\" data-end=\"870\">MediaTek Dimensity 8300-Chipsatz (4 nm)<\/strong>bietet der XPLORE 2 <strong data-start=\"891\" data-end=\"927\">Geschwindigkeit, Effizienz und Leistung<\/strong> f\u00fcr anspruchsvolle Anwendungen, intensives Multitasking und 5G-Konnektivit\u00e4t der n\u00e4chsten Generation.<\/p>\n<p data-start=\"782\" data-end=\"1019\">\ud83d\udd26 <strong>Leistungsstarke Taschenlampe<\/strong><br data-start=\"1047\" data-end=\"1050\" \/>Es verf\u00fcgt \u00fcber eine Camping-Taschenlampe mit einer Helligkeit von bis zu <strong>467 Lumen <\/strong>die Sie aus den Werkzeugen verwenden k\u00f6nnen.<\/p>\n<p data-start=\"1021\" data-end=\"1210\">\ud83d\udcbe <strong data-start=\"1024\" data-end=\"1047\">Erinnerung im gro\u00dfen Stil<\/strong><br data-start=\"1047\" data-end=\"1050\" \/>Dank der gro\u00dfen Speicherkapazit\u00e4t und des RAM k\u00f6nnen Sie alles speichern, was Sie brauchen, und ohne Unterbrechungen arbeiten, ohne sich um Speicherplatz oder Fl\u00fcssigkeit sorgen zu m\u00fcssen.<\/p>\n<p data-start=\"1212\" data-end=\"1411\">\ud83d\udd0b <strong data-start=\"1215\" data-end=\"1239\">Legend\u00e4re Autonomie<\/strong><br data-start=\"1239\" data-end=\"1242\" \/>Der <strong data-start=\"1245\" data-end=\"1270\">20.000 mAh Akku<\/strong> Definiert die Bedeutung von \u201elanglebig\u201c neu. Vergessen Sie das Ladeger\u00e4t f\u00fcr Tage und genie\u00dfen Sie Ihr Abenteuer oder Ihren Arbeitstag ohne Einschr\u00e4nkungen.<\/p>\n<p data-start=\"1413\" data-end=\"1531\">\u26a1 <strong data-start=\"1415\" data-end=\"1442\">120 W ultraschnelles Laden<\/strong><br data-start=\"1442\" data-end=\"1445\" \/>Wenn es endlich Zeit zum Aufladen ist, erledigen Sie dies in Rekordzeit. Mehr Energie, weniger Wartezeit.<\/p>\n<p data-start=\"1533\" data-end=\"1726\">\ud83c\udf0d <strong data-start=\"1536\" data-end=\"1568\">Bereit f\u00fcr jede Umgebung<\/strong><br data-start=\"1568\" data-end=\"1571\" \/>Zertifizierungen <strong data-start=\"1587\" data-end=\"1617\">IP68, IP69K und MIL-STD-810H<\/strong>: Wasser-, Staub- und Fallschutz. Ein Ger\u00e4t, das extremen Bedingungen standh\u00e4lt.<\/p>\n<p data-start=\"1728\" data-end=\"1870\">\ud83d\udcf6 <strong data-start=\"1731\" data-end=\"1761\">Konnektivit\u00e4t ohne Grenzen<\/strong><br data-start=\"1761\" data-end=\"1764\" \/>Mit <strong data-start=\"1768\" data-end=\"1787\">Ultraschnelles 5G<\/strong>, laden Sie Inhalte mit der gew\u00fcnschten Geschwindigkeit herunter und streamen Sie sie, wo immer Sie sind.<\/p>\n<h2><span style=\"font-size: 16px;\">IP68: WAS SIE TUN K\u00d6NNEN UND WAS NICHT<\/span><\/h2>\n<p>Wenn ein Ger\u00e4t IP68-zertifiziert ist, bedeutet dies, dass es in Wasser getaucht werden kann. <strong>S\u00fc\u00dfwasser<\/strong>\u00a0<strong>in Tiefen von bis zu einem Meter f\u00fcr maximal 30 Minuten, vorausgesetzt, dass die Schutzvorrichtungen der Anschl\u00fcsse ordnungsgem\u00e4\u00df abgedichtet bleiben.<\/strong><\/p>\n<p><strong>Wir hinterlassen Ihnen einige Tipps<\/strong>\u00a0<strong>f\u00fcr jedes Endger\u00e4t mit IP68-Zertifizierung<\/strong>:<\/p>\n<ul>\n<li>Setzen Sie das IP68-Smartphone keinen Wasserstr\u00f6mungen wie Leitungswasser, Meereswellen oder Wasserf\u00e4llen aus.<\/li>\n<li>Wenn Ihr IP68-Smartphone S\u00fc\u00dfwasser ausgesetzt war, trocknen Sie es vorsichtig mit einem sauberen, weichen Tuch ab.<\/li>\n<li>Wenn das IP68-Smartphone mit einer anderen Fl\u00fcssigkeit als S\u00fc\u00dfwasser (z. B. Meerwasser) in Ber\u00fchrung gekommen ist, sp\u00fclen Sie das Ger\u00e4t sofort vorsichtig mit S\u00fc\u00dfwasser ab und trocknen Sie es gr\u00fcndlich mit einem weichen, sauberen Tuch ab.<\/li>\n<li>Wenn Zweifel bestehen, ob die Schutzvorrichtungen richtig geschlossen sind.\u00a0<strong>NEIN <\/strong>du machst es nass.<\/li>\n<li>Wir empfehlen nicht, aggressive Tests durchzuf\u00fchren, um Ihre Widerstandsf\u00e4higkeit nachzuweisen.<\/li>\n<li>Es ist nicht ratsam, die Ger\u00e4tetasten im Wasser zu manipulieren.<\/li>\n<li>Es wird nicht empfohlen, das Ger\u00e4t in Salzwasser einzutauchen, da die IP-Zertifizierung nur f\u00fcr S\u00fc\u00dfwasser gilt.<\/li>\n<\/ul>","protected":false},"excerpt":{"rendered":"<p>Das Blackview XPLORE 2 ist ein leistungsstarkes, robustes Smartphone mit NFC und einem Akku von <strong data-start=\"184\" data-end=\"198\">20.000 mAh<\/strong> und 120W Schnellladung. Sein 6,73&quot; 120Hz AMOLED-Display, der Prozessor <strong data-start=\"469\" data-end=\"499\">MediaTek Dimensity 8300 5G, Nachtsichtkamera, <\/strong>Taschenlampe<strong data-start=\"469\" data-end=\"499\"> 467 Lumen<\/strong> und Zertifizierung <strong data-start=\"519\" data-end=\"546\">IP68\/IP69K\/MIL-STD-810H<\/strong> Damit ist es ein robustes, leistungsstarkes und vielseitiges Ger\u00e4t f\u00fcr Profis und Abenteurer.<\/p>","protected":false},"featured_media":13052,"comment_status":"open","ping_status":"closed","template":"","meta":{"_acf_changed":false},"product_brand":[287],"product_cat":[42,136,166,159],"product_tag":[],"class_list":{"0":"post-8381","1":"product","2":"type-product","3":"status-publish","4":"has-post-thumbnail","6":"product_brand-blackview","7":"product_cat-moviles-blackview","8":"product_cat-moviles-resistentes-rugerizados","9":"product_cat-moviles-resistentes-rugerizados-nuevos-modelos","10":"product_cat-ofertas","12":"first","13":"instock","14":"sale","15":"shipping-taxable","16":"purchasable","17":"product-type-variable","18":"has-default-attributes"},"acf":[],"_links":{"self":[{"href":"https:\/\/blackviewphones.com\/de\/wp-json\/wp\/v2\/product\/8381","targetHints":{"allow":["GET"]}}],"collection":[{"href":"https:\/\/blackviewphones.com\/de\/wp-json\/wp\/v2\/product"}],"about":[{"href":"https:\/\/blackviewphones.com\/de\/wp-json\/wp\/v2\/types\/product"}],"replies":[{"embeddable":true,"href":"https:\/\/blackviewphones.com\/de\/wp-json\/wp\/v2\/comments?post=8381"}],"version-history":[{"count":0,"href":"https:\/\/blackviewphones.com\/de\/wp-json\/wp\/v2\/product\/8381\/revisions"}],"wp:featuredmedia":[{"embeddable":true,"href":"https:\/\/blackviewphones.com\/de\/wp-json\/wp\/v2\/media\/13052"}],"wp:attachment":[{"href":"https:\/\/blackviewphones.com\/de\/wp-json\/wp\/v2\/media?parent=8381"}],"wp:term":[{"taxonomy":"product_brand","embeddable":true,"href":"https:\/\/blackviewphones.com\/de\/wp-json\/wp\/v2\/product_brand?post=8381"},{"taxonomy":"product_cat","embeddable":true,"href":"https:\/\/blackviewphones.com\/de\/wp-json\/wp\/v2\/product_cat?post=8381"},{"taxonomy":"product_tag","embeddable":true,"href":"https:\/\/blackviewphones.com\/de\/wp-json\/wp\/v2\/product_tag?post=8381"}],"curies":[{"name":"wp","href":"https:\/\/api.w.org\/{rel}","templated":true}]}}