

{"id":8305,"date":"2025-07-24T11:24:44","date_gmt":"2025-07-24T09:24:44","guid":{"rendered":"https:\/\/blackviewphones.com\/?post_type=product&#038;p=8305"},"modified":"2026-04-16T10:25:05","modified_gmt":"2026-04-16T08:25:05","slug":"blackview-tab-active-5-tablet-android-15","status":"publish","type":"product","link":"https:\/\/blackviewphones.com\/de\/product\/blackview-tab-active-5-tablet-android-15\/","title":{"rendered":"Blackview Active 5 8,68\u2033 Tablet"},"content":{"rendered":"<h1>Blackview Active 5 Tablet | 6 GB\/8 GB RAM, 128 GB ROM<\/h1>\n<p><strong data-start=\"164\" data-end=\"272\">Entdecken Sie das neue Blackview-Tablet, das 8,68-Zoll-Active 5-Tablet, langlebiger und effizienter.<\/strong> Es handelt sich um ein kompaktes Tablet mit nur 12,3 mm Dicke, einem 6600-mAh-Akku und 18-W-Schnellladefunktion, das den ganzen Tag \u00fcber eine zuverl\u00e4ssige Leistung bietet. Es l\u00e4uft mit dem Betriebssystem DokeOS P 4.2 auf Basis von Android 15. All dies macht es bei Motorradfahrern als Navigationsger\u00e4t besonders beliebt.<\/p>\n<p data-start=\"491\" data-end=\"873\">Ein Tablet mit robustem Stil und einem Gewicht von 510 Gramm, mit Zertifizierung<strong> IP68, IP69K und MIL-STD-810H<\/strong>. Es verf\u00fcgt \u00fcber 6 GB oder 8 GB RAM und 128 GB Speicher, der auf bis zu 2 TB erweiterbar ist. Au\u00dferdem bietet es einen Handschuhmodus und NFC und eignet sich somit ideal f\u00fcr Arbeit, Studium oder Unterhaltung.<\/p>","protected":false},"excerpt":{"rendered":"<p><strong>Akkulaufzeit:<\/strong>6600 mAh mit 18 W Schnellladung<\/p>\n<p><strong>Abmessungen:<\/strong>218,5*131,7*12,3 mm<\/p>\n<p><strong>Bildschirm:<\/strong>8,68 Zoll IPS, 800 x 1340 Aufl\u00f6sung<br \/>\nPanda<sup>@<\/sup>\u00a0MN228<\/p>\n<p><strong>Gl\u00fchen:<\/strong>360 Nits<\/p>\n<p><strong>Betriebssystem:<\/strong>DokeOS P 4.2 Basierend auf Android 15<\/p>\n<p>&nbsp;<\/p>\n<div id=\"gtx-trans\" style=\"position: absolute; left: 10px; top: 55.2344px;\">\n<div class=\"gtx-trans-icon\"><\/div>\n<\/div>","protected":false},"featured_media":13143,"comment_status":"closed","ping_status":"closed","template":"","meta":{"_acf_changed":false},"product_brand":[],"product_cat":[95,159,281],"product_tag":[],"class_list":{"0":"post-8305","1":"product","2":"type-product","3":"status-publish","4":"has-post-thumbnail","6":"product_cat-tablets-blackview","7":"product_cat-ofertas","8":"product_cat-tablets-blackview-tablets-resistentes-blackview","10":"first","11":"instock","12":"sale","13":"shipping-taxable","14":"purchasable","15":"product-type-variable","16":"has-default-attributes"},"acf":[],"_links":{"self":[{"href":"https:\/\/blackviewphones.com\/de\/wp-json\/wp\/v2\/product\/8305","targetHints":{"allow":["GET"]}}],"collection":[{"href":"https:\/\/blackviewphones.com\/de\/wp-json\/wp\/v2\/product"}],"about":[{"href":"https:\/\/blackviewphones.com\/de\/wp-json\/wp\/v2\/types\/product"}],"replies":[{"embeddable":true,"href":"https:\/\/blackviewphones.com\/de\/wp-json\/wp\/v2\/comments?post=8305"}],"version-history":[{"count":0,"href":"https:\/\/blackviewphones.com\/de\/wp-json\/wp\/v2\/product\/8305\/revisions"}],"wp:featuredmedia":[{"embeddable":true,"href":"https:\/\/blackviewphones.com\/de\/wp-json\/wp\/v2\/media\/13143"}],"wp:attachment":[{"href":"https:\/\/blackviewphones.com\/de\/wp-json\/wp\/v2\/media?parent=8305"}],"wp:term":[{"taxonomy":"product_brand","embeddable":true,"href":"https:\/\/blackviewphones.com\/de\/wp-json\/wp\/v2\/product_brand?post=8305"},{"taxonomy":"product_cat","embeddable":true,"href":"https:\/\/blackviewphones.com\/de\/wp-json\/wp\/v2\/product_cat?post=8305"},{"taxonomy":"product_tag","embeddable":true,"href":"https:\/\/blackviewphones.com\/de\/wp-json\/wp\/v2\/product_tag?post=8305"}],"curies":[{"name":"wp","href":"https:\/\/api.w.org\/{rel}","templated":true}]}}