

{"id":8271,"date":"2025-07-22T11:54:34","date_gmt":"2025-07-22T09:54:34","guid":{"rendered":"https:\/\/blackviewphones.com\/?post_type=product&#038;p=8271"},"modified":"2026-04-02T12:13:20","modified_gmt":"2026-04-02T10:13:20","slug":"blackview-acebook-6-16-gb-ram-512-gb-rom","status":"publish","type":"product","link":"https:\/\/blackviewphones.com\/de\/product\/blackview-acebook-6-16-gb-ram-512-gb-rom\/","title":{"rendered":"Blackview AceBook 6 Intel N150 | 16 GB RAM, 512 GB SSD"},"content":{"rendered":"<h1>Blackview AceBook 6 Laptop | 16 GB RAM 512 GB ROM<\/h1>\n<p>Entdecken Sie das neue <strong data-start=\"236\" data-end=\"259\">Blackview AceBook 6<\/strong>, ein Laptop, der die perfekte Balance aus Leistung, Mobilit\u00e4t und Eleganz bietet. Mit seinem modernen Design in Stellar Gray und einem 15,6-Zoll-Full-HD+-IPS-Display bietet Ihnen dieser Laptop ein gestochen scharfes und beeindruckendes visuelles Erlebnis f\u00fcr Ihre t\u00e4gliche Arbeit und Unterhaltung. 16 GB RAM und eine schnelle 512 GB SSD sorgen f\u00fcr reibungslose Leistung und sicheren Speicher.<\/p>\n<h2 data-start=\"654\" data-end=\"709\">Genie\u00dfen Sie klare Bilder und effiziente Leistung<\/h2>\n<p data-start=\"711\" data-end=\"1007\">Er <strong data-start=\"714\" data-end=\"727\">AceBook 6<\/strong> Es ist mit Windows 11 Home und einem Intel\u00ae Twin Lake N150 Prozessor ausgestattet, der Taktraten von bis zu 3,6 GHz erreicht und so effizientes Multitasking sowie schnelle Reaktionszeiten f\u00fcr Ihre Lieblingsanwendungen gew\u00e4hrleistet. Der 38-Wh-Akku sorgt zudem f\u00fcr unterbrechungsfreies Arbeiten \u00fcber lange Tage.<\/p>\n<p data-start=\"711\" data-end=\"1007\"><strong data-start=\"132\" data-end=\"175\">Wichtige Informationen zur Tastatur<\/strong><br data-start=\"175\" data-end=\"178\" \/>Dieses Produkt ist ein <strong data-start=\"198\" data-end=\"235\">externe QWERTZ-Tastatur (separat)<\/strong>, somit <strong data-start=\"248\" data-end=\"275\">enth\u00e4lt nicht die Taste \u201e\u00d1\u201c<\/strong>.<\/p>\n<p data-start=\"711\" data-end=\"1007\"><strong>Dieses Terminal wird mit Windows 11 HOME und einer lebenslangen OEM-Lizenz geliefert; diese Lizenz ist an die Hardware des Computers gebunden und kann nicht auf einen anderen Computer \u00fcbertragen werden.<\/strong><\/p>\n<p>&nbsp;<\/p>","protected":false},"excerpt":{"rendered":"<p><strong data-start=\"132\" data-end=\"175\">Wichtige Informationen zur Tastatur<\/strong><br data-start=\"175\" data-end=\"178\" \/>Dieses Produkt ist ein <strong data-start=\"198\" data-end=\"235\">externe QWERTZ-Tastatur (separat)<\/strong>, somit <strong data-start=\"248\" data-end=\"275\">enth\u00e4lt nicht die Taste \u201e\u00d1\u201c<\/strong>.<\/p>\n<p>Intel\u00ae Twin Lake N150<br data-start=\"150\" data-end=\"153\" \/>Intel\u00ae Grafik<br data-start=\"168\" data-end=\"171\" \/>Kompatibel mit Windows 11 Home<br data-start=\"201\" data-end=\"204\" \/>357,5 \u00d7 229,5 \u00d7 19,5 mm<br data-start=\"227\" data-end=\"230\" \/>15,6\u2033 FHD+ Display | Gewicht 1,7 kg<br data-start=\"263\" data-end=\"266\" \/>38 Wh | WLAN ac | Bluetooth 5.0<br data-start=\"297\" data-end=\"300\" \/>16 GB RAM 512 GB SSD<\/p>\n<p><em>Dieses Terminal wird mit Windows 11 HOME und einer lebenslangen OEM-Lizenz geliefert; diese Lizenz ist an die Hardware des Computers gebunden und kann nicht auf einen anderen Computer \u00fcbertragen werden.<\/em><\/p>","protected":false},"featured_media":13170,"comment_status":"open","ping_status":"closed","template":"","meta":{"_acf_changed":false},"product_brand":[287],"product_cat":[349],"product_tag":[333,312],"class_list":{"0":"post-8271","1":"product","2":"type-product","3":"status-publish","4":"has-post-thumbnail","6":"product_brand-blackview","7":"product_cat-sin-categoria","8":"product_tag-cargador-eu","9":"product_tag-notebook","11":"first","12":"outofstock","13":"sale","14":"shipping-taxable","15":"purchasable","16":"product-type-variable","17":"has-default-attributes"},"acf":[],"_links":{"self":[{"href":"https:\/\/blackviewphones.com\/de\/wp-json\/wp\/v2\/product\/8271","targetHints":{"allow":["GET"]}}],"collection":[{"href":"https:\/\/blackviewphones.com\/de\/wp-json\/wp\/v2\/product"}],"about":[{"href":"https:\/\/blackviewphones.com\/de\/wp-json\/wp\/v2\/types\/product"}],"replies":[{"embeddable":true,"href":"https:\/\/blackviewphones.com\/de\/wp-json\/wp\/v2\/comments?post=8271"}],"version-history":[{"count":0,"href":"https:\/\/blackviewphones.com\/de\/wp-json\/wp\/v2\/product\/8271\/revisions"}],"wp:featuredmedia":[{"embeddable":true,"href":"https:\/\/blackviewphones.com\/de\/wp-json\/wp\/v2\/media\/13170"}],"wp:attachment":[{"href":"https:\/\/blackviewphones.com\/de\/wp-json\/wp\/v2\/media?parent=8271"}],"wp:term":[{"taxonomy":"product_brand","embeddable":true,"href":"https:\/\/blackviewphones.com\/de\/wp-json\/wp\/v2\/product_brand?post=8271"},{"taxonomy":"product_cat","embeddable":true,"href":"https:\/\/blackviewphones.com\/de\/wp-json\/wp\/v2\/product_cat?post=8271"},{"taxonomy":"product_tag","embeddable":true,"href":"https:\/\/blackviewphones.com\/de\/wp-json\/wp\/v2\/product_tag?post=8271"}],"curies":[{"name":"wp","href":"https:\/\/api.w.org\/{rel}","templated":true}]}}