

{"id":8260,"date":"2025-07-22T10:15:54","date_gmt":"2025-07-22T08:15:54","guid":{"rendered":"https:\/\/blackviewphones.com\/?post_type=product&#038;p=8260"},"modified":"2026-01-27T11:01:50","modified_gmt":"2026-01-27T10:01:50","slug":"blackview-fitbuds-h1-bluetooth-kopfhorer","status":"publish","type":"product","link":"https:\/\/blackviewphones.com\/de\/product\/blackview-fitbuds-h1-auriculares-bluetooth\/","title":{"rendered":"Blackview FitBuds H1 \u2013 Bluetooth 5.4-Ohrh\u00f6rer mit ENC+DNS-Ger\u00e4uschunterdr\u00fcckung"},"content":{"rendered":"<h1>Blackview FitBuds H1 \u2013 Bluetooth 5.4-Ohrh\u00f6rer mit ENC+DNS-Ger\u00e4uschunterdr\u00fcckung<\/h1>\n<p>Der <strong data-start=\"225\" data-end=\"249\">Blackview FitBuds H1<\/strong> Diese kabellosen Ohrh\u00f6rer mit umlaufendem Design sind f\u00fcr Liebhaber klaren, kraftvollen Klangs konzipiert. Ausgestattet mit 40-mm-Treibern, fortschrittlichen Audio-Codecs (SBC, AAC und LHDC) und einem 500-mAh-Akku bieten sie ein langes, hochwertiges H\u00f6rerlebnis.<\/p>\n<p data-start=\"532\" data-end=\"575\"><strong data-start=\"532\" data-end=\"575\">Surround-Sound. Musik, die Sie fesselt.<\/strong><\/p>\n<p data-start=\"577\" data-end=\"829\">Dank leistungsstarker 40-mm-Lautsprecher und LHDC-Unterst\u00fctzung liefern die FitBuds H1 detailreichen, tiefen Klang \u2013 ideal f\u00fcr Musik, Filme oder Gaming. Der breite Frequenzbereich (20 Hz\u201320 kHz) sorgt f\u00fcr naturgetreuen Klang bei jeder Note.<\/p>\n<p data-start=\"831\" data-end=\"881\"><strong data-start=\"831\" data-end=\"881\">Stabile Verbindung. Volle Bewegungsfreiheit.<\/strong><\/p>\n<p data-start=\"883\" data-end=\"1122\">Mit Bluetooth 5.4 und einer Reichweite von bis zu 15 Metern in Innenr\u00e4umen genie\u00dfen Sie eine stabile, nahtlose Verbindung. Der Typ-C-Ladeanschluss erm\u00f6glicht zudem schnelles Aufladen \u2013 in nur 2 Stunden sind sie bereit f\u00fcr Ihren Tag.<\/p>\n<p data-start=\"1124\" data-end=\"1171\"><strong data-start=\"1124\" data-end=\"1171\">Komfortables Design. L\u00e4ngerer Gebrauch ohne Beschwerden.<\/strong><\/p>\n<p data-start=\"1173\" data-end=\"1385\">Dank ihres ergonomischen Designs und des ausgewogenen Gewichts passen die FitBuds H1 perfekt in Ihre Ohren und erm\u00f6glichen langes, erm\u00fcdungsfreies Spielen. Erh\u00e4ltlich in stilvollen Farben wie <strong data-start=\"1349\" data-end=\"1365\">Schwarz<\/strong> und die <strong data-start=\"1368\" data-end=\"1384\">Wei\u00df<\/strong>.<\/p>","protected":false},"excerpt":{"rendered":"<p data-start=\"173\" data-end=\"196\"><strong data-start=\"173\" data-end=\"187\">Mobilteil:<\/strong> 5,28 g<\/p>\n<p data-start=\"199\" data-end=\"227\"><strong data-start=\"199\" data-end=\"217\">Frachtbox:<\/strong> 36,01 g<\/p>\n<p data-start=\"230\" data-end=\"265\"><strong data-start=\"230\" data-end=\"241\">Treiber:<\/strong> \u03a613 mm dynamischer Treiber<\/p>\n<p data-start=\"268\" data-end=\"288\"><strong data-start=\"268\" data-end=\"282\">Bluetooth:<\/strong> 5.4<\/p>\n<p data-start=\"291\" data-end=\"331\"><strong data-start=\"291\" data-end=\"316\">Ger\u00e4uschunterdr\u00fcckung:<\/strong> Ja (ENC+DNS)<\/p>","protected":false},"featured_media":8268,"comment_status":"closed","ping_status":"closed","template":"","meta":{"_acf_changed":false},"product_brand":[287],"product_cat":[349],"product_tag":[],"class_list":{"0":"post-8260","1":"product","2":"type-product","3":"status-publish","4":"has-post-thumbnail","6":"product_brand-blackview","7":"product_cat-sin-categoria","9":"first","10":"outofstock","11":"sale","12":"shipping-taxable","13":"purchasable","14":"product-type-variable","15":"has-default-attributes"},"acf":[],"_links":{"self":[{"href":"https:\/\/blackviewphones.com\/de\/wp-json\/wp\/v2\/product\/8260","targetHints":{"allow":["GET"]}}],"collection":[{"href":"https:\/\/blackviewphones.com\/de\/wp-json\/wp\/v2\/product"}],"about":[{"href":"https:\/\/blackviewphones.com\/de\/wp-json\/wp\/v2\/types\/product"}],"replies":[{"embeddable":true,"href":"https:\/\/blackviewphones.com\/de\/wp-json\/wp\/v2\/comments?post=8260"}],"version-history":[{"count":0,"href":"https:\/\/blackviewphones.com\/de\/wp-json\/wp\/v2\/product\/8260\/revisions"}],"wp:featuredmedia":[{"embeddable":true,"href":"https:\/\/blackviewphones.com\/de\/wp-json\/wp\/v2\/media\/8268"}],"wp:attachment":[{"href":"https:\/\/blackviewphones.com\/de\/wp-json\/wp\/v2\/media?parent=8260"}],"wp:term":[{"taxonomy":"product_brand","embeddable":true,"href":"https:\/\/blackviewphones.com\/de\/wp-json\/wp\/v2\/product_brand?post=8260"},{"taxonomy":"product_cat","embeddable":true,"href":"https:\/\/blackviewphones.com\/de\/wp-json\/wp\/v2\/product_cat?post=8260"},{"taxonomy":"product_tag","embeddable":true,"href":"https:\/\/blackviewphones.com\/de\/wp-json\/wp\/v2\/product_tag?post=8260"}],"curies":[{"name":"wp","href":"https:\/\/api.w.org\/{rel}","templated":true}]}}