

{"id":8222,"date":"2025-07-11T12:01:17","date_gmt":"2025-07-11T10:01:17","guid":{"rendered":"https:\/\/blackviewphones.com\/?post_type=product&#038;p=8222"},"modified":"2026-04-02T09:25:51","modified_gmt":"2026-04-02T07:25:51","slug":"blackview-rugged-tablet-schultergurt","status":"publish","type":"product","link":"https:\/\/blackviewphones.com\/de\/product\/correa-hombro-blackview-tablet-rugerizada\/","title":{"rendered":"Blackview Schultergurt f\u00fcr Rugged Tablets"},"content":{"rendered":"<h1 data-spm-anchor-id=\"a2g0o.detail.1000016.i4.6bb25b43f3exZP\"><strong data-start=\"288\" data-end=\"343\">Blackview Schultergurt f\u00fcr Rugged Tablets<\/strong><\/h1>\n<p data-spm-anchor-id=\"a2g0o.detail.1000016.i4.6bb25b43f3exZP\">Machen Sie Ihren Alltag komfortabler mit dem <strong data-start=\"380\" data-end=\"410\">Blackview-Schultergurt<\/strong>Entwickelt, um das Tragen Ihres Tablets einfach und bequem zu machen. Ideal f\u00fcr mobile Profis, Au\u00dfendiensttechniker und alle Benutzer, die ihr Ger\u00e4t immer griffbereit haben m\u00fcssen.<\/p>\n<p data-start=\"621\" data-end=\"642\"><strong data-start=\"621\" data-end=\"640\">Kompatibel mit:<\/strong><\/p>\n<ul>\n<li data-start=\"645\" data-end=\"670\">Blackview <strong>Active 10 Pro<\/strong><\/li>\n<li data-start=\"673\" data-end=\"698\">Blackview <strong>Active 12 Pro<\/strong><\/li>\n<li data-start=\"701\" data-end=\"719\">Blackview <strong>Aktiv 7<\/strong><\/li>\n<li>Farbe: Schwarz<\/li>\n<li data-spm-anchor-id=\"a2g0o.detail.1000016.i4.6bb25b43f3exZP\">Material: Leder<\/li>\n<li data-spm-anchor-id=\"a2g0o.detail.1000016.i4.6bb25b43f3exZP\">Inhalt: 1 Schultergurt<\/li>\n<\/ul>\n<h2 data-start=\"193\" data-end=\"246\"><strong data-start=\"197\" data-end=\"246\">Funktionen des Blackview-Schultergurts<\/strong><\/h2>\n<ul data-start=\"248\" data-end=\"780\">\n<li data-start=\"248\" data-end=\"339\">\n<p data-start=\"250\" data-end=\"339\"><strong data-start=\"250\" data-end=\"263\">Tragbar:<\/strong> erm\u00f6glicht den einfachen Transport Ihres Tablets, ohne dass Sie es in der Hand tragen m\u00fcssen.<\/p>\n<\/li>\n<li data-start=\"340\" data-end=\"429\">\n<p data-start=\"342\" data-end=\"429\"><strong data-start=\"342\" data-end=\"359\">Freisprechen:<\/strong> ideal zum Arbeiten oder Reisen mit v\u00f6lliger Bewegungsfreiheit.<\/p>\n<\/li>\n<li data-start=\"430\" data-end=\"524\">\n<p data-start=\"432\" data-end=\"524\"><strong data-start=\"432\" data-end=\"468\">Verstellbarer Schultergurt:<\/strong> passt sich an unterschiedliche K\u00f6rpergr\u00f6\u00dfen und Nutzungsvorlieben an.<\/p>\n<\/li>\n<li data-start=\"611\" data-end=\"687\">\n<p data-start=\"613\" data-end=\"687\"><strong data-start=\"613\" data-end=\"638\">Einfache Installation:<\/strong> l\u00e4sst sich einfach an einem kompatiblen Tablet anbringen.<\/p>\n<\/li>\n<li data-start=\"688\" data-end=\"780\">\n<p data-start=\"690\" data-end=\"780\"><strong data-start=\"690\" data-end=\"709\">Kompatibilit\u00e4t:<\/strong> G\u00fcltig f\u00fcr die Tablets Blackview Active 10 Pro, Active 12 Pro und Active 7.<\/p>\n<\/li>\n<\/ul>","protected":false},"excerpt":{"rendered":"<p>Blackview Correa de Hombro para Tablets Rugerizadas Haz tu d\u00eda a d\u00eda m\u00e1s c\u00f3modo con la correa de hombro Blackview, dise\u00f1ada para facilitar el transporte de tu tablet de forma segura y pr\u00e1ctica. Ideal para profesionales en movimiento, t\u00e9cnicos de campo o cualquier usuario que necesite llevar su dispositivo siempre a mano. Compatible con: Blackview<\/p>\n<div class=\"klb-readmore entry-button\"><a class=\"btn read-more\" href=\"https:\/\/blackviewphones.com\/de\/product\/correa-hombro-blackview-tablet-rugerizada\/\">Mehr lesen<\/a><\/div>","protected":false},"featured_media":8227,"comment_status":"closed","ping_status":"closed","template":"","meta":{"_acf_changed":false},"product_brand":[],"product_cat":[154],"product_tag":[317,310,232],"class_list":{"0":"post-8222","1":"product","2":"type-product","3":"status-publish","4":"has-post-thumbnail","6":"product_cat-accesorios-blackview","7":"product_tag-active-8-pro","8":"product_tag-funda-teclado","9":"product_tag-tablet","11":"first","12":"instock","13":"sale","14":"shipping-taxable","15":"purchasable","16":"product-type-variable","17":"has-default-attributes"},"acf":[],"_links":{"self":[{"href":"https:\/\/blackviewphones.com\/de\/wp-json\/wp\/v2\/product\/8222","targetHints":{"allow":["GET"]}}],"collection":[{"href":"https:\/\/blackviewphones.com\/de\/wp-json\/wp\/v2\/product"}],"about":[{"href":"https:\/\/blackviewphones.com\/de\/wp-json\/wp\/v2\/types\/product"}],"replies":[{"embeddable":true,"href":"https:\/\/blackviewphones.com\/de\/wp-json\/wp\/v2\/comments?post=8222"}],"version-history":[{"count":0,"href":"https:\/\/blackviewphones.com\/de\/wp-json\/wp\/v2\/product\/8222\/revisions"}],"wp:featuredmedia":[{"embeddable":true,"href":"https:\/\/blackviewphones.com\/de\/wp-json\/wp\/v2\/media\/8227"}],"wp:attachment":[{"href":"https:\/\/blackviewphones.com\/de\/wp-json\/wp\/v2\/media?parent=8222"}],"wp:term":[{"taxonomy":"product_brand","embeddable":true,"href":"https:\/\/blackviewphones.com\/de\/wp-json\/wp\/v2\/product_brand?post=8222"},{"taxonomy":"product_cat","embeddable":true,"href":"https:\/\/blackviewphones.com\/de\/wp-json\/wp\/v2\/product_cat?post=8222"},{"taxonomy":"product_tag","embeddable":true,"href":"https:\/\/blackviewphones.com\/de\/wp-json\/wp\/v2\/product_tag?post=8222"}],"curies":[{"name":"wp","href":"https:\/\/api.w.org\/{rel}","templated":true}]}}