

{"id":8103,"date":"2025-06-23T09:52:26","date_gmt":"2025-06-23T07:52:26","guid":{"rendered":"https:\/\/blackviewphones.com\/?post_type=product&#038;p=8103"},"modified":"2026-04-22T10:56:33","modified_gmt":"2026-04-22T08:56:33","slug":"blackview-w80-pro-smartwatch","status":"publish","type":"product","link":"https:\/\/blackviewphones.com\/de\/product\/blackview-w80-pro-smartwatch\/","title":{"rendered":"Blackview W80 Pro \u2013 Smartwatch"},"content":{"rendered":"<h1>Blackview W80 Pro \u2013 SMARTWACTH<\/h1>\n<p>Die W80 Pro Smartwatch ist nicht nur ein Accessoire; sie ist Ihr pers\u00f6nlicher Assistent, Fitnesstrainer und t\u00e4glicher Begleiter. Dank ihres raffinierten Designs und der fortschrittlichen Funktionen bleiben Sie m\u00fchelos in Verbindung und gesund. Die Blackview W80 Pro bietet eine verst\u00e4rkte Glasoberfl\u00e4che, die St\u00f6\u00dfen und Abrieb widersteht und zudem \u00fcber eine Taschenlampe verf\u00fcgt. Das flexible Silikonarmband sorgt f\u00fcr m\u00fchelosen Tragekomfort. Dank des kristallklaren 1,91-Zoll-Displays mit 1000 Nit genie\u00dfen Sie perfekte visuelle Interaktion und k\u00f6nnen Anrufbenachrichtigungen oder Erinnerungen einsehen. Der 900-mAh-Akku versorgt Sie mit Strom.<\/p>\n<p><strong>Ideal f\u00fcr Sportler und aktive Menschen<\/strong><\/p>\n<p>Zeichne deine Trainingseinheiten mit \u00fcber 100 Sportmodi auf. Ob Laufen, Radfahren, Schwimmen oder Yoga \u2013 die W80 Pro misst deine Leistung pr\u00e4zise. Dank IP68-Wasserbest\u00e4ndigkeit ist sie unter allen Bedingungen robust.<\/p>\n<p><strong>Langlebiger Akku<\/strong><\/p>\n<p>Mit bis zu 15 Tagen Dauerbetrieb und bis zu 60 Tagen Standby-Betrieb k\u00f6nnen Sie das t\u00e4gliche Aufladen vergessen. Genie\u00dfen Sie die \u00fcberragende Akkulaufzeit, damit Sie nichts aufhalten kann.<\/p>","protected":false},"excerpt":{"rendered":"<p>19,1-Zoll-Bildschirm<\/p>\n<p>1000 Nits<\/p>\n<p>55,65*46,80*13,70 mm<\/p>\n<p>36 Gramm | 900 mAh<\/p>\n<p>Sportmodus<\/p>\n<p>Bluetooth-Anrufe und Nachrichtenbenachrichtigungen<\/p>\n<p>Sprachassistent + Musiksteuerung<\/p>\n<p>Telefonortungsfunktion<\/p>","protected":false},"featured_media":13202,"comment_status":"open","ping_status":"closed","template":"","meta":{"_acf_changed":false},"product_brand":[],"product_cat":[154,159,90],"product_tag":[],"class_list":{"0":"post-8103","1":"product","2":"type-product","3":"status-publish","4":"has-post-thumbnail","6":"product_cat-accesorios-blackview","7":"product_cat-ofertas","8":"product_cat-smartwatch","10":"first","11":"instock","12":"sale","13":"shipping-taxable","14":"purchasable","15":"product-type-variable","16":"has-default-attributes"},"acf":[],"_links":{"self":[{"href":"https:\/\/blackviewphones.com\/de\/wp-json\/wp\/v2\/product\/8103","targetHints":{"allow":["GET"]}}],"collection":[{"href":"https:\/\/blackviewphones.com\/de\/wp-json\/wp\/v2\/product"}],"about":[{"href":"https:\/\/blackviewphones.com\/de\/wp-json\/wp\/v2\/types\/product"}],"replies":[{"embeddable":true,"href":"https:\/\/blackviewphones.com\/de\/wp-json\/wp\/v2\/comments?post=8103"}],"version-history":[{"count":0,"href":"https:\/\/blackviewphones.com\/de\/wp-json\/wp\/v2\/product\/8103\/revisions"}],"wp:featuredmedia":[{"embeddable":true,"href":"https:\/\/blackviewphones.com\/de\/wp-json\/wp\/v2\/media\/13202"}],"wp:attachment":[{"href":"https:\/\/blackviewphones.com\/de\/wp-json\/wp\/v2\/media?parent=8103"}],"wp:term":[{"taxonomy":"product_brand","embeddable":true,"href":"https:\/\/blackviewphones.com\/de\/wp-json\/wp\/v2\/product_brand?post=8103"},{"taxonomy":"product_cat","embeddable":true,"href":"https:\/\/blackviewphones.com\/de\/wp-json\/wp\/v2\/product_cat?post=8103"},{"taxonomy":"product_tag","embeddable":true,"href":"https:\/\/blackviewphones.com\/de\/wp-json\/wp\/v2\/product_tag?post=8103"}],"curies":[{"name":"wp","href":"https:\/\/api.w.org\/{rel}","templated":true}]}}