

{"id":8090,"date":"2025-06-20T13:23:23","date_gmt":"2025-06-20T11:23:23","guid":{"rendered":"https:\/\/blackviewphones.com\/?post_type=product&#038;p=8090"},"modified":"2026-04-29T09:34:11","modified_gmt":"2026-04-29T07:34:11","slug":"blackview-r30-max-smartwatch-led-taschenlampe","status":"publish","type":"product","link":"https:\/\/blackviewphones.com\/de\/product\/blackview-r30-max-smartwatch-led-flashlight\/","title":{"rendered":"Blackview R30 Max \u2013 Smartwatch mit LED-Taschenlampe"},"content":{"rendered":"<h1>Blackview R30 Max \u2013 Smartwatch mit LED-Taschenlampe<\/h1>\n<p>Te invitamos a conocer el nuevo Smartwatch de Blackview, el Blackview R30 Max que te permite controlar la salud, carga r\u00e1pida y con gran bater\u00eda. Viene incorporado con una pulsera de silicona flexible para una comodidad. Cuenta con una pantalla de 1,91\u2033 Inch TFT Screen de gran nitidez, disfrutar\u00e1s de una interacci\u00f3n visual perfecta para visualizar tus notificaciones de llamadas o recordatorios con una bater\u00eda de 450 mAh.<\/p>\n<h2>Beantworten Sie schnell Anrufe, erhalten Sie Benachrichtigungen und sehen Sie sich Erinnerungen an<\/h2>\n<p>Diese Smartwatch verf\u00fcgt \u00fcber intelligentes Bluetooth, das die einfache Kopplung mit Ihrem Ger\u00e4t erm\u00f6glicht. Sie k\u00f6nnen Anrufe beim Sport oder bei der Hausarbeit annehmen und ignorieren. Sie synchronisiert au\u00dferdem Telefonbenachrichtigungen, SMS-Benachrichtigungen und wichtige Nachrichten w\u00e4hrend Ihrer Aktivit\u00e4ten.<\/p>\n<h2>\u00dcberwachen Sie Ihre Herzfrequenz und Ihren Blutsauerstoffgehalt mit Ihrer Smartwatch.<\/h2>\n<p>Mit Ihrem R30 Max k\u00f6nnen Sie Ihr Training in Echtzeit \u00fcberwachen und einen gesunden Rhythmus beibehalten. Ver\u00e4nderungen des Blutsauerstoffgehalts helfen Ihnen, Ihren K\u00f6rper und gesunde Bewegungen besser zu verstehen.<\/p>\n<h2>\u00dcberwachen Sie Ihren Schlafzustand und beurteilen Sie seine Qualit\u00e4t<\/h2>\n<p>Der Wecker hilft Ihnen, gute Ruhe- und Entspannungsgewohnheiten zu entwickeln. Ein erholsamer Schlaf ist ohne den regelm\u00e4\u00dfigen Weckruf des Weckers unm\u00f6glich. Er \u00fcberwacht auch Ihren emotionalen Stress, sodass eine stabile Stimmung Freude bereitet und einen erholsamen Schlaf gew\u00e4hrleistet. Er verf\u00fcgt au\u00dferdem \u00fcber einen emotionalen Stressmonitor, der f\u00fcr gute Laune sorgt und die Schlafqualit\u00e4t verbessert.<\/p>","protected":false},"excerpt":{"rendered":"<p>1,91-Zoll-Bildschirm<\/p>\n<p>\u03c646,6*37,7*11,9 mm<\/p>\n<p>54,56 Gramm | 450 mAh<\/p>\n<p>Sportmodus<\/p>\n<p>Anrufe und Benachrichtigungen<br \/>\nSauerstoff- + Herzschlag- + Schlaf- + Stressmonitor<br \/>\n<strong>Kompatibel mit iOS und Android.<\/strong><\/p>\n<div id=\"gtx-trans\" style=\"position: absolute; left: -15px; top: -10px;\">\n<div class=\"gtx-trans-icon\"><\/div>\n<\/div>","protected":false},"featured_media":8098,"comment_status":"open","ping_status":"closed","template":"","meta":{"_acf_changed":false},"product_brand":[],"product_cat":[154,159,90],"product_tag":[],"class_list":{"0":"post-8090","1":"product","2":"type-product","3":"status-publish","4":"has-post-thumbnail","6":"product_cat-accesorios-blackview","7":"product_cat-ofertas","8":"product_cat-smartwatch","10":"first","11":"instock","12":"sale","13":"shipping-taxable","14":"purchasable","15":"product-type-variable"},"acf":[],"_links":{"self":[{"href":"https:\/\/blackviewphones.com\/de\/wp-json\/wp\/v2\/product\/8090","targetHints":{"allow":["GET"]}}],"collection":[{"href":"https:\/\/blackviewphones.com\/de\/wp-json\/wp\/v2\/product"}],"about":[{"href":"https:\/\/blackviewphones.com\/de\/wp-json\/wp\/v2\/types\/product"}],"replies":[{"embeddable":true,"href":"https:\/\/blackviewphones.com\/de\/wp-json\/wp\/v2\/comments?post=8090"}],"version-history":[{"count":0,"href":"https:\/\/blackviewphones.com\/de\/wp-json\/wp\/v2\/product\/8090\/revisions"}],"wp:featuredmedia":[{"embeddable":true,"href":"https:\/\/blackviewphones.com\/de\/wp-json\/wp\/v2\/media\/8098"}],"wp:attachment":[{"href":"https:\/\/blackviewphones.com\/de\/wp-json\/wp\/v2\/media?parent=8090"}],"wp:term":[{"taxonomy":"product_brand","embeddable":true,"href":"https:\/\/blackviewphones.com\/de\/wp-json\/wp\/v2\/product_brand?post=8090"},{"taxonomy":"product_cat","embeddable":true,"href":"https:\/\/blackviewphones.com\/de\/wp-json\/wp\/v2\/product_cat?post=8090"},{"taxonomy":"product_tag","embeddable":true,"href":"https:\/\/blackviewphones.com\/de\/wp-json\/wp\/v2\/product_tag?post=8090"}],"curies":[{"name":"wp","href":"https:\/\/api.w.org\/{rel}","templated":true}]}}