

{"id":7642,"date":"2025-05-20T11:11:18","date_gmt":"2025-05-20T09:11:18","guid":{"rendered":"https:\/\/blackviewphones.com\/?post_type=product&#038;p=7642"},"modified":"2026-03-26T16:47:48","modified_gmt":"2026-03-26T15:47:48","slug":"blackview-mp60-mini-pc-n150-16-gb-ram-512-gb-rom","status":"publish","type":"product","link":"https:\/\/blackviewphones.com\/de\/product\/blackview-mp60-mini-pc-n150-16-gb-ram-512gb-rom\/","title":{"rendered":"Blackview MP60 Mini-PC N150 | 16 GB RAM, 512 GB\/1 TB ROM"},"content":{"rendered":"<h1>Blackview MP60 Mini-PC N150 | 16 GB RAM, 512 GB\/1 TB ROM<\/h1>\n<p>Der Blackview MP60 Mini-PC ist ein leistungsstarker und kompakter Computer, der au\u00dfergew\u00f6hnliche Leistung bei geringer Gr\u00f6\u00dfe bietet. Mit beeindruckenden Funktionen und einem eleganten Design ist dieser Mini-PC ideal f\u00fcr Benutzer, die eine tragbare und effiziente Computerl\u00f6sung ben\u00f6tigen. Neben seinem eleganten Design \u00fcberzeugt dieser Mini-PC auch durch seine Energieeffizienz. Durch den geringen Energieverbrauch tr\u00e4gt es zur Reduzierung Ihres CO2-Fu\u00dfabdrucks bei und spart auf lange Sicht Stromkosten.<\/p>\n<div>\n<h2><strong><span style=\"font-size: 16px;\">Warum sollten Sie sich f\u00fcr den MP60 Mini-PC entscheiden?<\/span><\/strong><\/h2>\n<\/div>\n<p>Blackview MP60 widmet die CPU thermischen L\u00f6sungen mit einem neu entwickelten K\u00fchll\u00fcfter und einem gro\u00dfen Fenster, um maximale Leistung zu gew\u00e4hrleisten. Mit einer L\u00fcftergeschwindigkeit von 5600 U\/min und einer W\u00e4rmeableitungsfl\u00e4che von 25.500 mm2 h\u00e4lt der L\u00fcfter den MP60-Host immer bei 95\u00baF. Ein effizienter K\u00fchll\u00fcfter macht Ihr System effizienter und verl\u00e4ngert die Lebensdauer Ihrer CPU.<\/p>\n<h2><strong>WICHTIG:<\/strong><\/h2>\n<p>Auf diesem Mini-PC ist Windows 11 Student vorinstalliert. Wenn Sie \u00fcber ein Konto verf\u00fcgen, geben Sie es bitte ein, wenn Sie vom Programm dazu aufgefordert werden. Wenn Sie kein Studentenkonto haben, empfehlen wir Ihnen, die Einstellungen MIT ABGEZOGENEM ETHERNET-KABEL zu starten, um eine Neuformatierung oder Neuinstallation von Windows zu vermeiden, damit Sie eine lokale Kontoinstallation durchf\u00fchren k\u00f6nnen.<br \/>\nAndernfalls m\u00fcssen Sie das Windows Ihrer Wahl neu installieren, das Sie von der Microsoft-Website herunterladen k\u00f6nnen (und Sie ben\u00f6tigen m\u00f6glicherweise die generischen Treiber). Um das BIOS aufzurufen, verwenden Sie w\u00e4hrend des Bootvorgangs die ENTF-Taste.<\/p>","protected":false},"excerpt":{"rendered":"<p><strong>16 GB + 1 TB ROM (bis zu 2 TB)<\/strong><\/p>\n<p>Intel Twin Lake N150<\/p>\n<p>Intel UHD 4K-Grafik<\/p>\n<p>Windows 11 Pro vorinstalliert<\/p>\n<p>Abmessungen 128*128*52 mm<\/p>","protected":false},"featured_media":7648,"comment_status":"closed","ping_status":"closed","template":"","meta":{"_acf_changed":false},"product_brand":[287],"product_cat":[349],"product_tag":[],"class_list":{"0":"post-7642","1":"product","2":"type-product","3":"status-publish","4":"has-post-thumbnail","6":"product_brand-blackview","7":"product_cat-sin-categoria","9":"first","10":"outofstock","11":"sale","12":"shipping-taxable","13":"purchasable","14":"product-type-variable","15":"has-default-attributes"},"acf":[],"_links":{"self":[{"href":"https:\/\/blackviewphones.com\/de\/wp-json\/wp\/v2\/product\/7642","targetHints":{"allow":["GET"]}}],"collection":[{"href":"https:\/\/blackviewphones.com\/de\/wp-json\/wp\/v2\/product"}],"about":[{"href":"https:\/\/blackviewphones.com\/de\/wp-json\/wp\/v2\/types\/product"}],"replies":[{"embeddable":true,"href":"https:\/\/blackviewphones.com\/de\/wp-json\/wp\/v2\/comments?post=7642"}],"version-history":[{"count":0,"href":"https:\/\/blackviewphones.com\/de\/wp-json\/wp\/v2\/product\/7642\/revisions"}],"wp:featuredmedia":[{"embeddable":true,"href":"https:\/\/blackviewphones.com\/de\/wp-json\/wp\/v2\/media\/7648"}],"wp:attachment":[{"href":"https:\/\/blackviewphones.com\/de\/wp-json\/wp\/v2\/media?parent=7642"}],"wp:term":[{"taxonomy":"product_brand","embeddable":true,"href":"https:\/\/blackviewphones.com\/de\/wp-json\/wp\/v2\/product_brand?post=7642"},{"taxonomy":"product_cat","embeddable":true,"href":"https:\/\/blackviewphones.com\/de\/wp-json\/wp\/v2\/product_cat?post=7642"},{"taxonomy":"product_tag","embeddable":true,"href":"https:\/\/blackviewphones.com\/de\/wp-json\/wp\/v2\/product_tag?post=7642"}],"curies":[{"name":"wp","href":"https:\/\/api.w.org\/{rel}","templated":true}]}}