

{"id":7636,"date":"2025-05-19T16:38:07","date_gmt":"2025-05-19T14:38:07","guid":{"rendered":"https:\/\/blackviewphones.com\/?post_type=product&#038;p=7636"},"modified":"2026-05-04T10:25:02","modified_gmt":"2026-05-04T08:25:02","slug":"blackview-color-6-24-gb-ram-256-gb-rom","status":"publish","type":"product","link":"https:\/\/blackviewphones.com\/de\/product\/blackview-color-6-24gb-ram-256gb-rom\/","title":{"rendered":"Blackview COLOR 6 | 24 GB RAM, 128 GB\/256 GB ROM"},"content":{"rendered":"<h1>Blackview COLOR 6 | 24 GB RAM, 128 GB\/256 GB ROM<\/h1>\n<p>Das neue\u00a0<strong>Blackview COLOR 6<\/strong>, ist das Blackview-Mobiltelefon mit einem erschwinglichen, eleganten und praktischen Preis. Es hat einen Prozessor\u00a0<strong>MediaTek Helio G81<\/strong>, mit einer 50 Mpx Hauptkamera, einem Bildschirm von\u00a0<strong>6,67 Zoll\u00a0<\/strong>und ein geringes Gewicht von<strong>\u00a0199,4 gr<\/strong>. Dar\u00fcber hinaus verf\u00fcgt es \u00fcber eine Batterie von\u00a0<strong>5000 mAh\u00a0<\/strong>und alles in einem Betriebssystem\u00a0<strong>Android 15<\/strong>. Es ist ein modernes Mobiltelefon mit guten Funktionen, mit seinem<strong> 8 GB RAM, praktisch erweiterbar auf 24 GB<\/strong>\u00a0und die<strong>\u00a0256 GB\u00a0<\/strong>interner Speicher<strong>\u00a0ROM<\/strong>.<\/p>","protected":false},"excerpt":{"rendered":"<p data-start=\"183\" data-end=\"494\">Er <strong data-start=\"186\" data-end=\"207\">Blackview COLOR 6<\/strong> Es besticht durch sein elegantes und stilvolles Design und ist f\u00fcr all jene konzipiert, die Leistung und Stil in einem einzigen Ger\u00e4t suchen. Es beinhaltet den Prozessor <strong data-start=\"347\" data-end=\"369\">MediaTek Helio G81<\/strong>, begleitet von 8 GB RAM, erweiterbar auf bis zu 24 GB (8 GB + 16 GB virtuell), was auch bei anspruchsvollem Multitasking f\u00fcr fl\u00fcssiges Arbeiten sorgt.<\/p>\n<p data-start=\"496\" data-end=\"883\">Erh\u00e4ltlich mit 128 GB oder 256 GB Speicher bietet es mehr als genug Platz f\u00fcr Ihre Apps, Fotos und Dateien. Sein 6,67-Zoll-Display sorgt f\u00fcr ein beeindruckendes Seherlebnis, w\u00e4hrend der 5000-mAh-Akku f\u00fcr ganzt\u00e4gige Laufzeit sorgt. Mit Android 15 und einer 50-MP-Hauptkamera erfasst das COLOR 6 jedes Detail gestochen scharf \u2013 und das in einem leichten Geh\u00e4use von nur 199,4 g.<\/p>","protected":false},"featured_media":13039,"comment_status":"closed","ping_status":"closed","template":"","meta":{"_acf_changed":false},"product_brand":[287],"product_cat":[42,327,159],"product_tag":[],"class_list":{"0":"post-7636","1":"product","2":"type-product","3":"status-publish","4":"has-post-thumbnail","6":"product_brand-blackview","7":"product_cat-moviles-blackview","8":"product_cat-moviles-inteligentes-blackview","9":"product_cat-ofertas","11":"first","12":"instock","13":"sale","14":"shipping-taxable","15":"purchasable","16":"product-type-variable","17":"has-default-attributes"},"acf":[],"_links":{"self":[{"href":"https:\/\/blackviewphones.com\/de\/wp-json\/wp\/v2\/product\/7636","targetHints":{"allow":["GET"]}}],"collection":[{"href":"https:\/\/blackviewphones.com\/de\/wp-json\/wp\/v2\/product"}],"about":[{"href":"https:\/\/blackviewphones.com\/de\/wp-json\/wp\/v2\/types\/product"}],"replies":[{"embeddable":true,"href":"https:\/\/blackviewphones.com\/de\/wp-json\/wp\/v2\/comments?post=7636"}],"version-history":[{"count":0,"href":"https:\/\/blackviewphones.com\/de\/wp-json\/wp\/v2\/product\/7636\/revisions"}],"wp:featuredmedia":[{"embeddable":true,"href":"https:\/\/blackviewphones.com\/de\/wp-json\/wp\/v2\/media\/13039"}],"wp:attachment":[{"href":"https:\/\/blackviewphones.com\/de\/wp-json\/wp\/v2\/media?parent=7636"}],"wp:term":[{"taxonomy":"product_brand","embeddable":true,"href":"https:\/\/blackviewphones.com\/de\/wp-json\/wp\/v2\/product_brand?post=7636"},{"taxonomy":"product_cat","embeddable":true,"href":"https:\/\/blackviewphones.com\/de\/wp-json\/wp\/v2\/product_cat?post=7636"},{"taxonomy":"product_tag","embeddable":true,"href":"https:\/\/blackviewphones.com\/de\/wp-json\/wp\/v2\/product_tag?post=7636"}],"curies":[{"name":"wp","href":"https:\/\/api.w.org\/{rel}","templated":true}]}}