

{"id":7273,"date":"2025-04-23T13:58:47","date_gmt":"2025-04-23T11:58:47","guid":{"rendered":"https:\/\/blackviewphones.com\/?post_type=product&#038;p=7273"},"modified":"2026-02-04T15:00:39","modified_gmt":"2026-02-04T14:00:39","slug":"blackview-airbuds-9","status":"publish","type":"product","link":"https:\/\/blackviewphones.com\/de\/product\/blackview-airbuds-9\/","title":{"rendered":"Blackview Airbuds 9 \u2013 Bluetooth 5.4 Kopfh\u00f6rer"},"content":{"rendered":"<h1>Blackview Airbuds 9 \u2013 Bluetooth 5.4 Kopfh\u00f6rer<\/h1>\n<p>Die AirBuds 9 zeichnen sich durch ihre leichte und kompakte Bauweise aus. Sie sitzen perfekt im Ohr und sorgen f\u00fcr Stabilit\u00e4t auch bei intensivem Training oder aktiven Tagen. Ihr ergonomisches Design erm\u00f6glicht eine stundenlange Nutzung ohne Beschwerden. Genie\u00dfen Sie die volle Kompatibilit\u00e4t mit Ihren Lieblingsger\u00e4ten. Egal, ob Sie Android oder iPhone verwenden, AirBuds 9 stellen in Sekundenschnelle eine Verbindung her und bieten ein personalisiertes Erlebnis direkt \u00fcber die App.<\/p>\n<p>Ausgestattet mit hochpr\u00e4zisen dynamischen Treibern und PNC-Technologie liefern die AirBuds 9 einen klaren, ausgewogenen Klang mit tiefen B\u00e4ssen. Jede Note, jeder Rhythmus und jeder Ruf ist mit atemberaubender Klarheit zu h\u00f6ren. Genie\u00dfen Sie Ihre Lieblingsmusik in professioneller Qualit\u00e4t, wo immer Sie sind.<\/p>\n<h2><span style=\"font-size: 28px; font-weight: 600;\">Eigenschaften <\/span>Blackview Airbuds 9 \u2013 Bluetooth-Kopfh\u00f6rer<\/h2>\n<table>\n<tbody>\n<tr>\n<td><strong>Allgemeine Funktionen<\/strong><\/td>\n<td><\/td>\n<\/tr>\n<tr>\n<td>Anschlussbereich:<\/td>\n<td>&gt;10 m<\/td>\n<\/tr>\n<tr>\n<td>Gewicht:<\/td>\n<td>Kopfh\u00f6rer: 2,83 g | Ladecase: 30,36 g<\/td>\n<\/tr>\n<tr>\n<td>Treiber:<\/td>\n<td>\u03a6 6 mm dynamischer Treiber<\/td>\n<\/tr>\n<tr>\n<td>Bluetooth:<\/td>\n<td>5.4<\/td>\n<\/tr>\n<tr>\n<td>Ger\u00e4uschreduzierung:<\/td>\n<td>Ja<\/td>\n<\/tr>\n<tr>\n<td>Frequenzgangbereich:<\/td>\n<td>20-20 kHz<\/td>\n<\/tr>\n<tr>\n<td>Batterie:<\/td>\n<td>Ohrh\u00f6rer: 30 mAh | Ladeetui: 400 mAh<\/td>\n<\/tr>\n<tr>\n<td>Ladezeit:<\/p>\n<p>Verladehafen:<\/td>\n<td>1 Std. 30 Min. (Ohrh\u00f6rer) \/ 1 Std. 75 Min. (Ladeetui)<\/p>\n<p>USB Typ-C<\/td>\n<\/tr>\n<tr>\n<td>Packungsinhalt:<\/td>\n<td>Airbuds 9<br \/>\nFrachtbox<br \/>\nLadekabel Typ C<br \/>\nBenutzerhandbuch<\/td>\n<\/tr>\n<\/tbody>\n<\/table>\n<h3>Airbuds 9-Benutzerhandbuch:<\/h3>\n<ul>\n<li>Eine Ber\u00fchrung: Lautst\u00e4rke \u2013 (linker Ohrh\u00f6rer) | Lautst\u00e4rke + (rechter Ohrh\u00f6rer)<\/li>\n<li>Doppeltippen: Pause (linker Ohrh\u00f6rer) | Abspielen (rechter Kopfh\u00f6rer) | Anrufe (Anrufe annehmen\/beenden)<\/li>\n<li>Dreimal dr\u00fccken: Vorheriger Song (linker Ohrh\u00f6rer) | N\u00e4chstes Lied (rechter Kopfh\u00f6rer)<\/li>\n<li>Langes Dr\u00fccken: Anrufe ablehnen<\/li>\n<li>Viermal dr\u00fccken: Schlafmodus<\/li>\n<\/ul>\n<p>\u00a0<\/p>","protected":false},"excerpt":{"rendered":"<p>Ergonomische Airbuds<\/p>\n<p>Gewicht: Kopfh\u00f6rer \u2013 2,83 g| Ladebox \u2013 30,36 g<\/p>\n<p>Treiber: \u03a6 6 mm<\/p>\n<p>Bluetooth: 5.4<\/p>\n<p>Ger\u00e4uschreduzierung: Ja<\/p>\n<p>Ladeetui: 400 mAh<\/p>","protected":false},"featured_media":7275,"comment_status":"closed","ping_status":"closed","template":"","meta":{"_acf_changed":false},"product_brand":[],"product_cat":[154,156,159],"product_tag":[],"class_list":{"0":"post-7273","1":"product","2":"type-product","3":"status-publish","4":"has-post-thumbnail","6":"product_cat-accesorios-blackview","7":"product_cat-accesorios-blackview-auriculares","8":"product_cat-ofertas","10":"first","11":"outofstock","12":"sale","13":"shipping-taxable","14":"purchasable","15":"product-type-variable","16":"has-default-attributes"},"acf":[],"_links":{"self":[{"href":"https:\/\/blackviewphones.com\/de\/wp-json\/wp\/v2\/product\/7273","targetHints":{"allow":["GET"]}}],"collection":[{"href":"https:\/\/blackviewphones.com\/de\/wp-json\/wp\/v2\/product"}],"about":[{"href":"https:\/\/blackviewphones.com\/de\/wp-json\/wp\/v2\/types\/product"}],"replies":[{"embeddable":true,"href":"https:\/\/blackviewphones.com\/de\/wp-json\/wp\/v2\/comments?post=7273"}],"version-history":[{"count":0,"href":"https:\/\/blackviewphones.com\/de\/wp-json\/wp\/v2\/product\/7273\/revisions"}],"wp:featuredmedia":[{"embeddable":true,"href":"https:\/\/blackviewphones.com\/de\/wp-json\/wp\/v2\/media\/7275"}],"wp:attachment":[{"href":"https:\/\/blackviewphones.com\/de\/wp-json\/wp\/v2\/media?parent=7273"}],"wp:term":[{"taxonomy":"product_brand","embeddable":true,"href":"https:\/\/blackviewphones.com\/de\/wp-json\/wp\/v2\/product_brand?post=7273"},{"taxonomy":"product_cat","embeddable":true,"href":"https:\/\/blackviewphones.com\/de\/wp-json\/wp\/v2\/product_cat?post=7273"},{"taxonomy":"product_tag","embeddable":true,"href":"https:\/\/blackviewphones.com\/de\/wp-json\/wp\/v2\/product_tag?post=7273"}],"curies":[{"name":"wp","href":"https:\/\/api.w.org\/{rel}","templated":true}]}}