

{"id":7156,"date":"2025-04-08T10:54:43","date_gmt":"2025-04-08T08:54:43","guid":{"rendered":"https:\/\/blackviewphones.com\/?post_type=product&#038;p=7156"},"modified":"2026-04-17T13:04:34","modified_gmt":"2026-04-17T11:04:34","slug":"tablet-blackview-tab-80-kinder-12-gb-ram-64-gb-rom","status":"publish","type":"product","link":"https:\/\/blackviewphones.com\/de\/product\/tablet-blackview-tab-80-kids-12gb-ram-64-gb-rom\/","title":{"rendered":"Blackview Tab 80 Kinder-Tablet | 12 GB RAM 64 GB ROM"},"content":{"rendered":"<h1>Blackview Tab 80 Kinder-Tablet | 12 GB (4 GB + 8 GB) RAM 64 GB ROM<\/h1>\n<p>Wir pr\u00e4sentieren Ihnen das neue<strong> Tablet Tab 80 Kinder <\/strong>der Marke <strong>Blackview<\/strong>, elegant, d\u00fcnn (7,5 mm) und lebendig. Es f\u00fchlt sich edel an und hat ein mattes Finish. Es bietet Ihnen mit seinem Akku eine gute Laufzeit <strong>7680 mAh,<\/strong> Gewicht <strong>484 Gramm<\/strong> und das Betriebssystem <strong>Android 14.<\/strong><\/p>\n<p>Es hat auch<strong> 4 GB RAM, erweiterbar auf 12 GB<\/strong> und die <strong>64 GB ROM<\/strong> und mit Speicherkarte auf bis zu 1 TB erweiterbar. Ein ideales Tablet f\u00fcr die Kleinen, mit einem 10,1-Zoll-Bildschirm, beinhaltet es ein <strong>EVA-Koffer<\/strong> bietet besseren Schutz.<\/p>\n<h2><strong>Kreativit\u00e4t f\u00fcr Kinder<\/strong><\/h2>\n<p>Tab 80 Kids ist von Grund auf und von der Hardware bis zur Software gut konzipiert und stellt ein langlebiges, sicheres und anspruchsvolles, aber dennoch einfaches Werkzeug f\u00fcr Kinder und Eltern dar, das Ihre Kinder in eine magische Welt des Lernens und der Unterhaltung entf\u00fchrt.<\/p>\n<h2><strong>Leicht zu tragendes Tablet f\u00fcr Kinder<\/strong><\/h2>\n<p>Das Tab 80 Kids hat ein 7,5 mm d\u00fcnnes Geh\u00e4use, das sich wie Papier anf\u00fchlt, leicht und beweglich ist. Seine flachen Kanten und abgerundeten Ecken zeugen von einer fortschrittlichen technologischen \u00c4sthetik. Ob in den kleinen H\u00e4nden eines Kindes gehalten oder auf einem Schreibtisch platziert, es ist wie ein zartes und doch multifunktionales Kunstwerk.<\/p>\n<h2><strong>Kostenlose EVA-Schutzh\u00fclle<\/strong><\/h2>\n<p>Kinder k\u00f6nnen das Tablet versehentlich fallen lassen, aber das Blackview Tab 80 Kids wird mit einer eigenen Schutzh\u00fclle aus weichem EVA-Material geliefert, die Sch\u00e4den beim Herunterfallen des Tablets erheblich reduziert. Gleichzeitig m\u00fcssen die Kinder durch das geringe Gewicht weder zus\u00e4tzliches Gewicht tragen noch entstehen ihnen zus\u00e4tzliche Kosten, w\u00e4hrend sie gleichzeitig zus\u00e4tzlichen Schutz genie\u00dfen.<\/p>","protected":false},"excerpt":{"rendered":"<p>Kinder-Tablet (unterst\u00fctzt SIM-Karte)<br \/>\nUnisoc Tiger T606<br \/>\nKompatibel mit Wideline L1<br \/>\nAndroid 14<br \/>\n6580 mAh<br \/>\n241*156*7,5 mm<br \/>\nGewicht 484 g | 10,1-Zoll-Bildschirm<br \/>\n4 GB + 8 GB RAM 64 GB ROM<\/p>\n<div id=\"gtx-trans\" style=\"position: absolute; left: 536px; top: 182px;\">\n<div class=\"gtx-trans-icon\"><\/div>\n<\/div>","protected":false},"featured_media":12386,"comment_status":"open","ping_status":"closed","template":"","meta":{"_acf_changed":false},"product_brand":[287],"product_cat":[349],"product_tag":[299],"class_list":{"0":"post-7156","1":"product","2":"type-product","3":"status-publish","4":"has-post-thumbnail","6":"product_brand-blackview","7":"product_cat-sin-categoria","8":"product_tag-kids","10":"first","11":"instock","12":"sale","13":"shipping-taxable","14":"purchasable","15":"product-type-variable","16":"has-default-attributes"},"acf":[],"_links":{"self":[{"href":"https:\/\/blackviewphones.com\/de\/wp-json\/wp\/v2\/product\/7156","targetHints":{"allow":["GET"]}}],"collection":[{"href":"https:\/\/blackviewphones.com\/de\/wp-json\/wp\/v2\/product"}],"about":[{"href":"https:\/\/blackviewphones.com\/de\/wp-json\/wp\/v2\/types\/product"}],"replies":[{"embeddable":true,"href":"https:\/\/blackviewphones.com\/de\/wp-json\/wp\/v2\/comments?post=7156"}],"version-history":[{"count":0,"href":"https:\/\/blackviewphones.com\/de\/wp-json\/wp\/v2\/product\/7156\/revisions"}],"wp:featuredmedia":[{"embeddable":true,"href":"https:\/\/blackviewphones.com\/de\/wp-json\/wp\/v2\/media\/12386"}],"wp:attachment":[{"href":"https:\/\/blackviewphones.com\/de\/wp-json\/wp\/v2\/media?parent=7156"}],"wp:term":[{"taxonomy":"product_brand","embeddable":true,"href":"https:\/\/blackviewphones.com\/de\/wp-json\/wp\/v2\/product_brand?post=7156"},{"taxonomy":"product_cat","embeddable":true,"href":"https:\/\/blackviewphones.com\/de\/wp-json\/wp\/v2\/product_cat?post=7156"},{"taxonomy":"product_tag","embeddable":true,"href":"https:\/\/blackviewphones.com\/de\/wp-json\/wp\/v2\/product_tag?post=7156"}],"curies":[{"name":"wp","href":"https:\/\/api.w.org\/{rel}","templated":true}]}}