

{"id":7139,"date":"2025-04-07T17:08:11","date_gmt":"2025-04-07T15:08:11","guid":{"rendered":"https:\/\/blackviewphones.com\/?post_type=product&#038;p=7139"},"modified":"2026-04-30T10:21:26","modified_gmt":"2026-04-30T08:21:26","slug":"tablet-blackview-tab-a6-kinder-12-gb-ram-128-gb-rom","status":"publish","type":"product","link":"https:\/\/blackviewphones.com\/de\/product\/tablet-blackview-tab-a6-kids-12gb-ram-128gb-rom\/","title":{"rendered":"Blackview Tab A6 Kinder-Tablet | 12 GB RAM 128 GB ROM"},"content":{"rendered":"<h1>Blackview Tab A6 Kinder-Tablet | 12 GB RAM 128 GB ROM<\/h1>\n<p>Der <strong>Tab A6 Kinder<\/strong> Es ist der perfekte, preisg\u00fcnstige Begleiter f\u00fcr Kinder auf ihrer Lern- und Spielreise. Mit seinen lehrreichen und unterhaltsamen Inhalten regt dieses Tablet die Neugier und Kreativit\u00e4t kleiner Entdecker an. Dar\u00fcber hinaus \u00fcberzeugt es durch sein robustes Design dank des EVA-Geh\u00e4uses, seinen 10,1-Zoll-Bildschirm und seine Kompatibilit\u00e4t mit \u2026 <em>Wideline L1<\/em> und die Funktionen von <strong>Kindersicherung<\/strong> Advanced gibt Eltern Sicherheit. Es hat auch <strong>Augenschutzmodus<\/strong>, Sicherheit und einem 5100 mAh-Akku bietet das Tab A6 Kids ein sicheres, spannendes und lehrreiches Erlebnis f\u00fcr Kinder.<\/p>\n<h2><span style=\"font-size: 16px;\">Lehrreiche und unterhaltsame Inhalte:<\/span><\/h2>\n<p>Das Tab A6 Kids ist mit einer gro\u00dfen Auswahl an lehrreichen und unterhaltsamen Inhalten ausgestattet. Von interaktiven Apps und Lernspielen bis hin zu digitalen B\u00fcchern und Videos k\u00f6nnen Ihre Kinder lernen und gleichzeitig Spa\u00df haben.<\/p>\n<h4>Erweiterte Kindersicherung:<\/h4>\n<p>Mit den Kindersicherungsfunktionen des Tab A6 Kids k\u00f6nnen Sie Nutzungsbeschr\u00e4nkungen festlegen, unangemessene Inhalte filtern und die Online-Aktivit\u00e4ten Ihrer Kinder \u00fcberwachen. Sorgen Sie f\u00fcr eine sichere, altersgerechte Umgebung, w\u00e4hrend Ihr Kind die digitale Welt erkundet.<\/p>\n<p><strong>Dieses Tablet ist nicht IP68-zertifiziert und NICHT unzerbrechlich.\u00a0\u00a0<\/strong><\/p>\n<p><strong>Tastatur ist nicht im Lieferumfang enthalten.<\/strong><\/p>","protected":false},"excerpt":{"rendered":"<p>Kinder-Tablet (nur WLAN)<br \/>\nAllwinner A523<br \/>\nAndroid 14 | 5100 mAh<br \/>\n242,7*162,5*8,5 mm<br \/>\nGewicht 546 g | 10,1-Zoll-Bildschirm<br \/>\n4 GB + 8 GB RAM 128 GB ROM<\/p>","protected":false},"featured_media":4957,"comment_status":"closed","ping_status":"closed","template":"","meta":{"_acf_changed":false},"product_brand":[287],"product_cat":[159,95,328],"product_tag":[299],"class_list":{"0":"post-7139","1":"product","2":"type-product","3":"status-publish","4":"has-post-thumbnail","6":"product_brand-blackview","7":"product_cat-ofertas","8":"product_cat-tablets-blackview","9":"product_cat-tablets-blackview-tablets-inteligentes-blackview","10":"product_tag-kids","12":"first","13":"instock","14":"sale","15":"shipping-taxable","16":"purchasable","17":"product-type-variable","18":"has-default-attributes"},"acf":[],"_links":{"self":[{"href":"https:\/\/blackviewphones.com\/de\/wp-json\/wp\/v2\/product\/7139","targetHints":{"allow":["GET"]}}],"collection":[{"href":"https:\/\/blackviewphones.com\/de\/wp-json\/wp\/v2\/product"}],"about":[{"href":"https:\/\/blackviewphones.com\/de\/wp-json\/wp\/v2\/types\/product"}],"replies":[{"embeddable":true,"href":"https:\/\/blackviewphones.com\/de\/wp-json\/wp\/v2\/comments?post=7139"}],"version-history":[{"count":0,"href":"https:\/\/blackviewphones.com\/de\/wp-json\/wp\/v2\/product\/7139\/revisions"}],"wp:featuredmedia":[{"embeddable":true,"href":"https:\/\/blackviewphones.com\/de\/wp-json\/wp\/v2\/media\/4957"}],"wp:attachment":[{"href":"https:\/\/blackviewphones.com\/de\/wp-json\/wp\/v2\/media?parent=7139"}],"wp:term":[{"taxonomy":"product_brand","embeddable":true,"href":"https:\/\/blackviewphones.com\/de\/wp-json\/wp\/v2\/product_brand?post=7139"},{"taxonomy":"product_cat","embeddable":true,"href":"https:\/\/blackviewphones.com\/de\/wp-json\/wp\/v2\/product_cat?post=7139"},{"taxonomy":"product_tag","embeddable":true,"href":"https:\/\/blackviewphones.com\/de\/wp-json\/wp\/v2\/product_tag?post=7139"}],"curies":[{"name":"wp","href":"https:\/\/api.w.org\/{rel}","templated":true}]}}