

{"id":7117,"date":"2025-04-07T15:57:41","date_gmt":"2025-04-07T13:57:41","guid":{"rendered":"https:\/\/blackviewphones.com\/?post_type=product&#038;p=7117"},"modified":"2026-02-03T13:49:23","modified_gmt":"2026-02-03T12:49:23","slug":"blackview-bl8000-5g-12-gb-ram-512-gb-rom","status":"publish","type":"product","link":"https:\/\/blackviewphones.com\/de\/produkt\/blackview-bl8000-5g-12-gb-ram-512-gb-rom\/","title":{"rendered":"Blackview BL8000 \u2013 5G | 24 GB RAM 512 GB ROM"},"content":{"rendered":"<h1>Blackview BL8000 | 24 GB (12 GB + 12 GB) RAM 512 GB ROM<\/h1>\n<p>Wir pr\u00e4sentieren das Blackview BL8000 5G, es kommt mit einem integrierten Dual-Display auf den Markt und\u00a0<strong>bis zu 550 Nits<\/strong>. Es verf\u00fcgt \u00fcber eine Kapazit\u00e4t von bis zu<strong>\u00a024 GB RAM und 512 GB ROM<\/strong>, mit Prozessor der neuesten Generation\u00a0<strong>MediaTek Dimensity 7050 5G<\/strong>, wodurch Sie mehrere Aufgaben gleichzeitig erledigen und nahtlos zwischen Anwendungen wechseln k\u00f6nnen. Dar\u00fcber hinaus verf\u00fcgt es \u00fcber einen 6,78\u2033 Bildschirm,\u00a0<strong>NFC<\/strong>, eine Batterie von\u00a0<strong>8800 mAh<\/strong>\u00a0von\u00a0<strong>33 W Schnellladung<\/strong>und mit einem Android 13-Betriebssystem.<\/p>\n<p>Es ist auch ein Ger\u00e4t, das\u00a0<strong>Dreifachkamera mit 50 MP (Samsung\u00ae ISOCELL GN5), 8 MP (117\u00b0 Weitwinkelkamera) und 2 Mpx<\/strong>. Au\u00dferdem eine 16 MPx Frontkamera. Robustes Ger\u00e4t mit IP68- und IP69K-Zertifizierung getestet.<\/p>\n<h2>BL8000-Konnektivit\u00e4t<\/h2>\n<p>2G-Band: GSM: B2\/B3\/B5\/B8<br \/>\n3G-Band: WCDMA: B1\/B2\/B4\/B5\/B6\/B8\/B19 CDMA: BC0\/BC1\/BC10<br \/>\n4G-Band: LTE-TDD:B1\/2\/3\/4\/5\/7\/8\/12\/13\/17\/18\/19\/20\/25\/26\/28A\/28B\/30\/66 LTE-TDD:B34\/38\/39\/40\/41<br \/>\n5G-Band: N1\/3\/5\/7\/8\/20\/28\/38\/40\/41\/77\/78\/79<\/p>\n<h3>IP68: WAS SIE TUN K\u00d6NNEN UND WAS NICHT<\/h3>\n<p>Wenn ein Ger\u00e4t IP68-zertifiziert ist, bedeutet dies, dass es in Wasser getaucht werden kann.\u00a0<strong>S\u00fc\u00dfwasser<\/strong>\u00a0<strong>in Tiefen von bis zu einem Meter f\u00fcr maximal 30 Minuten, vorausgesetzt, dass die Schutzvorrichtungen der Anschl\u00fcsse ordnungsgem\u00e4\u00df abgedichtet bleiben.<\/strong><\/p>\n<p><strong>Wir hinterlassen Ihnen einige Tipps<\/strong>\u00a0<strong>f\u00fcr jedes Endger\u00e4t mit IP68-Zertifizierung<\/strong>:<\/p>\n<ul>\n<li>Setzen Sie das IP68-Smartphone keinen Wasserstr\u00f6mungen wie Leitungswasser, Meereswellen oder Wasserf\u00e4llen aus.<\/li>\n<li>Wenn Ihr IP68-Smartphone S\u00fc\u00dfwasser ausgesetzt war, trocknen Sie es vorsichtig mit einem sauberen, weichen Tuch ab.<\/li>\n<li>Wenn das IP68-Smartphone mit einer anderen Fl\u00fcssigkeit als S\u00fc\u00dfwasser (z. B. Meerwasser) in Ber\u00fchrung gekommen ist, sp\u00fclen Sie das Ger\u00e4t sofort vorsichtig mit S\u00fc\u00dfwasser ab und trocknen Sie es gr\u00fcndlich mit einem weichen, sauberen Tuch ab.<\/li>\n<li>Wenn Zweifel bestehen, ob die Schutzvorrichtungen richtig geschlossen sind.\u00a0<strong>NEIN\u00a0<\/strong>du machst es nass.<\/li>\n<li>Wir empfehlen nicht, aggressive Tests durchzuf\u00fchren, um Ihre Widerstandsf\u00e4higkeit nachzuweisen.<\/li>\n<li>Es ist nicht ratsam, die Ger\u00e4tetasten im Wasser zu manipulieren.<\/li>\n<li>Es wird nicht empfohlen, das Ger\u00e4t in Salzwasser einzutauchen, da die IP-Zertifizierung nur f\u00fcr S\u00fc\u00dfwasser gilt.<\/li>\n<\/ul>","protected":false},"excerpt":{"rendered":"<p>MediaTek Dimensity 7050<\/p>\n<p>12 GB + 12 GB RAM 512 GB ROM<\/p>\n<p>Android 13 \u2013 5G | 550 Nits<\/p>\n<p>179,5*82,6*17 mm<\/p>\n<p>Bildschirm 6,78\u2033 Gewicht 385 g<\/p>\n<p>8800 mAh<\/p>\n<p>Robustes Mobiltelefon mit NFC<\/p>","protected":false},"featured_media":8008,"comment_status":"closed","ping_status":"closed","template":"","meta":{"_acf_changed":false},"product_brand":[287],"product_cat":[349],"product_tag":[],"class_list":{"0":"post-7117","1":"product","2":"type-product","3":"status-publish","4":"has-post-thumbnail","6":"product_brand-blackview","7":"product_cat-sin-categoria","9":"first","10":"outofstock","11":"sale","12":"shipping-taxable","13":"purchasable","14":"product-type-variable"},"acf":[],"_links":{"self":[{"href":"https:\/\/blackviewphones.com\/de\/wp-json\/wp\/v2\/product\/7117","targetHints":{"allow":["GET"]}}],"collection":[{"href":"https:\/\/blackviewphones.com\/de\/wp-json\/wp\/v2\/product"}],"about":[{"href":"https:\/\/blackviewphones.com\/de\/wp-json\/wp\/v2\/types\/product"}],"replies":[{"embeddable":true,"href":"https:\/\/blackviewphones.com\/de\/wp-json\/wp\/v2\/comments?post=7117"}],"version-history":[{"count":0,"href":"https:\/\/blackviewphones.com\/de\/wp-json\/wp\/v2\/product\/7117\/revisions"}],"wp:featuredmedia":[{"embeddable":true,"href":"https:\/\/blackviewphones.com\/de\/wp-json\/wp\/v2\/media\/8008"}],"wp:attachment":[{"href":"https:\/\/blackviewphones.com\/de\/wp-json\/wp\/v2\/media?parent=7117"}],"wp:term":[{"taxonomy":"product_brand","embeddable":true,"href":"https:\/\/blackviewphones.com\/de\/wp-json\/wp\/v2\/product_brand?post=7117"},{"taxonomy":"product_cat","embeddable":true,"href":"https:\/\/blackviewphones.com\/de\/wp-json\/wp\/v2\/product_cat?post=7117"},{"taxonomy":"product_tag","embeddable":true,"href":"https:\/\/blackviewphones.com\/de\/wp-json\/wp\/v2\/product_tag?post=7117"}],"curies":[{"name":"wp","href":"https:\/\/api.w.org\/{rel}","templated":true}]}}