

{"id":7108,"date":"2025-04-07T15:41:12","date_gmt":"2025-04-07T13:41:12","guid":{"rendered":"https:\/\/blackviewphones.com\/?post_type=product&#038;p=7108"},"modified":"2026-04-02T13:21:41","modified_gmt":"2026-04-02T11:21:41","slug":"blackview-bv9300-pro-24-gb-ram-256-gb-rom","status":"publish","type":"product","link":"https:\/\/blackviewphones.com\/de\/produkt\/blackview-bv9300-pro-24-gb-ram-256-gb-rom\/","title":{"rendered":"Blackview BV9300 Pro | 24 GB RAM 256 GB ROM"},"content":{"rendered":"<h1>Blackview BV9300 Pro | 24 GB RAM + 256 GB ROM<\/h1>\n<p>Wir pr\u00e4sentieren die\u00a0<strong>BV9300 Pro, ein robustes Telefon mit leistungsstarker Taschenlampe und Doppelbildschirm.<\/strong>\u00a0Entwickelt, um den anspruchsvollsten Umgebungen mit einer 100-Lumen-Taschenlampe standzuhalten. Ausgestattet mit einem leistungsstarken Prozessor\u00a0<strong>MediaTek Helio G99 Octa-Core.\u00a0<\/strong>Mit\u00a0<strong>12 GB RAM<\/strong>\u00a0mit\u00a0<strong>12 GB mehr<\/strong>\u00a0Erweiterung bietet Ihnen dieses Ger\u00e4t eine schnelle, reibungslose Leistung bei allen Ihren Aufgaben.<\/p>\n<p>Ihr Bildschirm\u00a0<strong>CORNING\u00ae GORILLA\u00ae GLASS 5 Full HD<\/strong>+ 6,7 Zoll,\u00a0<strong>120 Hz<\/strong>, bietet ein beeindruckendes und lebendiges visuelles Erlebnis, w\u00e4hrend der langlebige Akku\u00a0<strong>15080 mAh<\/strong>\u00a0erm\u00f6glicht Ihnen eine l\u00e4ngere Nutzung, ohne sich Sorgen machen zu m\u00fcssen, dass Ihnen der Strom ausgeht.<\/p>\n<p>Das BV9300 Pro verf\u00fcgt \u00fcber eine R\u00fcckkamera\u00a0<strong>64 MP + 8 MP<\/strong>, wodurch Sie auch bei schlechten Lichtverh\u00e4ltnissen qualitativ hochwertige Bilder und Videos aufnehmen k\u00f6nnen. Au\u00dferdem ist die 32-MP-Frontkamera perfekt f\u00fcr atemberaubende Selfies. Mit einer internen Speicherkapazit\u00e4t von\u00a0<strong>256 GB<\/strong>\u00a0und der M\u00f6glichkeit, es \u00fcber eine microSD-Karte um bis zu 1 TB zu erweitern, haben Sie mehr als genug Speicherplatz zum Speichern Ihrer Dateien, Apps und Medien.<\/p>\n<p>Neben seiner leistungsstarken Leistung und Speicherkapazit\u00e4t verf\u00fcgt das BV9300 Pro \u00fcber\u00a0<strong>IP68- und IP69K-Zertifizierungen<\/strong>, was bedeutet, dass es wasser- und staubdicht ist. Es erf\u00fcllt au\u00dferdem den Milit\u00e4rstandard MIL-STD-810G und gew\u00e4hrleistet so Widerstandsf\u00e4higkeit gegen\u00fcber extremen Bedingungen wie St\u00fcrzen, Vibrationen und extremen Temperaturen.<\/p>\n<h2><span style=\"font-size: 16px;\">Verpassen Sie nicht die Gelegenheit, das BV9300 Pro zu kaufen, ein robustes und zuverl\u00e4ssiges Telefon, das Sie auf Ihren extremsten Abenteuern begleitet. Erleben Sie au\u00dfergew\u00f6hnliche Leistung, beeindruckende Akkulaufzeit, zwei Displays und herausragende Kameraqualit\u00e4t. Machen Sie sich bereit, Ihr mobiles Erlebnis mit dem Blackview BV9300 Pro auf die n\u00e4chste Stufe zu heben!<\/span><\/h2>\n<h3>IP68: WAS SIE TUN K\u00d6NNEN UND WAS NICHT<\/h3>\n<p>Wenn ein Ger\u00e4t IP68-zertifiziert ist, bedeutet dies, dass es in Wasser getaucht werden kann.\u00a0<strong>S\u00fc\u00dfwasser<\/strong>\u00a0<strong>in Tiefen von bis zu einem Meter f\u00fcr maximal 30 Minuten, vorausgesetzt, dass die Schutzvorrichtungen der Anschl\u00fcsse ordnungsgem\u00e4\u00df abgedichtet bleiben.<\/strong><\/p>\n<p><strong>Wir hinterlassen Ihnen einige Tipps<\/strong>\u00a0<strong>f\u00fcr jedes Endger\u00e4t mit IP68-Zertifizierung<\/strong>:<\/p>\n<ul>\n<li>Setzen Sie das IP68-Smartphone keinen Wasserstr\u00f6mungen wie Leitungswasser, Meereswellen oder Wasserf\u00e4llen aus.<\/li>\n<li>Wenn Ihr IP68-Smartphone mit S\u00fc\u00dfwasser in Ber\u00fchrung gekommen ist, trocknen Sie es au\u00dferdem vorsichtig mit einem sauberen, weichen Tuch ab.<\/li>\n<li>Wenn das IP68-Smartphone mit einer anderen Fl\u00fcssigkeit als S\u00fc\u00dfwasser (z. B. Meerwasser) in Ber\u00fchrung gekommen ist, sp\u00fclen Sie das Ger\u00e4t sofort vorsichtig mit S\u00fc\u00dfwasser ab und trocknen Sie es gr\u00fcndlich mit einem weichen, sauberen Tuch ab.<\/li>\n<li>Wenn Zweifel bestehen, ob die Schutzvorrichtungen richtig geschlossen sind.\u00a0<strong>NEIN\u00a0<\/strong>du machst es nass.<\/li>\n<li>Vermeiden Sie aggressive Tests, um Ihre Ausdauer unter Beweis zu stellen<\/li>\n<li>Es ist nicht ratsam, die Ger\u00e4tetasten im Wasser zu manipulieren.<\/li>\n<li>Es wird empfohlen, das Ger\u00e4t NICHT in Salzwasser zu tauchen, da die IP-Zertifizierung nur f\u00fcr S\u00fc\u00dfwasser gilt.<\/li>\n<\/ul>","protected":false},"excerpt":{"rendered":"<p>MediaTek Helio G99<\/p>\n<p>8 GB + 8 GB \/ 12 GB + 12 GB RAM 256 GB ROM<\/p>\n<p>Android 13 | 100 Lumen Taschenlampe<\/p>\n<p>184,6*85,6*22,8 mm<\/p>\n<p>Bildschirm 6,7\u2033 Gewicht 525 g<\/p>\n<p>15080 mAh<\/p>\n<p>Robustes Mobiltelefon mit NFC<\/p>","protected":false},"featured_media":11043,"comment_status":"closed","ping_status":"closed","template":"","meta":{"_acf_changed":false},"product_brand":[287],"product_cat":[42,136,159],"product_tag":[298],"class_list":{"0":"post-7108","1":"product","2":"type-product","3":"status-publish","4":"has-post-thumbnail","6":"product_brand-blackview","7":"product_cat-moviles-blackview","8":"product_cat-moviles-resistentes-rugerizados","9":"product_cat-ofertas","10":"product_tag-linterna","12":"first","13":"instock","14":"sale","15":"shipping-taxable","16":"purchasable","17":"product-type-variable","18":"has-default-attributes"},"acf":[],"_links":{"self":[{"href":"https:\/\/blackviewphones.com\/de\/wp-json\/wp\/v2\/product\/7108","targetHints":{"allow":["GET"]}}],"collection":[{"href":"https:\/\/blackviewphones.com\/de\/wp-json\/wp\/v2\/product"}],"about":[{"href":"https:\/\/blackviewphones.com\/de\/wp-json\/wp\/v2\/types\/product"}],"replies":[{"embeddable":true,"href":"https:\/\/blackviewphones.com\/de\/wp-json\/wp\/v2\/comments?post=7108"}],"version-history":[{"count":0,"href":"https:\/\/blackviewphones.com\/de\/wp-json\/wp\/v2\/product\/7108\/revisions"}],"wp:featuredmedia":[{"embeddable":true,"href":"https:\/\/blackviewphones.com\/de\/wp-json\/wp\/v2\/media\/11043"}],"wp:attachment":[{"href":"https:\/\/blackviewphones.com\/de\/wp-json\/wp\/v2\/media?parent=7108"}],"wp:term":[{"taxonomy":"product_brand","embeddable":true,"href":"https:\/\/blackviewphones.com\/de\/wp-json\/wp\/v2\/product_brand?post=7108"},{"taxonomy":"product_cat","embeddable":true,"href":"https:\/\/blackviewphones.com\/de\/wp-json\/wp\/v2\/product_cat?post=7108"},{"taxonomy":"product_tag","embeddable":true,"href":"https:\/\/blackviewphones.com\/de\/wp-json\/wp\/v2\/product_tag?post=7108"}],"curies":[{"name":"wp","href":"https:\/\/api.w.org\/{rel}","templated":true}]}}