

{"id":7040,"date":"2025-04-04T16:03:10","date_gmt":"2025-04-04T15:03:10","guid":{"rendered":"https:\/\/blackviewphones.com\/?post_type=product&#038;p=7040"},"modified":"2026-04-08T12:44:24","modified_gmt":"2026-04-08T10:44:24","slug":"blackview-x20-smartwatch","status":"publish","type":"product","link":"https:\/\/blackviewphones.com\/de\/produkt\/blackview-x20-smartwatch\/","title":{"rendered":"Blackview X20 \u2013 Smartwatch"},"content":{"rendered":"<h1>Blackview X20 \u2013 Smartwatch<\/h1>\n<p>Wir laden Sie ein, die neue Blackview Smartwatch zu entdecken. Die Blackview X20 wird mit einem flexiblen Silikonarmband f\u00fcr mehr Komfort geliefert. Es verf\u00fcgt \u00fcber ein kristallklares 1,43-Zoll-Display, das Ihnen mit einem 380-mAh-Akku eine perfekte visuelle Interaktion beim Anzeigen Ihrer Anrufbenachrichtigungen oder Erinnerungen erm\u00f6glicht.<\/p>\n<h2>Ihr bester Verb\u00fcndeter, um in Form zu bleiben: Mehr als 100 Trainingsmodi<\/h2>\n<p>Mit \u00fcber 100 M\u00f6glichkeiten, ins Schwitzen zu kommen, ist X20 mehr als nur ein Gadget \u2013 es ist Ihr Begleiter f\u00fcr L\u00e4ufe im Freien, Yoga-Sitzungen und Radtouren. Personalisieren Sie Ihr Training mit ma\u00dfgeschneiderten Informationen f\u00fcr ein anregendes Erlebnis.<\/p>\n<h2>Beende die 3 Ringe<\/h2>\n<p>Beschleunigen Sie Ihre t\u00e4gliche Bewegung, Ihren Kalorienverbrauch und Ihre Trainingsziele mit den fortschrittlichen Aktivit\u00e4tsringen von X20. Machen Sie jeden Tag zu einer Gesundheitsserie mit Live-Updates und Belohnungen, die Ihr Feuer anfachen.<\/p>\n<h2>Tiefer tr\u00e4umen, besser schlafen: Wissenschaftliche Schlaf\u00fcberwachung<\/h2>\n<p>X20 untersucht jeden Aspekt Ihrer Nacht, vom tiefen Eintauchen in die Traumwelt bis hin zu leichten Schlaf- und Wachphasen, und f\u00fchrt Sie durch die \u00c4nderung Ihrer Gewohnheiten, um traumhafte N\u00e4chte zu erreichen.<\/p>\n<h2>Mach dich bereit, genie\u00dfe deinen Zyklus: Zyklus-Tracking<\/h2>\n<p>Verwalten Sie Ihren Menstruationszyklus intuitiv mit der Zyklusverfolgung und erhalten Sie rechtzeitige Erinnerungen, wenn Ihre n\u00e4chste Periode eintritt, sodass Sie jederzeit vorbereitet sind.<\/p>","protected":false},"excerpt":{"rendered":"<p>1,43-Zoll-Bildschirm<\/p>\n<p><span style=\"font-size: 16px;\">\u03c645,5*10,9 mm<\/span><\/p>\n<p>49 Gramm<\/p>\n<p>380 mAh<\/p>\n<p>Sportmodus<\/p>\n<p>Zyklusverfolgung + Sauerstoff- und Herzmonitor<\/p>","protected":false},"featured_media":4743,"comment_status":"open","ping_status":"closed","template":"","meta":{"_acf_changed":false},"product_brand":[287],"product_cat":[154,159,90],"product_tag":[],"class_list":{"0":"post-7040","1":"product","2":"type-product","3":"status-publish","4":"has-post-thumbnail","6":"product_brand-blackview","7":"product_cat-accesorios-blackview","8":"product_cat-ofertas","9":"product_cat-smartwatch","11":"first","12":"instock","13":"sale","14":"shipping-taxable","15":"purchasable","16":"product-type-variable","17":"has-default-attributes"},"acf":[],"_links":{"self":[{"href":"https:\/\/blackviewphones.com\/de\/wp-json\/wp\/v2\/product\/7040","targetHints":{"allow":["GET"]}}],"collection":[{"href":"https:\/\/blackviewphones.com\/de\/wp-json\/wp\/v2\/product"}],"about":[{"href":"https:\/\/blackviewphones.com\/de\/wp-json\/wp\/v2\/types\/product"}],"replies":[{"embeddable":true,"href":"https:\/\/blackviewphones.com\/de\/wp-json\/wp\/v2\/comments?post=7040"}],"version-history":[{"count":0,"href":"https:\/\/blackviewphones.com\/de\/wp-json\/wp\/v2\/product\/7040\/revisions"}],"wp:featuredmedia":[{"embeddable":true,"href":"https:\/\/blackviewphones.com\/de\/wp-json\/wp\/v2\/media\/4743"}],"wp:attachment":[{"href":"https:\/\/blackviewphones.com\/de\/wp-json\/wp\/v2\/media?parent=7040"}],"wp:term":[{"taxonomy":"product_brand","embeddable":true,"href":"https:\/\/blackviewphones.com\/de\/wp-json\/wp\/v2\/product_brand?post=7040"},{"taxonomy":"product_cat","embeddable":true,"href":"https:\/\/blackviewphones.com\/de\/wp-json\/wp\/v2\/product_cat?post=7040"},{"taxonomy":"product_tag","embeddable":true,"href":"https:\/\/blackviewphones.com\/de\/wp-json\/wp\/v2\/product_tag?post=7040"}],"curies":[{"name":"wp","href":"https:\/\/api.w.org\/{rel}","templated":true}]}}