

{"id":6995,"date":"2025-04-04T08:12:39","date_gmt":"2025-04-04T07:12:39","guid":{"rendered":"https:\/\/blackviewphones.com\/?post_type=product&#038;p=6995"},"modified":"2026-01-19T12:48:47","modified_gmt":"2026-01-19T11:48:47","slug":"blackview-r60-smartwatch","status":"publish","type":"product","link":"https:\/\/blackviewphones.com\/de\/product\/blackview-r60-smartwatch\/","title":{"rendered":"Blackview R60 \u2013 Smartwatch"},"content":{"rendered":"<h1>Blackview R60 \u2013 Smartwatch<\/h1>\n<p>Die Blackview R60 sticht unter anderen Sport-Smartwatches durch ihr riesiges 1,96 Zoll gro\u00dfes AMOLED-Display hervor, das dank seiner Helligkeit von bis zu 800 Nits gr\u00f6\u00dfer und sch\u00e4rfer ist. Dar\u00fcber hinaus verf\u00fcgt es \u00fcber mehr als 125 Sportmodi, ist nach IP68(*) wasser- und staubdicht und verf\u00fcgt \u00fcber verschiedene Sensoren zur \u00dcberwachung Ihrer k\u00f6rperlichen Gesundheit. Hergestellt aus einem Rahmen aus Aluminiumlegierung, der mit anspruchsvoller Handwerkskunst behandelt wurde, kompatibel mit Android- und iOS-Ger\u00e4ten(*). Das Blackview R60 bietet eine polierte Oberfl\u00e4che und ein erstklassiges Gef\u00fchl.<\/p>\n<p><strong>Beantworten Sie Anrufe schnell<\/strong><\/p>\n<p>Diese Smartwatch verf\u00fcgt \u00fcber Dual-Mode-Bluetooth, sodass Sie die Verbindung problemlos mit Ihrem Ger\u00e4t koppeln k\u00f6nnen. Mit dem neuen Blackview R60 k\u00f6nnen Sie dank Mikrofon und Lautsprecher vom Handgelenk aus telefonieren. Au\u00dferdem k\u00f6nnen Sie es per Sprache steuern und es ist mit verschiedenen Systemen wie Siri, Google Assistant und vielen mehr kompatibel. Au\u00dferdem k\u00f6nnen Sie damit Anrufe entgegennehmen, w\u00e4hrend Sie Sport treiben.<\/p>\n<p><strong>Bis zu 25 Tage Akkulaufzeit, Rugged Panda Glass und IP68-Zertifizierung<\/strong><\/p>\n<p>Mit Ihrem R60 verf\u00fcgen Sie \u00fcber den gr\u00f6\u00dften 800-mAh-Akku aller Zeiten mit einer typischen Nutzungsdauer von 10 Tagen. Au\u00dferdem erhalten Sie mit einer einzigen Ladung eine Akkulaufzeit von bis zu 25 Tagen. Dar\u00fcber hinaus verf\u00fcgt es \u00fcber einen robusten Panda Glass-Bildschirm. Die R60 Smartwatch hat die Mohs-H\u00e4rteskala auf Stufe 7 bestanden und verspricht unersch\u00fctterliche Seelenruhe. Dar\u00fcber hinaus verf\u00fcgt es \u00fcber die IP68-Zertifizierung und eine Funktion zum Ablassen von Restwasser.<\/p>\n<p><strong>800 Nits Helligkeit<\/strong><\/p>\n<p>Ob Sie sich in den goldenen Strahlen der Sonne aalen oder durch die Schatten des Abends schlendern, das Display des R60 bleibt kristallklar. 800 Nits einstellbare Helligkeit sorgen daf\u00fcr, dass jeder Moment in makelloser Klarheit festgehalten wird, unber\u00fchrt von den Launen von Licht und Dunkelheit.<\/p>\n<p><strong>T\u00e4gliches Aktivit\u00e4tstracking mit Ihrem R60<\/strong><\/p>\n<p>Verfolgen Sie Ihre Trainingsroutine m\u00fchelos mit der t\u00e4glichen Aktivit\u00e4tsverfolgung. Verfolgen Sie Ihre Schritte, Herzfrequenz, verbrannten Kalorien und mehr, um motiviert zu bleiben und Ihre Gesundheitsziele zu erreichen.<\/p>\n<p><strong> Umwelt mit der ultragro\u00dfen R60 Taschenlampe<\/strong><\/p>\n<p>Beleuchten Sie Ihre Umgebung mit der ultragro\u00dfen, ultrahellen Taschenlampe R60. Sie bietet hochintensives Licht f\u00fcr alles, von n\u00e4chtlichen Wanderungen bis hin zu Notsituationen, und sorgt so f\u00fcr maximale Sichtbarkeit und Sicherheit. Bleiben Sie nie wieder im Dunkeln gefangen.<\/p>\n<p><strong>*IP68 ist eine Schutzklasse der International Electrotechnical Commission (IEC) gegen das Eindringen von Wasser und gibt den Grad des Schutzes an, den ein Geh\u00e4use gegen das Eindringen von festen Partikeln (wie Staub) und Fl\u00fcssigkeiten (wie Wasser) bietet. 6 bedeutet, dass es vollst\u00e4ndig staubdicht ist. 8 bedeutet, dass es f\u00fcr eine gewisse Zeit in Wasser getaucht werden kann. R60 ist nachweislich bis zu einer Tiefe von 1,5 Metern unter Wasser tauchfest. Wir empfehlen jedoch, dieses Ger\u00e4t ma\u00dfvoll zu verwenden und es niemals in Salzwasser zu tauchen.<\/strong><\/p>\n<p>*Kompatibel mit Android-Ger\u00e4ten mit Android 9.0 oder h\u00f6her und iOS-Ger\u00e4ten mit iOS 9.0 oder h\u00f6her.<\/p>","protected":false},"excerpt":{"rendered":"<div class=\"woocommerce-product-details__short-description\">\n<p>1,96-Zoll-Bildschirm<\/p>\n<p>Design \u00e4hnlich der Apple Watch<\/p>\n<p>\u03c6 47,5*39,09*11,9 mm<\/p>\n<p>28,2 g (Uhr) + 14,6 g (Silikonarmband)<\/p>\n<p>800 mAh<\/p>\n<p>Sportmodus<\/p>\n<p>Fernsteuerung der Kamera und Ortung Ihres Telefons<br \/>\nZyklus\u00fcberwachung bei Frauen<br \/>\nKompatibel mit Sprachassistenten: Siri oder Google Assistant<\/p>\n<\/div>","protected":false},"featured_media":7001,"comment_status":"open","ping_status":"closed","template":"","meta":{"_acf_changed":false},"product_brand":[],"product_cat":[349],"product_tag":[],"class_list":{"0":"post-6995","1":"product","2":"type-product","3":"status-publish","4":"has-post-thumbnail","6":"product_cat-sin-categoria","8":"first","9":"outofstock","10":"sale","11":"shipping-taxable","12":"purchasable","13":"product-type-variable"},"acf":[],"_links":{"self":[{"href":"https:\/\/blackviewphones.com\/de\/wp-json\/wp\/v2\/product\/6995","targetHints":{"allow":["GET"]}}],"collection":[{"href":"https:\/\/blackviewphones.com\/de\/wp-json\/wp\/v2\/product"}],"about":[{"href":"https:\/\/blackviewphones.com\/de\/wp-json\/wp\/v2\/types\/product"}],"replies":[{"embeddable":true,"href":"https:\/\/blackviewphones.com\/de\/wp-json\/wp\/v2\/comments?post=6995"}],"version-history":[{"count":0,"href":"https:\/\/blackviewphones.com\/de\/wp-json\/wp\/v2\/product\/6995\/revisions"}],"wp:featuredmedia":[{"embeddable":true,"href":"https:\/\/blackviewphones.com\/de\/wp-json\/wp\/v2\/media\/7001"}],"wp:attachment":[{"href":"https:\/\/blackviewphones.com\/de\/wp-json\/wp\/v2\/media?parent=6995"}],"wp:term":[{"taxonomy":"product_brand","embeddable":true,"href":"https:\/\/blackviewphones.com\/de\/wp-json\/wp\/v2\/product_brand?post=6995"},{"taxonomy":"product_cat","embeddable":true,"href":"https:\/\/blackviewphones.com\/de\/wp-json\/wp\/v2\/product_cat?post=6995"},{"taxonomy":"product_tag","embeddable":true,"href":"https:\/\/blackviewphones.com\/de\/wp-json\/wp\/v2\/product_tag?post=6995"}],"curies":[{"name":"wp","href":"https:\/\/api.w.org\/{rel}","templated":true}]}}