

{"id":6933,"date":"2025-03-14T09:53:04","date_gmt":"2025-03-14T08:53:04","guid":{"rendered":"https:\/\/blackviewphones.com\/?post_type=product&#038;p=6933"},"modified":"2026-01-07T12:30:13","modified_gmt":"2026-01-07T11:30:13","slug":"blackview-airbuds-60-bluetooth-5-3-kopfhorer","status":"publish","type":"product","link":"https:\/\/blackviewphones.com\/de\/product\/blackview-airbuds-60-auriculares-bluetooth-5-3\/","title":{"rendered":"Blackview Airbuds 60 \u2013 Bluetooth 5.3 Ohrh\u00f6rer"},"content":{"rendered":"<h1>Blackview Airbuds 60 \u2013 Bluetooth 5.3 Ohrh\u00f6rer<\/h1>\n<p>Er<strong> Blackview Airbuds 60<\/strong> Es handelt sich um ein Headset mit IPX 4-Wasserdichtigkeit und ergonomischem Design. Ideal f\u00fcr den Outdoor-Einsatz und Sport. Mit langlebigem 500 mAh Akku.<\/p>\n<p>Es verf\u00fcgt \u00fcber einen ergonomischen Ohrb\u00fcgel, Luftleitungstechnologie und ein offenes Ohrdesign. Damit k\u00f6nnen Sie 36 Stunden vibrationsfreie Wiedergabe genie\u00dfen.<\/p>\n<h2>Funktionen der Blackview Airbuds 60 \u2013 Bluetooth-Kopfh\u00f6rer<\/h2>\n<table>\n<tbody>\n<tr>\n<td><strong>Allgemeine Funktionen<\/strong><\/td>\n<td><\/td>\n<\/tr>\n<tr>\n<td>Material:<\/td>\n<td>Polycarbonat und Silikon<\/td>\n<\/tr>\n<tr>\n<td>Gewicht:<\/td>\n<td>Kopfh\u00f6rer \u2013 4,6 g, Ladeetui \u2013 46 g<\/td>\n<\/tr>\n<tr>\n<td>Bluetooth:<\/td>\n<td>5,3 (bis zu 5 Meter Entfernung ohne St\u00f6rungen)<\/td>\n<\/tr>\n<tr>\n<td>Ger\u00e4uschunterdr\u00fcckung:<\/td>\n<td>Ja<\/td>\n<\/tr>\n<tr>\n<td>Batterie:<\/td>\n<td>500 mAh (Ladeetui)<\/td>\n<\/tr>\n<tr>\n<td>Packungsinhalt:<\/td>\n<td>Kopfh\u00f6rer<br \/>\nFrachtbox<br \/>\nLadekabel Typ C<br \/>\nBenutzerhandbuch<\/td>\n<\/tr>\n<\/tbody>\n<\/table>\n<p>Diese Kopfh\u00f6rer der Marke Blackview sind IPX4 und schwei\u00dfresistent.<\/p>","protected":false},"excerpt":{"rendered":"<h2><\/h2>\n<div id=\"gtx-trans\" style=\"position: absolute; left: 7px; top: -5.5625px;\">\n<div class=\"gtx-trans-icon\"><\/div>\n<\/div>","protected":false},"featured_media":4454,"comment_status":"closed","ping_status":"closed","template":"","meta":{"_acf_changed":false},"product_brand":[],"product_cat":[349],"product_tag":[],"class_list":{"0":"post-6933","1":"product","2":"type-product","3":"status-publish","4":"has-post-thumbnail","6":"product_cat-sin-categoria","8":"first","9":"outofstock","10":"sale","11":"shipping-taxable","12":"purchasable","13":"product-type-variable","14":"has-default-attributes"},"acf":[],"_links":{"self":[{"href":"https:\/\/blackviewphones.com\/de\/wp-json\/wp\/v2\/product\/6933","targetHints":{"allow":["GET"]}}],"collection":[{"href":"https:\/\/blackviewphones.com\/de\/wp-json\/wp\/v2\/product"}],"about":[{"href":"https:\/\/blackviewphones.com\/de\/wp-json\/wp\/v2\/types\/product"}],"replies":[{"embeddable":true,"href":"https:\/\/blackviewphones.com\/de\/wp-json\/wp\/v2\/comments?post=6933"}],"version-history":[{"count":0,"href":"https:\/\/blackviewphones.com\/de\/wp-json\/wp\/v2\/product\/6933\/revisions"}],"wp:featuredmedia":[{"embeddable":true,"href":"https:\/\/blackviewphones.com\/de\/wp-json\/wp\/v2\/media\/4454"}],"wp:attachment":[{"href":"https:\/\/blackviewphones.com\/de\/wp-json\/wp\/v2\/media?parent=6933"}],"wp:term":[{"taxonomy":"product_brand","embeddable":true,"href":"https:\/\/blackviewphones.com\/de\/wp-json\/wp\/v2\/product_brand?post=6933"},{"taxonomy":"product_cat","embeddable":true,"href":"https:\/\/blackviewphones.com\/de\/wp-json\/wp\/v2\/product_cat?post=6933"},{"taxonomy":"product_tag","embeddable":true,"href":"https:\/\/blackviewphones.com\/de\/wp-json\/wp\/v2\/product_tag?post=6933"}],"curies":[{"name":"wp","href":"https:\/\/api.w.org\/{rel}","templated":true}]}}