

{"id":6920,"date":"2025-03-14T09:51:58","date_gmt":"2025-03-14T08:51:58","guid":{"rendered":"https:\/\/blackviewphones.com\/?post_type=product&#038;p=6920"},"modified":"2026-04-30T15:18:28","modified_gmt":"2026-04-30T13:18:28","slug":"blackview-handyhalterung","status":"publish","type":"product","link":"https:\/\/blackviewphones.com\/de\/product\/portamovil-blackview\/","title":{"rendered":"Blackview Handyhalterung"},"content":{"rendered":"<h1 style=\"text-align: left;\">Blackview Handyhalterung<\/h1>\n<h2 style=\"text-align: left;\">Konventioneller oder robuster Handyhalter mittlerer bis hoher Preisklasse<\/h2>\n<p>Ein notwendiges Zubeh\u00f6r, wenn Sie Sportler sind oder Wert auf Komfort bei Ihren Aktivit\u00e4ten legen und ein Zubeh\u00f6r ben\u00f6tigen, mit dem Sie Ihr Telefon immer bei sich tragen k\u00f6nnen. Der Blackview-Telefonhalter passt auf jedes Telefon und ist ideal, um Ihr Telefon jederzeit bei sich zu tragen und zu verhindern, dass es herunterf\u00e4llt.<\/p>\n<p>Artikel: Silikon-Telefonhalter<br \/>\nMaterial: sehr flexibles Silikon<br \/>\nPassend: Passend f\u00fcr 3,5&quot; bis 6,5&quot; Smartphones<\/p>","protected":false},"excerpt":{"rendered":"<p>Portam\u00f3vil Blackview Soporte de m\u00f3vil convencional o rugerizado gama media-alta Accesorio necesario si eres un atleta o buscas comodidad al realizar tus actividades y necesitas un accesorio que te permita llevar el m\u00f3vil contigo, el portam\u00f3vil Blackview se adapta a cualquier m\u00f3vil y es ideal para llevar tu m\u00f3vil cada momento y evitar que se<\/p>\n<div class=\"klb-readmore entry-button\"><a class=\"btn read-more\" href=\"https:\/\/blackviewphones.com\/de\/product\/portamovil-blackview\/\">Mehr lesen<\/a><\/div>","protected":false},"featured_media":4433,"comment_status":"closed","ping_status":"closed","template":"","meta":{"_acf_changed":false},"product_brand":[],"product_cat":[154,330],"product_tag":[],"class_list":{"0":"post-6920","1":"product","2":"type-product","3":"status-publish","4":"has-post-thumbnail","6":"product_cat-accesorios-blackview","7":"product_cat-accesorios-blackview-accesorios-para-moviles","9":"first","10":"instock","11":"sale","12":"shipping-taxable","13":"purchasable","14":"product-type-variable"},"acf":[],"_links":{"self":[{"href":"https:\/\/blackviewphones.com\/de\/wp-json\/wp\/v2\/product\/6920","targetHints":{"allow":["GET"]}}],"collection":[{"href":"https:\/\/blackviewphones.com\/de\/wp-json\/wp\/v2\/product"}],"about":[{"href":"https:\/\/blackviewphones.com\/de\/wp-json\/wp\/v2\/types\/product"}],"replies":[{"embeddable":true,"href":"https:\/\/blackviewphones.com\/de\/wp-json\/wp\/v2\/comments?post=6920"}],"version-history":[{"count":0,"href":"https:\/\/blackviewphones.com\/de\/wp-json\/wp\/v2\/product\/6920\/revisions"}],"wp:featuredmedia":[{"embeddable":true,"href":"https:\/\/blackviewphones.com\/de\/wp-json\/wp\/v2\/media\/4433"}],"wp:attachment":[{"href":"https:\/\/blackviewphones.com\/de\/wp-json\/wp\/v2\/media?parent=6920"}],"wp:term":[{"taxonomy":"product_brand","embeddable":true,"href":"https:\/\/blackviewphones.com\/de\/wp-json\/wp\/v2\/product_brand?post=6920"},{"taxonomy":"product_cat","embeddable":true,"href":"https:\/\/blackviewphones.com\/de\/wp-json\/wp\/v2\/product_cat?post=6920"},{"taxonomy":"product_tag","embeddable":true,"href":"https:\/\/blackviewphones.com\/de\/wp-json\/wp\/v2\/product_tag?post=6920"}],"curies":[{"name":"wp","href":"https:\/\/api.w.org\/{rel}","templated":true}]}}