

{"id":6912,"date":"2025-03-14T09:51:47","date_gmt":"2025-03-14T08:51:47","guid":{"rendered":"https:\/\/blackviewphones.com\/?post_type=product&#038;p=6912"},"modified":"2025-12-29T16:09:26","modified_gmt":"2025-12-29T15:09:26","slug":"blackview-bv4800-6-gb-3-gb-ram-64-gb-rom","status":"publish","type":"product","link":"https:\/\/blackviewphones.com\/de\/produkt\/blackview-bv4800-6-gb-3-gb-ram-64-gb-rom\/","title":{"rendered":"Blackview BV4800 | 6 GB (3 GB + 3 GB) RAM + 64 GB ROM"},"content":{"rendered":"<h1>Blackview BV4800 | 6 GB (3 GB + 3 GB) RAM 64 GB ROM<\/h1>\n<p>Entdecken Sie das neue BV4800 von Blackview, das ideale Telefon, wenn Sie ein einfaches, erschwingliches und langlebiges Ger\u00e4t suchen. Dieses Smartphone hat<strong>\u00a03 GB <\/strong>auswendig<strong> RAM<\/strong> neben <strong>64 GB<\/strong> von <strong>ROM. <\/strong>HD-Bildschirm von <strong>6,56 Zoll<\/strong>\u00a0unter dem Betriebssystem <strong>Android 13 <\/strong>und eine Batterie von<strong> 5180 mAh.<\/strong><\/p>\n<h2>Blackview BV4800<\/h2>\n<table>\n<tbody>\n<tr>\n<td>\n<h3 id=\"sec-design\" class=\"k-h3\">Allgemeine Funktionen<\/h3>\n<\/td>\n<\/tr>\n<tr>\n<td><strong>Modell:\u00a0<\/strong><\/td>\n<td>MediaTek Helio A22 (MT6761V\/WD)<\/td>\n<\/tr>\n<tr>\n<td><strong>CPU:<\/strong><\/td>\n<td>4*A53 @2,0 GHz<\/td>\n<\/tr>\n<tr>\n<td><strong>Kerl:<\/strong><\/td>\n<td>Quad-Core<\/td>\n<\/tr>\n<tr>\n<td><strong>Abmessungen:<\/strong><\/td>\n<td>174,7*81,5*13,5 mm<\/td>\n<\/tr>\n<tr>\n<td><strong>Gewicht:<\/strong><\/td>\n<td>285 Gr<\/td>\n<\/tr>\n<tr>\n<td><strong>Betriebssystem:<\/strong><\/td>\n<td>Android 13<\/td>\n<\/tr>\n<tr>\n<td>\n<h3>F\u00e4higkeit<\/h3>\n<\/td>\n<\/tr>\n<tr>\n<td><strong>RAM:<\/strong><\/td>\n<td>3 GB bis 6 GB<\/td>\n<\/tr>\n<tr>\n<td><strong>ROM:<\/strong><\/td>\n<td>64 GB bis 1 TB<\/td>\n<\/tr>\n<tr>\n<td><strong>Erweiterbar:<\/strong><\/td>\n<td>Ja<\/td>\n<\/tr>\n<tr>\n<td><strong>Batterie:<\/strong><\/td>\n<td>5180 mAh, 10 W Schnellladung<\/td>\n<\/tr>\n<tr>\n<td>\n<h3>Bildschirm<\/h3>\n<\/td>\n<\/tr>\n<tr>\n<td><strong>Gr\u00f6\u00dfe:<\/strong><\/td>\n<td>6,56\u2033 CORNING\u00ae GORILLA\u00ae GLASS 3<\/td>\n<\/tr>\n<tr>\n<td><strong>Kerl:<\/strong><\/td>\n<td>IPS-LCD<\/td>\n<\/tr>\n<tr>\n<td><strong>Aufl\u00f6sung:<\/strong><\/td>\n<td>720 x 1612 px<\/td>\n<\/tr>\n<tr>\n<td><strong>PPI:<\/strong><\/td>\n<td>269<\/td>\n<\/tr>\n<tr>\n<td>\n<h3>Kamera<\/h3>\n<\/td>\n<\/tr>\n<tr>\n<td><strong>R\u00fcckfahrkamera:<\/strong><\/td>\n<td>13 Mpx<\/td>\n<\/tr>\n<tr>\n<td><strong>Frontkamera:<\/strong><\/td>\n<td>5 Mpx<\/td>\n<\/tr>\n<tr>\n<td>\n<h3>Andere Eigenschaften<\/h3>\n<\/td>\n<td>\n<ul>\n<li>Gesichtsentsperrung<\/li>\n<li>Touch-Handschuh-Modus<\/li>\n<li>Nachtmodus<\/li>\n<\/ul>\n<\/td>\n<\/tr>\n<tr>\n<td><strong>Dual-SIM<\/strong><\/td>\n<td>Ja (2*Nano-SIM + 1*TF)<\/td>\n<\/tr>\n<tr>\n<td><strong>W-lan<\/strong><\/td>\n<td>WLAN: IEEE802.11 a\/b\/g\/n\/ac<\/td>\n<\/tr>\n<tr>\n<td><strong>Bluetooth<\/strong><\/td>\n<td>Bluetooth 5.0<\/td>\n<\/tr>\n<tr>\n<td><strong>Navigation<\/strong><\/td>\n<td>GPS, GLONASS, BEIDOU, Galileo<\/td>\n<\/tr>\n<tr>\n<td><strong>Zertifizierungen<\/strong><\/td>\n<td>IP68 und IP69K und MIL-STD-810H<\/td>\n<\/tr>\n<tr>\n<td><strong>Umkehrung der Steuerschuldnerschaft<\/strong><\/td>\n<td>Ja<\/td>\n<\/tr>\n<tr>\n<td><strong>NFC<\/strong><\/td>\n<td>Ja<\/td>\n<\/tr>\n<tr>\n<td><\/td>\n<\/tr>\n<tr>\n<td>\n<h3>Packungsinhalt<\/h3>\n<\/td>\n<td><\/td>\n<\/tr>\n<tr>\n<td><strong> Blackview BV4800<\/strong><\/td>\n<td><\/td>\n<\/tr>\n<tr>\n<td><strong>Stecker + Kopfh\u00f6rer<\/strong><\/td>\n<td><\/td>\n<\/tr>\n<tr>\n<td><strong>Ladekabel\u00a0<\/strong><\/td>\n<td><\/td>\n<\/tr>\n<\/tbody>\n<\/table>\n<h2>Konnektivit\u00e4t<\/h2>\n<p><strong>2G-Band:<\/strong> GSM: 850\/900\/1800\/1900 (B2\/B3\/B5\/B8)<\/p>\n<p><strong>3G-Band:<\/strong> B1\/B8<\/p>\n<p><strong>4G-Band:<\/strong> FDD: B1\/B3\/B7\/B8\/B20 TDD: B40<\/p>\n<h2><span style=\"font-size: 16px;\">IP68: WAS SIE TUN K\u00d6NNEN UND WAS NICHT<\/span><\/h2>\n<p>Wenn ein Ger\u00e4t IP68-zertifiziert ist, bedeutet dies, dass es in Wasser getaucht werden kann. <strong>S\u00fc\u00dfwasser<\/strong>\u00a0<strong>in Tiefen von bis zu einem Meter f\u00fcr maximal 30 Minuten, vorausgesetzt, dass die Schutzvorrichtungen der Anschl\u00fcsse ordnungsgem\u00e4\u00df abgedichtet bleiben.<\/strong><\/p>\n<p><strong>Wir hinterlassen Ihnen einige Tipps<\/strong>\u00a0<strong>f\u00fcr jedes Endger\u00e4t mit IP68-Zertifizierung<\/strong>:<\/p>\n<ul>\n<li>Setzen Sie das IP68-Smartphone keinen Wasserstr\u00f6mungen wie Leitungswasser, Meereswellen oder Wasserf\u00e4llen aus.<\/li>\n<li>Wenn Ihr IP68-Smartphone S\u00fc\u00dfwasser ausgesetzt war, trocknen Sie es vorsichtig mit einem sauberen, weichen Tuch ab.<\/li>\n<li>Wenn das IP68-Smartphone mit einer anderen Fl\u00fcssigkeit als S\u00fc\u00dfwasser (z. B. Meerwasser) in Ber\u00fchrung gekommen ist, sp\u00fclen Sie das Ger\u00e4t sofort vorsichtig mit S\u00fc\u00dfwasser ab und trocknen Sie es gr\u00fcndlich mit einem weichen, sauberen Tuch ab.<\/li>\n<li>Wenn Zweifel bestehen, ob die Schutzvorrichtungen richtig geschlossen sind.\u00a0<strong>NEIN\u00a0<\/strong>du machst es nass.<\/li>\n<li>Wir empfehlen nicht, aggressive Tests durchzuf\u00fchren, um Ihre Widerstandsf\u00e4higkeit nachzuweisen.<\/li>\n<li>Dar\u00fcber hinaus ist es nicht ratsam, die Tasten des Ger\u00e4ts im Wasser zu manipulieren.<\/li>\n<li>Es wird nicht empfohlen, das Ger\u00e4t in Salzwasser einzutauchen, da die IP-Zertifizierung nur f\u00fcr S\u00fc\u00dfwasser gilt.<\/li>\n<\/ul>","protected":false},"excerpt":{"rendered":"<p>MediaTek Helio A22 (MT6761V\/WD)<\/p>\n<p>3 GB + 3 GB RAM 64 GB ROM<\/p>\n<p>Android 13<\/p>\n<p>174,7*81,5*13,5 mm<\/p>\n<p>Bildschirm 6,56\u2033 Gewicht 285 Gramm<\/p>\n<p>5180 mAh<\/p>\n<p>Robustes Mobiltelefon mit NFC<\/p>\n<div id=\"gtx-trans\" style=\"position: absolute; left: -8px; top: 253.156px;\">\n<div class=\"gtx-trans-icon\"><\/div>\n<\/div>","protected":false},"featured_media":4414,"comment_status":"closed","ping_status":"closed","template":"","meta":{"_acf_changed":false},"product_brand":[],"product_cat":[349],"product_tag":[],"class_list":{"0":"post-6912","1":"product","2":"type-product","3":"status-publish","4":"has-post-thumbnail","6":"product_cat-sin-categoria","8":"first","9":"outofstock","10":"sale","11":"shipping-taxable","12":"purchasable","13":"product-type-variable"},"acf":[],"_links":{"self":[{"href":"https:\/\/blackviewphones.com\/de\/wp-json\/wp\/v2\/product\/6912","targetHints":{"allow":["GET"]}}],"collection":[{"href":"https:\/\/blackviewphones.com\/de\/wp-json\/wp\/v2\/product"}],"about":[{"href":"https:\/\/blackviewphones.com\/de\/wp-json\/wp\/v2\/types\/product"}],"replies":[{"embeddable":true,"href":"https:\/\/blackviewphones.com\/de\/wp-json\/wp\/v2\/comments?post=6912"}],"version-history":[{"count":0,"href":"https:\/\/blackviewphones.com\/de\/wp-json\/wp\/v2\/product\/6912\/revisions"}],"wp:featuredmedia":[{"embeddable":true,"href":"https:\/\/blackviewphones.com\/de\/wp-json\/wp\/v2\/media\/4414"}],"wp:attachment":[{"href":"https:\/\/blackviewphones.com\/de\/wp-json\/wp\/v2\/media?parent=6912"}],"wp:term":[{"taxonomy":"product_brand","embeddable":true,"href":"https:\/\/blackviewphones.com\/de\/wp-json\/wp\/v2\/product_brand?post=6912"},{"taxonomy":"product_cat","embeddable":true,"href":"https:\/\/blackviewphones.com\/de\/wp-json\/wp\/v2\/product_cat?post=6912"},{"taxonomy":"product_tag","embeddable":true,"href":"https:\/\/blackviewphones.com\/de\/wp-json\/wp\/v2\/product_tag?post=6912"}],"curies":[{"name":"wp","href":"https:\/\/api.w.org\/{rel}","templated":true}]}}