

{"id":6867,"date":"2025-03-14T09:48:21","date_gmt":"2025-03-14T08:48:21","guid":{"rendered":"https:\/\/blackviewphones.com\/?post_type=product&#038;p=6867"},"modified":"2026-03-31T12:56:48","modified_gmt":"2026-03-31T10:56:48","slug":"blackview-mp80-intel-np97-mini-pc-16-gb-ram-512-gb-rom","status":"publish","type":"product","link":"https:\/\/blackviewphones.com\/de\/product\/blackview-mp80-intel-np97-mini-pc-16-gb-ram-512-gb-rom\/","title":{"rendered":"Blackview MP80 Intel N97 Mini-PC | 16 GB RAM 512 GB ROM"},"content":{"rendered":"<h1>Blackview MP80 Intel N97 Mini-PC<\/h1>\n<p>Der Blackview MP80 Mini-PC ist ein kleinerer und leistungsst\u00e4rkerer PC, der f\u00fcr au\u00dfergew\u00f6hnliche Leistung bei kleiner Gr\u00f6\u00dfe konzipiert ist. Mit beeindruckenden Funktionen und einem eleganten Design ist dieser Mini-PC ideal f\u00fcr Benutzer, die eine tragbare und effiziente Computerl\u00f6sung ben\u00f6tigen. Neben seinem eleganten Design \u00fcberzeugt dieser Mini-PC auch durch seine Energieeffizienz. Durch den geringen Energieverbrauch tr\u00e4gt es zur Reduzierung Ihres CO2-Fu\u00dfabdrucks bei und spart auf lange Sicht Stromkosten.<\/p>\n<div>\n<p><strong><span style=\"font-size: 16px;\">WICHTIG:<\/span><\/strong><\/p>\n<\/div>\n<p><em>Dieses Terminal wird mit Windows 11 PRO und einer lebenslangen OEM-Lizenz geliefert; diese Lizenz ist an die Hardware des Computers gebunden und kann nicht auf einen anderen Computer \u00fcbertragen werden.<\/em><\/p>","protected":false},"excerpt":{"rendered":"<p>Klein, aber leistungsstark<\/p>\n<p>Windows 11 Pro<\/p>\n<p>16 GB RAM 512 GB ROM<\/p>\n<p>Intel\u00ae Alder Lake N97 der 12. Generation<\/p>\n<p>Intel\u00ae 4K UHD-Grafik<\/p>\n<p>87,8*87,8*37 mm<\/p>\n<p><strong>Dieses Terminal wird mit Windows 11 PRO und einer lebenslangen OEM-Lizenz geliefert; diese Lizenz ist an die Hardware des Computers gebunden und kann nicht auf einen anderen Computer \u00fcbertragen werden.<\/strong><\/p>","protected":false},"featured_media":8063,"comment_status":"closed","ping_status":"closed","template":"","meta":{"_acf_changed":false},"product_brand":[287],"product_cat":[153,151],"product_tag":[],"class_list":{"0":"post-6867","1":"product","2":"type-product","3":"status-publish","4":"has-post-thumbnail","6":"product_brand-blackview","7":"product_cat-equipos-blackview-mini-pc","8":"product_cat-equipos-blackview","10":"first","11":"outofstock","12":"sale","13":"featured","14":"shipping-taxable","15":"purchasable","16":"product-type-variable"},"acf":[],"_links":{"self":[{"href":"https:\/\/blackviewphones.com\/de\/wp-json\/wp\/v2\/product\/6867","targetHints":{"allow":["GET"]}}],"collection":[{"href":"https:\/\/blackviewphones.com\/de\/wp-json\/wp\/v2\/product"}],"about":[{"href":"https:\/\/blackviewphones.com\/de\/wp-json\/wp\/v2\/types\/product"}],"replies":[{"embeddable":true,"href":"https:\/\/blackviewphones.com\/de\/wp-json\/wp\/v2\/comments?post=6867"}],"version-history":[{"count":0,"href":"https:\/\/blackviewphones.com\/de\/wp-json\/wp\/v2\/product\/6867\/revisions"}],"wp:featuredmedia":[{"embeddable":true,"href":"https:\/\/blackviewphones.com\/de\/wp-json\/wp\/v2\/media\/8063"}],"wp:attachment":[{"href":"https:\/\/blackviewphones.com\/de\/wp-json\/wp\/v2\/media?parent=6867"}],"wp:term":[{"taxonomy":"product_brand","embeddable":true,"href":"https:\/\/blackviewphones.com\/de\/wp-json\/wp\/v2\/product_brand?post=6867"},{"taxonomy":"product_cat","embeddable":true,"href":"https:\/\/blackviewphones.com\/de\/wp-json\/wp\/v2\/product_cat?post=6867"},{"taxonomy":"product_tag","embeddable":true,"href":"https:\/\/blackviewphones.com\/de\/wp-json\/wp\/v2\/product_tag?post=6867"}],"curies":[{"name":"wp","href":"https:\/\/api.w.org\/{rel}","templated":true}]}}