

{"id":6836,"date":"2025-03-14T09:46:03","date_gmt":"2025-03-14T08:46:03","guid":{"rendered":"https:\/\/blackviewphones.com\/?post_type=product&#038;p=6836"},"modified":"2025-12-12T08:42:31","modified_gmt":"2025-12-12T07:42:31","slug":"blackview-active-8-tablet-12-gb-6-gb-ram-128-gb-rom","status":"publish","type":"product","link":"https:\/\/blackviewphones.com\/de\/product\/tablet-blackview-active-8-12-gb-6gb6gb-ram-128-gb-rom\/","title":{"rendered":"Blackview Active 8 10,4\u2033 Tablet | 12 GB (6 GB + 6 GB) RAM 128 GB ROM"},"content":{"rendered":"<h1>Blackview Active 8 10,4\u2033 Tablet | 6+6GB RAM 128GB ROM<\/h1>\n<p>Entdecken Sie das neue Blackview Tablet, das <strong>Active 8 Tablet<\/strong> Mit 10,4\u2033 ist es langlebiger und effizienter. Es ist ein ultrad\u00fcnnes 16,8 mm Tablet mit einem <strong>22000 mAh Akku<\/strong>, <strong>33 W Schnellladung <\/strong>und umgekehrtes Laden, das Ihnen bis zu 1440 Stunden Standby-Zeit erm\u00f6glicht und mit Betriebssystem <strong>Android 13.\u00a0<\/strong><\/p>\n<p>Ein Tablet mit robustem Design und einem Gewicht von 976 Gramm, mit <strong>IP68- und IP69K-Zertifizierung<\/strong> und verf\u00fcgt \u00fcber ein benutzerfreundliches gepolstertes Lederarmband. Das Active 8 hat<strong> 6 GB RAM<\/strong> und die <strong>128 GB ROM, <\/strong>Es verf\u00fcgt \u00fcber eine R\u00fcckladefunktion. Zus\u00e4tzlich k\u00f6nnen Sie f\u00fcr eine bessere Nutzung eine kabellose Tastatur anpassen. Daher ist es ideal f\u00fcr Arbeit, Studium oder Unterhaltung.<\/p>\n<h2>Allgemeine Funktionen Blackview Active 8<\/h2>\n<table>\n<tbody>\n<tr>\n<td><strong>Bildschirm:<\/strong><\/td>\n<td>10,36 Zoll FHD+ IPS 2,4K<\/td>\n<\/tr>\n<tr>\n<td><strong>Prozessor:<\/strong><\/td>\n<td>Octa-Core-Unisoc T616<\/td>\n<\/tr>\n<tr>\n<td><strong>CPU:<\/strong><\/td>\n<td>2* Cortex-A75 (2,0 GHz)<br \/>\n6* Cortex-A55 (1,8 GHz)<\/td>\n<\/tr>\n<tr>\n<td><strong>Grafikkarte:<\/strong><\/td>\n<td>Arm Mali-G57 650MHz<\/td>\n<\/tr>\n<tr>\n<td><strong>Anzeige:<\/strong><\/td>\n<td>78,9% Bildschirm-zu-Geh\u00e4use-Verh\u00e4ltnis<\/td>\n<\/tr>\n<tr>\n<td><strong>Betriebssystem:<\/strong><\/td>\n<td>DokeOS_P 3.0 Basierend auf Android 13<\/td>\n<\/tr>\n<tr>\n<td><strong>Abmessungen:<\/strong><\/td>\n<td>256,3*165,8*16,8 mm<\/td>\n<\/tr>\n<tr>\n<td><strong>Gewicht:<\/strong><\/td>\n<td>976 g<\/td>\n<\/tr>\n<tr>\n<td><strong>PPI:<\/strong><\/td>\n<td>225<\/td>\n<\/tr>\n<tr>\n<td><strong>Helligkeit (cd\/cm2):<\/strong><\/td>\n<td>400 min cd\/m\u00b2<\/td>\n<\/tr>\n<tr>\n<td><strong>Audio:<\/strong><\/td>\n<td>1338 2 St\u00fcck; BOX-Lautsprecher<\/td>\n<\/tr>\n<tr>\n<td><strong>Akkulaufzeit:<\/strong><\/td>\n<td>22.000 mAh mit 33 W Schnellladung<\/td>\n<\/tr>\n<tr>\n<td><strong>RAM:<\/strong><\/p>\n<p><strong>ROM:<\/strong><\/td>\n<td>6 GB, erweiterbar auf bis zu 12 GB<\/p>\n<p>128 GB, erweiterbar auf bis zu 1 TB<\/td>\n<\/tr>\n<tr>\n<td><strong>Frontkamera:<\/strong><\/p>\n<p><strong>R\u00fcckfahrkamera:<\/strong><\/td>\n<td>16 Mpx SK Hynix\u00ae HI-1634Q<\/p>\n<p>13 Mpx SK Hynix\u00ae HI-1336<\/td>\n<\/tr>\n<tr>\n<td><strong>Navigation:<\/strong><\/td>\n<td>GPS+Glonass+Beidou+Galileo<\/td>\n<\/tr>\n<tr>\n<td><b>Antutu:<\/b><\/td>\n<td>289839<\/td>\n<\/tr>\n<tr>\n<td><b>NFC:<\/b><\/td>\n<td>NEIN<\/td>\n<\/tr>\n<tr>\n<td><b>W-lan:<\/b><\/td>\n<td>802.11a\/b\/g\/n\/ac (2,4G\/5G)<\/td>\n<\/tr>\n<tr>\n<td><b>Dual-SIM:<\/b><\/td>\n<td>Ja (2 SIM-Karten oder eine TF-Karte bis zu 1 TB)<\/td>\n<\/tr>\n<tr>\n<td><strong>Weitere Eigenschaften:<\/strong><\/td>\n<td>\n<ul>\n<li>Intelligentes Laden<\/li>\n<li>Unterst\u00fctzung f\u00fcr Reverse Charging<\/li>\n<li>Zwei Subwoofer<\/li>\n<li>3 Modi: Lesemodus, Nachtlicht, Dunkelmodus<\/li>\n<li>Gesichtsentsperrung<\/li>\n<li>Intelligentes Vorladen<\/li>\n<li>MediaTek HyperEngine 2.0 Lite-Gaming-Technologie<\/li>\n<li>PC-Modus<\/li>\n<\/ul>\n<\/td>\n<\/tr>\n<tr>\n<td><strong>Packungsinhalt:<\/strong><\/td>\n<td>Aktiv 8<\/p>\n<p>Ladekabel<\/p>\n<p>Kostenloser Stylus-Stift<\/p>\n<p>Benutzerhandbuch<\/p>\n<p>&nbsp;<\/td>\n<\/tr>\n<\/tbody>\n<\/table>\n<p><strong>Konnektivit\u00e4t<\/strong><\/p>\n<p style=\"font-weight: 400;\">2G-B\u00e4nder: 850\/900\/1800\/1900<br \/>\n3G-B\u00e4nder: WCDMA1\/8<br \/>\n4G-B\u00e4nder: LTE_FDD: B1\/3\/7\/8\/20<br \/>\nLTE-TDD: B34\/38\/39\/40\/41<\/p>\n<h2 data-spm-anchor-id=\"a2g0o.detail.1000023.i7.388c274d1UTStG\"><strong>Warum das Blackview Active 8 kaufen?<\/strong><\/h2>\n<ul>\n<li>Dank der IP68- und IP69K-Zertifizierung ist es genau das Richtige f\u00fcr Sie, wenn Sie ein robustes und widerstandsf\u00e4higes Tablet suchen.<\/li>\n<li>Wenn Sie Wert auf eine lange Akkulaufzeit legen, bietet dieses Tablet einen riesigen Festk\u00f6rperakku.<\/li>\n<li>Wenn Sie h\u00e4ufig in Umgebungen mit Temperaturen von -40\u00b0C bis +60\u00b0C arbeiten, ist dieses Tablet ideal f\u00fcr Sie.<\/li>\n<li>H\u00e4lt Regen, Sand, Staub, Vibrationen, St\u00f6\u00dfen, Beschleunigung, hohen Temperaturen, niedrigen Temperaturen, Feuchtigkeit, H\u00f6he und Eintauchen stand.<\/li>\n<li>Sie ben\u00f6tigen ein Tablet, das Sie als umgekehrte Ladestation verwenden k\u00f6nnen.<\/li>\n<li>Wenn Sie ein Tablet mit guten Audiofunktionen bevorzugen: Smart-Modus, Filmmodus, Spielemodus und Sprachmodus.<\/li>\n<li>Multifunktional: Erm\u00f6glicht Ihnen, verschiedene Aufgaben gleichzeitig in mehreren Fenstern auszuf\u00fchren.<\/li>\n<li>Es handelt sich um ein T\u00dcV S\u00dcD zertifiziertes Tablet.<\/li>\n<\/ul>\n<h2><span style=\"font-size: 16px;\">IP68: WAS SIE TUN K\u00d6NNEN UND WAS NICHT<\/span><\/h2>\n<p>Wenn ein Ger\u00e4t IP68-zertifiziert ist, bedeutet dies, dass es in Wasser getaucht werden kann. <strong>S\u00fc\u00dfwasser<\/strong>\u00a0<strong>in Tiefen von bis zu einem Meter f\u00fcr maximal 30 Minuten, vorausgesetzt, dass die Schutzvorrichtungen der Anschl\u00fcsse ordnungsgem\u00e4\u00df abgedichtet bleiben.<\/strong><\/p>\n<p><strong>Wir hinterlassen Ihnen einige Tipps<\/strong>\u00a0<strong>f\u00fcr jedes Endger\u00e4t mit IP68-Zertifizierung<\/strong>:<\/p>\n<ul>\n<li>Setzen Sie das IP68-Smartphone keinen Wasserstr\u00f6mungen wie Leitungswasser, Meereswellen oder Wasserf\u00e4llen aus.<\/li>\n<li>Wenn Ihr IP68-Smartphone mit S\u00fc\u00dfwasser in Ber\u00fchrung gekommen ist, trocknen Sie es au\u00dferdem vorsichtig mit einem sauberen, weichen Tuch ab.<\/li>\n<li>Wenn das IP68-Smartphone mit einer anderen Fl\u00fcssigkeit als S\u00fc\u00dfwasser (z. B. Meerwasser) in Ber\u00fchrung gekommen ist, sp\u00fclen Sie das Ger\u00e4t sofort mit mildem S\u00fc\u00dfwasser ab und trocknen Sie es sorgf\u00e4ltig mit einem weichen, sauberen Tuch ab.<\/li>\n<li>Wenn Zweifel bestehen, ob die Schutzvorrichtungen richtig geschlossen sind.\u00a0<strong>NEIN\u00a0<\/strong>du machst es nass.<\/li>\n<li>Vermeiden Sie aggressive Tests, um Ihre Ausdauer unter Beweis zu stellen<\/li>\n<li>Es ist nicht ratsam, die Ger\u00e4tetasten im Wasser zu manipulieren.<\/li>\n<li>Es wird empfohlen, das Ger\u00e4t NICHT in Salzwasser einzuweichen, da die IP-Zertifizierung nur f\u00fcr S\u00fc\u00dfwasser gilt.<\/li>\n<\/ul>\n<p>&nbsp;<\/p>","protected":false},"excerpt":{"rendered":"<h3><\/h3>\n<h2><\/h2>","protected":false},"featured_media":8350,"comment_status":"closed","ping_status":"closed","template":"","meta":{"_acf_changed":false},"product_brand":[],"product_cat":[349],"product_tag":[],"class_list":{"0":"post-6836","1":"product","2":"type-product","3":"status-publish","4":"has-post-thumbnail","6":"product_cat-sin-categoria","8":"first","9":"outofstock","10":"sale","11":"shipping-taxable","12":"purchasable","13":"product-type-variable","14":"has-default-attributes"},"acf":[],"_links":{"self":[{"href":"https:\/\/blackviewphones.com\/de\/wp-json\/wp\/v2\/product\/6836","targetHints":{"allow":["GET"]}}],"collection":[{"href":"https:\/\/blackviewphones.com\/de\/wp-json\/wp\/v2\/product"}],"about":[{"href":"https:\/\/blackviewphones.com\/de\/wp-json\/wp\/v2\/types\/product"}],"replies":[{"embeddable":true,"href":"https:\/\/blackviewphones.com\/de\/wp-json\/wp\/v2\/comments?post=6836"}],"version-history":[{"count":0,"href":"https:\/\/blackviewphones.com\/de\/wp-json\/wp\/v2\/product\/6836\/revisions"}],"wp:featuredmedia":[{"embeddable":true,"href":"https:\/\/blackviewphones.com\/de\/wp-json\/wp\/v2\/media\/8350"}],"wp:attachment":[{"href":"https:\/\/blackviewphones.com\/de\/wp-json\/wp\/v2\/media?parent=6836"}],"wp:term":[{"taxonomy":"product_brand","embeddable":true,"href":"https:\/\/blackviewphones.com\/de\/wp-json\/wp\/v2\/product_brand?post=6836"},{"taxonomy":"product_cat","embeddable":true,"href":"https:\/\/blackviewphones.com\/de\/wp-json\/wp\/v2\/product_cat?post=6836"},{"taxonomy":"product_tag","embeddable":true,"href":"https:\/\/blackviewphones.com\/de\/wp-json\/wp\/v2\/product_tag?post=6836"}],"curies":[{"name":"wp","href":"https:\/\/api.w.org\/{rel}","templated":true}]}}