

{"id":6764,"date":"2025-03-14T09:40:25","date_gmt":"2025-03-14T08:40:25","guid":{"rendered":"https:\/\/blackviewphones.com\/?post_type=product&#038;p=6764"},"modified":"2026-04-30T18:44:32","modified_gmt":"2026-04-30T16:44:32","slug":"blackview-airbuds-4-bluetooth-kopfhorer-5-3-2","status":"publish","type":"product","link":"https:\/\/blackviewphones.com\/de\/product\/blackview-airbuds-4-auriculares-bluetooth-5-3-2\/","title":{"rendered":"Blackview Airbuds 4 \u2013 Bluetooth 5.3 Kopfh\u00f6rer"},"content":{"rendered":"<h1>Blackview Airbuds 4 \u2013 Bluetooth 5.3 Kopfh\u00f6rer<\/h1>\n<p>Die AirBuds 4 vereinen kompaktes, ergonomisches Design mit exzellenter Audioleistung. Ihre leichte Bauweise mit nur 4,2 g pro Ohrh\u00f6rer sorgt f\u00fcr optimalen Tragekomfort \u2013 den ganzen Tag lang. Der sichere Sitz ist perfekt f\u00fcr sportliche Aktivit\u00e4ten oder l\u00e4ngeres Tragen. Erh\u00e4ltlich in Obsidian Black und Pearl White, verbinden sie sich ganz einfach \u00fcber Bluetooth 5.3 mit Ihren Android- oder iOS-Ger\u00e4ten und erm\u00f6glichen so ein problemloses Pairing. Ausgestattet mit dynamischen 13-mm-Treibern liefern die AirBuds 4 kraftvollen, ausgewogenen Klang \u00fcber einen Frequenzbereich von 20 Hz bis 20 kHz. Dank SBC-Codec und IPX7-Wasserbest\u00e4ndigkeit eignen sie sich auch f\u00fcr schwei\u00dftreibende Workouts oder leichte Regenschauer. Der 35-mAh-Akku in jedem Ohrh\u00f6rer erm\u00f6glicht bis zu 6 Stunden Wiedergabe pro Ladung, und das 400-mAh-Case verl\u00e4ngert die Gesamtakkulaufzeit auf unglaubliche 36 Stunden.<\/p>\n<p>\u00a0<\/p>","protected":false},"excerpt":{"rendered":"<p data-start=\"99\" data-end=\"118\"><strong>Ergonomische Airbuds<\/strong><\/p>\n<p data-start=\"120\" data-end=\"168\"><strong>Gewicht:<\/strong> Kopfh\u00f6rer \u2013 4,2 g | Ladeetui \u2013 30,5 g<\/p>\n<p data-start=\"170\" data-end=\"185\">Treiber: \u03a6 13 mm<\/p>\n<p data-start=\"187\" data-end=\"201\"><strong>Bluetooth:<\/strong> 5.3<\/p>\n<p data-start=\"203\" data-end=\"238\"><strong>Ger\u00e4uschreduzierung:<\/strong> nicht angegeben<\/p>\n<p data-start=\"240\" data-end=\"262\"><strong>Ladekoffer:<\/strong> 400 mAh<\/p>","protected":false},"featured_media":12942,"comment_status":"closed","ping_status":"closed","template":"","meta":{"_acf_changed":false},"product_brand":[],"product_cat":[156,154],"product_tag":[],"class_list":{"0":"post-6764","1":"product","2":"type-product","3":"status-publish","4":"has-post-thumbnail","6":"product_cat-accesorios-blackview-auriculares","7":"product_cat-accesorios-blackview","9":"first","10":"instock","11":"sale","12":"shipping-taxable","13":"purchasable","14":"product-type-variable","15":"has-default-attributes"},"acf":[],"_links":{"self":[{"href":"https:\/\/blackviewphones.com\/de\/wp-json\/wp\/v2\/product\/6764","targetHints":{"allow":["GET"]}}],"collection":[{"href":"https:\/\/blackviewphones.com\/de\/wp-json\/wp\/v2\/product"}],"about":[{"href":"https:\/\/blackviewphones.com\/de\/wp-json\/wp\/v2\/types\/product"}],"replies":[{"embeddable":true,"href":"https:\/\/blackviewphones.com\/de\/wp-json\/wp\/v2\/comments?post=6764"}],"version-history":[{"count":0,"href":"https:\/\/blackviewphones.com\/de\/wp-json\/wp\/v2\/product\/6764\/revisions"}],"wp:featuredmedia":[{"embeddable":true,"href":"https:\/\/blackviewphones.com\/de\/wp-json\/wp\/v2\/media\/12942"}],"wp:attachment":[{"href":"https:\/\/blackviewphones.com\/de\/wp-json\/wp\/v2\/media?parent=6764"}],"wp:term":[{"taxonomy":"product_brand","embeddable":true,"href":"https:\/\/blackviewphones.com\/de\/wp-json\/wp\/v2\/product_brand?post=6764"},{"taxonomy":"product_cat","embeddable":true,"href":"https:\/\/blackviewphones.com\/de\/wp-json\/wp\/v2\/product_cat?post=6764"},{"taxonomy":"product_tag","embeddable":true,"href":"https:\/\/blackviewphones.com\/de\/wp-json\/wp\/v2\/product_tag?post=6764"}],"curies":[{"name":"wp","href":"https:\/\/api.w.org\/{rel}","templated":true}]}}