

{"id":6747,"date":"2025-03-14T09:39:18","date_gmt":"2025-03-14T08:39:18","guid":{"rendered":"https:\/\/blackviewphones.com\/?post_type=product&#038;p=6747"},"modified":"2026-04-21T13:24:54","modified_gmt":"2026-04-21T11:24:54","slug":"blackview-bv8900-warmebildkamera","status":"publish","type":"product","link":"https:\/\/blackviewphones.com\/de\/product\/blackview-bv8900-camara-termica\/","title":{"rendered":"Blackview BV8900 (General\u00fcberholt) 16 GB RAM + 256 GB ROM"},"content":{"rendered":"<h1>Blackview BV8900 \u2013 Mit W\u00e4rmebildkamera (General\u00fcberholt)<\/h1>\n<p>Er<strong> BV8900<\/strong> ist so gebaut, dass es extremen und anspruchsvollen Umgebungen standh\u00e4lt. Dank seiner Wasser-, Staub- und Sto\u00dffestigkeit ist dieses Telefon perfekt f\u00fcr alle, die im Freien arbeiten oder Outdoor-Aktivit\u00e4ten unternehmen. Egal, ob Sie auf einer Baustelle sind, die Natur erkunden oder einfach ein aktives Leben f\u00fchren, das BV8900 ist Ihr robuster und zuverl\u00e4ssiger Begleiter. Dieses Ger\u00e4t verf\u00fcgt <strong>8 GB <\/strong>Erinnerung<strong> RAM<\/strong> neben <strong>256 GB<\/strong> von <strong>ROM. <\/strong>Bildschirm <strong>HD<\/strong>\u00a0von <strong>6,5\u2033 Zoll <\/strong>unter dem Betriebssystem <strong>Android 13 <\/strong>mit <strong>W\u00e4rmesensor<\/strong>.<\/p>\n<h2>Warum ein BV8900 kaufen?<\/h2>\n<ul>\n<li>Sie ben\u00f6tigen ein Terminal mit viel Akku, dieses Blackview bietet Ihnen einen gro\u00dfen 10.000-mAh-Akku (bis zu 45,5 Tage im Standby).<\/li>\n<li>Mit der professionellen Thermografie und der hohen thermischen Aufl\u00f6sung k\u00f6nnen Sie Hotspots und existenzielle Gefahren effektiv erkennen und Temperaturen \u00fcberwachen.<\/li>\n<li>Wenn Sie zu Hause Hilfe ben\u00f6tigen: Identifizieren Sie m\u00f6gliche elektrische Fehler, um elektrische Br\u00e4nde zu verhindern, ermitteln Sie die ideale Temperatur oder finden Sie Probleme mit der Wasserinstallation, verstopfte Rohre oder Lecks.<\/li>\n<li>Wenn Sie Thermografie f\u00fcr Ihren Beruf ben\u00f6tigen:\n<ul>\n<li>Industrie und Bauwesen: Erkennt Ger\u00e4teausf\u00e4lle.<\/li>\n<li>Brandnotfall: Finden Sie Feuerleitern oder lokalisieren Sie Personen, die im dichten Rauch eingeschlossen sind.<\/li>\n<li>Landwirtschaft: Hilft, den Feuchtigkeitsgehalt des Bodens f\u00fcr gesunde Pflanzen zu kontrollieren.<\/li>\n<li>Lebensstil: Ermitteln Sie die ideale Di\u00e4ttemperatur von Lebensmitteln und achten Sie auf die Reaktion auf Temperatur\u00e4nderungen.<\/li>\n<\/ul>\n<\/li>\n<\/ul>\n<h2><span style=\"font-size: 16px;\">IP68: WAS SIE TUN K\u00d6NNEN UND WAS NICHT<\/span><\/h2>\n<p>Wenn ein Ger\u00e4t IP68-zertifiziert ist, bedeutet dies, dass es in Wasser getaucht werden kann. <strong>S\u00fc\u00dfwasser<\/strong>\u00a0<strong>in Tiefen von bis zu einem Meter f\u00fcr maximal 30 Minuten, vorausgesetzt, dass die Schutzvorrichtungen der Anschl\u00fcsse ordnungsgem\u00e4\u00df abgedichtet bleiben.<\/strong><\/p>\n<p><strong>Wir hinterlassen Ihnen einige Tipps<\/strong>\u00a0<strong>f\u00fcr jedes Endger\u00e4t mit IP68-Zertifizierung<\/strong>:<\/p>\n<ul>\n<li style=\"list-style-type: none;\">\n<ul>\n<li>Setzen Sie das IP68-Smartphone keinen Wasserstr\u00f6mungen wie Leitungswasser, Meereswellen oder Wasserf\u00e4llen aus.<\/li>\n<li>Wenn Ihr IP68-Smartphone S\u00fc\u00dfwasser ausgesetzt war, trocknen Sie es vorsichtig mit einem sauberen, weichen Tuch ab.<\/li>\n<li>Wenn das IP68-Smartphone mit einer anderen Fl\u00fcssigkeit als S\u00fc\u00dfwasser (z. B. Meerwasser) in Ber\u00fchrung gekommen ist, sp\u00fclen Sie das Ger\u00e4t sofort mit mildem S\u00fc\u00dfwasser ab und trocknen Sie es sorgf\u00e4ltig mit einem weichen, sauberen Tuch ab.<\/li>\n<li>Wenn Zweifel bestehen, ob die Schutzvorrichtungen richtig geschlossen sind.\u00a0<strong>NEIN\u00a0<\/strong>du machst es nass.<\/li>\n<li>Wir empfehlen nicht, aggressive Tests durchzuf\u00fchren, um Ihre Widerstandsf\u00e4higkeit nachzuweisen.<\/li>\n<li>Dar\u00fcber hinaus ist es nicht ratsam, die Tasten des Ger\u00e4ts im Wasser zu manipulieren.<\/li>\n<li>Es wird nicht empfohlen, das Ger\u00e4t in Salzwasser einzutauchen, da die IP-Zertifizierung nur f\u00fcr S\u00fc\u00dfwasser gilt.<\/li>\n<\/ul>\n<\/li>\n<\/ul>\n<p>&nbsp;<\/p>","protected":false},"excerpt":{"rendered":"<p>Dieses Blackview-Ger\u00e4t bietet Ihnen einen gro\u00dfen 10.000-mAh-Akku (bis zu 45,5 Tage Standby-Zeit).<\/p>\n<p>Mit der professionellen Thermografie und der hohen thermischen Aufl\u00f6sung k\u00f6nnen Sie Hotspots und existenzielle Gefahren effektiv erkennen und Temperaturen \u00fcberwachen.<\/p>\n<p>MediaTek Helio P90 MT6779<\/p>\n<p>8 GB + 8 GB RAM 256 GB ROM<\/p>\n<p>Android 13 | W\u00e4rmesensor<\/p>\n<p>172,4*82,2*19,8 mm<\/p>\n<p>Bildschirm 6,5\u2033 Gewicht 398 g<\/p>\n<p>10.000 mAh<\/p>\n<p>Robustes Mobiltelefon mit NFC (general\u00fcberholt)<\/p>\n<div id=\"gtx-trans\" style=\"position: absolute; left: 780px; top: 276.99px;\">\n<div class=\"gtx-trans-icon\"><\/div>\n<\/div>","protected":false},"featured_media":4133,"comment_status":"closed","ping_status":"closed","template":"","meta":{"_acf_changed":false},"product_brand":[287],"product_cat":[349],"product_tag":[184],"class_list":{"0":"post-6747","1":"product","2":"type-product","3":"status-publish","4":"has-post-thumbnail","6":"product_brand-blackview","7":"product_cat-sin-categoria","8":"product_tag-camara-termica","10":"first","11":"outofstock","12":"sale","13":"shipping-taxable","14":"purchasable","15":"product-type-variable","16":"has-default-attributes"},"acf":[],"_links":{"self":[{"href":"https:\/\/blackviewphones.com\/de\/wp-json\/wp\/v2\/product\/6747","targetHints":{"allow":["GET"]}}],"collection":[{"href":"https:\/\/blackviewphones.com\/de\/wp-json\/wp\/v2\/product"}],"about":[{"href":"https:\/\/blackviewphones.com\/de\/wp-json\/wp\/v2\/types\/product"}],"replies":[{"embeddable":true,"href":"https:\/\/blackviewphones.com\/de\/wp-json\/wp\/v2\/comments?post=6747"}],"version-history":[{"count":0,"href":"https:\/\/blackviewphones.com\/de\/wp-json\/wp\/v2\/product\/6747\/revisions"}],"wp:featuredmedia":[{"embeddable":true,"href":"https:\/\/blackviewphones.com\/de\/wp-json\/wp\/v2\/media\/4133"}],"wp:attachment":[{"href":"https:\/\/blackviewphones.com\/de\/wp-json\/wp\/v2\/media?parent=6747"}],"wp:term":[{"taxonomy":"product_brand","embeddable":true,"href":"https:\/\/blackviewphones.com\/de\/wp-json\/wp\/v2\/product_brand?post=6747"},{"taxonomy":"product_cat","embeddable":true,"href":"https:\/\/blackviewphones.com\/de\/wp-json\/wp\/v2\/product_cat?post=6747"},{"taxonomy":"product_tag","embeddable":true,"href":"https:\/\/blackviewphones.com\/de\/wp-json\/wp\/v2\/product_tag?post=6747"}],"curies":[{"name":"wp","href":"https:\/\/api.w.org\/{rel}","templated":true}]}}