

{"id":6709,"date":"2025-03-14T09:36:58","date_gmt":"2025-03-14T08:36:58","guid":{"rendered":"https:\/\/blackviewphones.com\/?post_type=product&#038;p=6709"},"modified":"2026-04-30T15:21:14","modified_gmt":"2026-04-30T13:21:14","slug":"blackview-bv5300-pro-4-gb-ram-64-gb-rom","status":"publish","type":"product","link":"https:\/\/blackviewphones.com\/de\/product\/blackview-bv5300-pro-4gb-ram-64gb-rom\/","title":{"rendered":"Blackview BV5300 PRO | 12 GB RAM (4 GB + 8 GB) 64 GB ROM"},"content":{"rendered":"<h1>Blackview BV5300 PRO | 12 GB RAM (4 GB + 8 GB) + 64 GB ROM<\/h1>\n<p><strong><span style=\"color: #0000ff;\">VERSAND AB 12.05.2026<\/span><\/strong><\/p>\n<p><strong><span style=\"color: #0000ff;\">SONDERPREIS F\u00dcR VORBESTELLUNGEN MIT SP\u00c4TEREM VERSANDTERMIN. VERSAND VOR DEM ANGEGEBENEN DATUM NICHT M\u00d6GLICH, OHNE JEGLICHE VERSANDMETHODE.<\/span><\/strong><\/p>\n<p>Entdecken Sie die <strong>BV5300 Pro<\/strong>, das robuste und leistungsstarke Telefon, das Sie bei jedem Abenteuer begleitet! Mit seinem robusten, wasser-, staub- und sto\u00dffesten Design ist dieses Ger\u00e4t bereit, den extremsten Bedingungen standzuhalten. Dieses wasserdichte Handy hat <strong>IP68- und IP69K-Zertifizierung<\/strong>. Es hat <strong>4 GB RAM<\/strong> und ist Android 14, das BV5300 Pro sorgt f\u00fcr eine reibungslose und effiziente Leistung, egal welche Aufgaben Sie ausf\u00fchren.<\/p>\n<p>Dar\u00fcber hinaus bietet der 6,1-Zoll-Bildschirm ein gestochen scharfes und lebendiges Bild, sodass Sie Ihre Fotos, Videos und Spiele in vollen Z\u00fcgen genie\u00dfen k\u00f6nnen. Dank seiner Kapazit\u00e4t von \u2026 m\u00fcssen Sie sich auch keine Sorgen um die Akkulaufzeit machen. <strong>6580 mAh<\/strong> das Ihnen den ganzen Tag \u00fcber Energie gibt. Halten Sie unvergessliche Momente mit der 13-Megapixel-R\u00fcckkamera fest und machen Sie perfekte Selfies mit der 8-Megapixel-Frontkamera. Dar\u00fcber hinaus verf\u00fcgen Sie mit 64 GB internem Speicher und der M\u00f6glichkeit, ihn \u00fcber eine microSD-Karte auf bis zu 512 GB zu erweitern, \u00fcber mehr als genug Platz zum Speichern all Ihrer Dateien und Apps.<\/p>\n<p>Lassen Sie sich durch nichts aufhalten und holen Sie sich jetzt das BV5300 Pro f\u00fcr ein robustes und umfassendes mobiles Erlebnis!<\/p>\n<p style=\"font-weight: 400;\"><strong>Extreme Widerstandsf\u00e4higkeit f\u00fcr jede Umgebung<\/strong><\/p>\n<p>Das Blackview BV5300 Pro ist der ideale Begleiter f\u00fcr Outdoor-Enthusiasten und Arbeiter in anspruchsvollen Umgebungen. Sein robustes Design erf\u00fcllt die Widerstandsstandards IP68 und IP69K und ist somit resistent gegen Wasser, Staub und St\u00f6\u00dfe. Sie k\u00f6nnen es ohne Bedenken 30 Minuten lang bis zu 1,5 Meter tief untertauchen. Dar\u00fcber hinaus ist es so konzipiert, dass es St\u00fcrzen aus einer H\u00f6he von bis zu 1,5 Metern standh\u00e4lt, sodass Sie in jeder Situation vollkommen beruhigt sein k\u00f6nnen.<\/p>\n<h3><span style=\"font-size: 16px;\">IP68: WAS SIE TUN K\u00d6NNEN UND WAS NICHT<\/span><\/h3>\n<p>Wenn ein Ger\u00e4t IP68-zertifiziert ist, bedeutet dies, dass es in Wasser getaucht werden kann. <strong>S\u00fc\u00dfwasser<\/strong>\u00a0<strong>in Tiefen von bis zu einem Meter f\u00fcr maximal 30 Minuten, vorausgesetzt, dass die Schutzvorrichtungen der Anschl\u00fcsse ordnungsgem\u00e4\u00df abgedichtet bleiben.<\/strong><\/p>\n<p><strong>Wir hinterlassen Ihnen einige Tipps<\/strong>\u00a0<strong>f\u00fcr jedes Endger\u00e4t mit IP68-Zertifizierung<\/strong>:<\/p>\n<ul>\n<li>Setzen Sie das IP68-Smartphone keinen Wasserstr\u00f6mungen wie Leitungswasser, Meereswellen oder Wasserf\u00e4llen aus.<\/li>\n<li>Wenn Ihr IP68-Smartphone mit S\u00fc\u00dfwasser in Ber\u00fchrung gekommen ist, trocknen Sie es au\u00dferdem vorsichtig mit einem sauberen, weichen Tuch ab.<\/li>\n<li>Wenn das IP68-Smartphone mit einer anderen Fl\u00fcssigkeit als S\u00fc\u00dfwasser (z. B. Meerwasser) in Ber\u00fchrung gekommen ist, sp\u00fclen Sie das Ger\u00e4t sofort mit mildem S\u00fc\u00dfwasser ab und trocknen Sie es sorgf\u00e4ltig mit einem weichen, sauberen Tuch ab.<\/li>\n<li>Wenn Zweifel bestehen, ob die Schutzvorrichtungen richtig geschlossen sind.\u00a0<strong>NEIN\u00a0<\/strong>du machst es nass.<\/li>\n<li>Vermeiden Sie aggressive Tests, um Ihre Ausdauer unter Beweis zu stellen<\/li>\n<li>Es ist nicht ratsam, die Ger\u00e4tetasten im Wasser zu manipulieren.<\/li>\n<li>Es wird empfohlen, das Ger\u00e4t NICHT in Salzwasser einzuweichen, da die IP-Zertifizierung nur f\u00fcr S\u00fc\u00dfwasser gilt.<\/li>\n<\/ul>","protected":false},"excerpt":{"rendered":"<p><strong><span style=\"color: #0000ff;\">VERSAND AB 12.05.2026<\/span><\/strong><\/p>\n<p><strong><span style=\"color: #0000ff;\">SONDERPREIS F\u00dcR VORBESTELLUNGEN MIT SP\u00c4TEREM VERSANDTERMIN. VERSAND VOR DEM ANGEGEBENEN DATUM NICHT M\u00d6GLICH, OHNE JEGLICHE VERSANDMETHODE.<\/span><\/strong><\/p>\n<p>MediaTek Helio P35<\/p>\n<p>4 GB + 8 GB RAM 64 GB ROM<\/p>\n<p>Android 14<\/p>\n<p>161,5 x 77,6 x 15,0 mm<\/p>\n<p>Bildschirm 6,1\u2033 Gewicht 273 Gramm<\/p>\n<p>6580 mAh<\/p>\n<p>Robustes Mobiltelefon mit NFC<\/p>","protected":false},"featured_media":12668,"comment_status":"closed","ping_status":"closed","template":"","meta":{"_acf_changed":false},"product_brand":[287],"product_cat":[136,166,159,332],"product_tag":[],"class_list":{"0":"post-6709","1":"product","2":"type-product","3":"status-publish","4":"has-post-thumbnail","6":"product_brand-blackview","7":"product_cat-moviles-resistentes-rugerizados","8":"product_cat-moviles-resistentes-rugerizados-nuevos-modelos","9":"product_cat-ofertas","10":"product_cat-reservar-moviles-blackview","12":"first","13":"instock","14":"sale","15":"shipping-taxable","16":"purchasable","17":"product-type-variable","18":"has-default-attributes"},"acf":[],"_links":{"self":[{"href":"https:\/\/blackviewphones.com\/de\/wp-json\/wp\/v2\/product\/6709","targetHints":{"allow":["GET"]}}],"collection":[{"href":"https:\/\/blackviewphones.com\/de\/wp-json\/wp\/v2\/product"}],"about":[{"href":"https:\/\/blackviewphones.com\/de\/wp-json\/wp\/v2\/types\/product"}],"replies":[{"embeddable":true,"href":"https:\/\/blackviewphones.com\/de\/wp-json\/wp\/v2\/comments?post=6709"}],"version-history":[{"count":0,"href":"https:\/\/blackviewphones.com\/de\/wp-json\/wp\/v2\/product\/6709\/revisions"}],"wp:featuredmedia":[{"embeddable":true,"href":"https:\/\/blackviewphones.com\/de\/wp-json\/wp\/v2\/media\/12668"}],"wp:attachment":[{"href":"https:\/\/blackviewphones.com\/de\/wp-json\/wp\/v2\/media?parent=6709"}],"wp:term":[{"taxonomy":"product_brand","embeddable":true,"href":"https:\/\/blackviewphones.com\/de\/wp-json\/wp\/v2\/product_brand?post=6709"},{"taxonomy":"product_cat","embeddable":true,"href":"https:\/\/blackviewphones.com\/de\/wp-json\/wp\/v2\/product_cat?post=6709"},{"taxonomy":"product_tag","embeddable":true,"href":"https:\/\/blackviewphones.com\/de\/wp-json\/wp\/v2\/product_tag?post=6709"}],"curies":[{"name":"wp","href":"https:\/\/api.w.org\/{rel}","templated":true}]}}