

{"id":6424,"date":"2025-03-14T09:15:52","date_gmt":"2025-03-14T08:15:52","guid":{"rendered":"https:\/\/blackviewphones.com\/?post_type=product&#038;p=6424"},"modified":"2025-12-29T16:11:19","modified_gmt":"2025-12-29T15:11:19","slug":"blackview-bv7200-10-gb-6-gb-4-gb-ram-128-gb-rom","status":"publish","type":"product","link":"https:\/\/blackviewphones.com\/de\/product\/blackview-bv7200-10-gb-6gb-4gb-ram-128-gb-rom\/","title":{"rendered":"Blackview BV7200 | 10 GB (6 GB + 4 GB) RAM + 128 GB ROM"},"content":{"rendered":"<h1>Blackview BV7200 | 10 GB (6 GB + 4 GB) RAM + 128 GB ROM<\/h1>\n<p>Blackview BV7200, ein robuster und unbesiegbarer Lebensstil mit dem neuen robusten Blackview-Modell, resistent gegen Wasser und Staub. Mit \u00fcberragender Haltbarkeit entwickelt, um allt\u00e4gliche St\u00fcrze und St\u00f6\u00dfe zu \u00fcberstehen. Mit Kontrollleuchte, NFC, Haken, damit Sie es \u00fcberallhin mitnehmen k\u00f6nnen, ohne es zu verlieren, und zur einfacheren Verwendung mit 2-in-1-Fingerabdrucksensor und Einschalttaste.<\/p>\n<p>MeadiaTek Helio G85-Prozessor, die Leistung und Geschwindigkeit f\u00fcr die meisten Anforderungen. Es verf\u00fcgt \u00fcber 6 GB RAM und bis zu 128 GB Erweiterungsm\u00f6glichkeiten.<\/p>\n<p>50-Megapixel-Kamera, Dual 4G und 6,1-Zoll-Bildschirm. Es verf\u00fcgt auch \u00fcber einen Unterwassermodus.<\/p>\n<h2>Blackview BV7200 Funktionen<\/h2>\n<table style=\"height: 1277px;\" width=\"790\">\n<tbody>\n<tr>\n<td>\n<h3 id=\"sec-design\" class=\"k-h3\">Allgemeine Funktionen<\/h3>\n<\/td>\n<\/tr>\n<tr>\n<td><strong>Modell:\u00a0<\/strong><\/td>\n<td>MediaTek Helio G85<\/td>\n<\/tr>\n<tr>\n<td><strong>Grafikkarte:<\/strong><\/td>\n<td>2x Kortex<b class=\"dot\">\u2022<\/b>A75 2,0 GHz + 6x Cortex<b class=\"dot\">\u2022<\/b>A55 1,8 GHz<\/td>\n<\/tr>\n<tr>\n<td><strong>Kerl:<\/strong><\/td>\n<td>Achtkernprozessor<\/td>\n<\/tr>\n<tr>\n<td><strong>Abmessungen:<\/strong><\/td>\n<td>81,6 mm \u00b7 165,3 mm \u00b7 16 mm<\/td>\n<\/tr>\n<tr>\n<td><strong>Gewicht:<\/strong><\/td>\n<td>288 Gr<\/td>\n<\/tr>\n<tr>\n<td><strong>Betriebssystem:<\/strong><\/td>\n<td>Android 12<\/td>\n<\/tr>\n<tr>\n<td>\n<h3>F\u00e4higkeit<\/h3>\n<\/td>\n<\/tr>\n<tr>\n<td><strong>RAM:<\/strong><\/td>\n<td>6 GB<\/td>\n<\/tr>\n<tr>\n<td><strong>ROM:<\/strong><\/td>\n<td>128 GB<\/td>\n<\/tr>\n<tr>\n<td><strong>Erweiterbar:<\/strong><\/td>\n<td>Ja<\/td>\n<\/tr>\n<tr>\n<td><strong>Batterie:<\/strong><\/td>\n<td>5180 mAh<\/td>\n<\/tr>\n<tr>\n<td>\n<h3>Bildschirm<\/h3>\n<\/td>\n<\/tr>\n<tr>\n<td><strong>Gr\u00f6\u00dfe:<\/strong><\/td>\n<td>6,1\u2033<\/td>\n<\/tr>\n<tr>\n<td><strong>Kerl:<\/strong><\/td>\n<td>IPS-LCD<\/td>\n<\/tr>\n<tr>\n<td><strong>Aufl\u00f6sung:<\/strong><\/td>\n<td>720 x 21560 px <b class=\"dot\">\u2022<\/b>\u00a0FHD+<\/td>\n<\/tr>\n<tr>\n<td><\/td>\n<td><\/td>\n<\/tr>\n<tr>\n<td>\n<h3>Kamera<\/h3>\n<\/td>\n<\/tr>\n<tr>\n<td><strong>R\u00fcckfahrkamera:<\/strong><\/td>\n<td>50 Mpx<\/td>\n<\/tr>\n<tr>\n<td><strong>Frontkamera:<\/strong><\/td>\n<td>8 Mpx<\/td>\n<\/tr>\n<tr>\n<td>\n<h3>Andere Eigenschaften<\/h3>\n<\/td>\n<td><\/td>\n<\/tr>\n<tr>\n<td><strong>Dual-SIM<\/strong><\/td>\n<td>Ja<\/td>\n<\/tr>\n<tr>\n<td><strong>W-lan<\/strong><\/td>\n<td>802.11a, 802.11b, 802.11g, 802.11n, 802.11n 5 GHz, 802.11ac<\/td>\n<\/tr>\n<tr>\n<td><strong>Bluetooth<\/strong><\/td>\n<td>Bluetooth 5.4<\/td>\n<\/tr>\n<tr>\n<td><strong>Navigation<\/strong><\/td>\n<td>GPS, A-GPS, GLONASS, Beidou, Galileo<\/td>\n<\/tr>\n<tr>\n<td><strong>NFC<\/strong><\/td>\n<td>Ja<\/td>\n<\/tr>\n<tr>\n<td><b>Kopfh\u00f6rereingang Typ C<\/b><\/td>\n<\/tr>\n<tr>\n<td>\n<h3>Packungsinhalt<\/h3>\n<\/td>\n<td><\/td>\n<\/tr>\n<tr>\n<td><strong> Blackview BV7200<\/strong><\/td>\n<td><\/td>\n<\/tr>\n<tr>\n<td><strong>Stecker<\/strong><\/td>\n<td><\/td>\n<\/tr>\n<tr>\n<td><strong>Ladekabel Typ C<\/strong><\/td>\n<td><\/td>\n<\/tr>\n<\/tbody>\n<\/table>\n<h2><span style=\"font-size: 16px;\">IP68: WAS SIE TUN K\u00d6NNEN UND WAS NICHT<\/span><\/h2>\n<p>Wenn ein Ger\u00e4t IP68-zertifiziert ist, bedeutet dies, dass es in Wasser getaucht werden kann. <strong>S\u00fc\u00dfwasser<\/strong>\u00a0<strong>in Tiefen von bis zu einem Meter f\u00fcr maximal 30 Minuten, vorausgesetzt, die Schutzvorrichtungen der Anschl\u00fcsse bleiben ordnungsgem\u00e4\u00df abgedichtet.<\/strong><\/p>\n<p><strong>Wir hinterlassen Ihnen einige Tipps<\/strong>\u00a0<strong>f\u00fcr jedes Endger\u00e4t mit IP68-Zertifizierung<\/strong>:<\/p>\n<ul>\n<li>Setzen Sie das IP68-Smartphone keinen Wasserstr\u00f6mungen wie Leitungswasser, Meereswellen oder Wasserf\u00e4llen aus.<\/li>\n<li>Wenn Ihr IP68-Smartphone S\u00fc\u00dfwasser ausgesetzt war, trocknen Sie es au\u00dferdem sorgf\u00e4ltig mit einem sauberen, weichen Tuch ab.<\/li>\n<li>Wenn das IP68-Smartphone mit einer anderen Fl\u00fcssigkeit als S\u00fc\u00dfwasser (z. B. Meerwasser) in Ber\u00fchrung gekommen ist, sp\u00fclen Sie das Ger\u00e4t sofort vorsichtig mit S\u00fc\u00dfwasser ab und trocknen Sie es gr\u00fcndlich mit einem weichen, sauberen Tuch ab.<\/li>\n<li>Wenn Zweifel bestehen, ob die Schutzvorrichtungen richtig geschlossen sind.\u00a0<strong>NEIN\u00a0<\/strong>du machst es nass.<\/li>\n<li>Vermeiden Sie aggressive Tests, um Ihre Ausdauer unter Beweis zu stellen<\/li>\n<li>Es ist nicht ratsam, die Ger\u00e4tetasten im Wasser zu manipulieren.<\/li>\n<li>Es wird empfohlen, das Ger\u00e4t NICHT in Salzwasser einzuweichen, da die IP-Zertifizierung nur f\u00fcr S\u00fc\u00dfwasser gilt.<\/li>\n<\/ul>","protected":false},"excerpt":{"rendered":"<p>Blackview BV7200 | 10 GB (6GB + 4GB) RAM + 128 GB ROM Blackview BV7200, un\u00a0 estilo de vida robusto e invencible con el nuevo modelo de Blackview rugerizado, resistente al agua, polvo. Dise\u00f1ado con un nivel superior de durabilidad para sobrevivir a las ca\u00eddas y golpes del d\u00eda a d\u00eda. Con una luz indicadora,<\/p>\n<div class=\"klb-readmore entry-button\"><a class=\"btn read-more\" href=\"https:\/\/blackviewphones.com\/de\/product\/blackview-bv7200-10-gb-6gb-4gb-ram-128-gb-rom\/\">Mehr lesen<\/a><\/div>","protected":false},"featured_media":3651,"comment_status":"closed","ping_status":"closed","template":"","meta":{"_acf_changed":false},"product_brand":[],"product_cat":[349],"product_tag":[],"class_list":{"0":"post-6424","1":"product","2":"type-product","3":"status-publish","4":"has-post-thumbnail","6":"product_cat-sin-categoria","8":"first","9":"outofstock","10":"sale","11":"shipping-taxable","12":"purchasable","13":"product-type-variable","14":"has-default-attributes"},"acf":[],"_links":{"self":[{"href":"https:\/\/blackviewphones.com\/de\/wp-json\/wp\/v2\/product\/6424","targetHints":{"allow":["GET"]}}],"collection":[{"href":"https:\/\/blackviewphones.com\/de\/wp-json\/wp\/v2\/product"}],"about":[{"href":"https:\/\/blackviewphones.com\/de\/wp-json\/wp\/v2\/types\/product"}],"replies":[{"embeddable":true,"href":"https:\/\/blackviewphones.com\/de\/wp-json\/wp\/v2\/comments?post=6424"}],"version-history":[{"count":0,"href":"https:\/\/blackviewphones.com\/de\/wp-json\/wp\/v2\/product\/6424\/revisions"}],"wp:featuredmedia":[{"embeddable":true,"href":"https:\/\/blackviewphones.com\/de\/wp-json\/wp\/v2\/media\/3651"}],"wp:attachment":[{"href":"https:\/\/blackviewphones.com\/de\/wp-json\/wp\/v2\/media?parent=6424"}],"wp:term":[{"taxonomy":"product_brand","embeddable":true,"href":"https:\/\/blackviewphones.com\/de\/wp-json\/wp\/v2\/product_brand?post=6424"},{"taxonomy":"product_cat","embeddable":true,"href":"https:\/\/blackviewphones.com\/de\/wp-json\/wp\/v2\/product_cat?post=6424"},{"taxonomy":"product_tag","embeddable":true,"href":"https:\/\/blackviewphones.com\/de\/wp-json\/wp\/v2\/product_tag?post=6424"}],"curies":[{"name":"wp","href":"https:\/\/api.w.org\/{rel}","templated":true}]}}