

{"id":6361,"date":"2025-03-14T09:11:59","date_gmt":"2025-03-14T08:11:59","guid":{"rendered":"https:\/\/blackviewphones.com\/?post_type=product&#038;p=6361"},"modified":"2026-02-03T13:48:45","modified_gmt":"2026-02-03T12:48:45","slug":"blackview-bl8800-pro-5g-warmebildkamera","status":"publish","type":"product","link":"https:\/\/blackviewphones.com\/de\/product\/blackview-bl8800-pro-5g-camara-termica\/","title":{"rendered":"Blackview BL8800 Pro | 5G-W\u00e4rmebildkamera"},"content":{"rendered":"<h1>Blackview BL8800 Pro 5G \u2013 Mit W\u00e4rmebildkamera<\/h1>\n<p>Blackview BL8800 Pro \u2013 5G kommt mit integrierter W\u00e4rmebildkamera auf den Markt.<\/p>\n<p>Es hat eine Kapazit\u00e4t von<strong> 8 GB RAM und 128 GB ROM<\/strong>, mit dem MediaTek Dimensity 700 (MT6833)-Prozessor der neuesten Generation, der es Ihnen erm\u00f6glicht, mehrere Aufgaben gleichzeitig zu erledigen und nahtlos zwischen Anwendungen zu wechseln.<\/p>\n<p>Es ist auch ein Ger\u00e4t, das \u00fcber eine dreifache 50-Megapixel-Kamera verf\u00fcgt und von zwei weiteren mit 2MP und 5MP unterst\u00fctzt wird<\/p>\n<p>Ger\u00e4t getestet nach IP68 &amp; IP69K.<\/p>\n<p>Der Bildschirm ist 6,58 Zoll gro\u00df, verf\u00fcgt \u00fcber einen 8380-mAh-Akku und das Betriebssystem Android 11.<\/p>\n<h2><span style=\"font-size: 16px;\">IP68: WAS SIE TUN K\u00d6NNEN UND WAS NICHT<\/span><\/h2>\n<p>Wenn ein Ger\u00e4t IP68-zertifiziert ist, bedeutet dies, dass es in Wasser getaucht werden kann. <strong>S\u00fc\u00dfwasser<\/strong>\u00a0<strong>in Tiefen von bis zu einem Meter f\u00fcr maximal 30 Minuten, vorausgesetzt, die Schutzvorrichtungen der Anschl\u00fcsse bleiben ordnungsgem\u00e4\u00df abgedichtet.<\/strong><\/p>\n<p><strong>Wir hinterlassen Ihnen einige Tipps<\/strong>\u00a0<strong>f\u00fcr jedes Endger\u00e4t mit IP68-Zertifizierung<\/strong>:<\/p>\n<ul>\n<li>Setzen Sie das IP68-Smartphone keinen Wasserstr\u00f6mungen wie Leitungswasser, Meereswellen oder Wasserf\u00e4llen aus.<\/li>\n<li>Wenn Ihr IP68-Smartphone S\u00fc\u00dfwasser ausgesetzt war, trocknen Sie es vorsichtig mit einem sauberen, weichen Tuch ab.<\/li>\n<li>Wenn das IP68-Smartphone mit einer anderen Fl\u00fcssigkeit als S\u00fc\u00dfwasser (z. B. Meerwasser) in Ber\u00fchrung gekommen ist, sp\u00fclen Sie das Ger\u00e4t sofort vorsichtig mit S\u00fc\u00dfwasser ab und trocknen Sie es gr\u00fcndlich mit einem weichen, sauberen Tuch ab.<\/li>\n<li>Wenn Zweifel bestehen, ob die Schutzvorrichtungen richtig geschlossen sind.\u00a0<strong>NEIN\u00a0<\/strong>du machst es nass.<\/li>\n<li>Wir empfehlen nicht, aggressive Tests durchzuf\u00fchren, um Ihre Widerstandsf\u00e4higkeit nachzuweisen.<\/li>\n<li>Es ist nicht ratsam, die Ger\u00e4tetasten im Wasser zu manipulieren.<\/li>\n<li>Es wird nicht empfohlen, das Ger\u00e4t in Salzwasser einzutauchen, da die IP-Zertifizierung nur f\u00fcr S\u00fc\u00dfwasser gilt.<\/li>\n<\/ul>","protected":false},"excerpt":{"rendered":"<p>MediaTek Dimensity 700<\/p>\n<p>8 GB RAM 128 GB ROM<\/p>\n<p>Android 11 \u2013 5G | W\u00e4rmesensor<\/p>\n<p>176,2 mm * 83,5 mm * 17,7 mm<\/p>\n<p>Bildschirm 6,58\u2033 Gewicht 367 g<\/p>\n<p>8380 mAh<\/p>\n<p>Robustes Mobiltelefon mit NFC<\/p>","protected":false},"featured_media":3554,"comment_status":"closed","ping_status":"closed","template":"","meta":{"_acf_changed":false},"product_brand":[],"product_cat":[349],"product_tag":[184],"class_list":{"0":"post-6361","1":"product","2":"type-product","3":"status-publish","4":"has-post-thumbnail","6":"product_cat-sin-categoria","7":"product_tag-camara-termica","9":"first","10":"outofstock","11":"sale","12":"shipping-taxable","13":"purchasable","14":"product-type-variable","15":"has-default-attributes"},"acf":[],"_links":{"self":[{"href":"https:\/\/blackviewphones.com\/de\/wp-json\/wp\/v2\/product\/6361","targetHints":{"allow":["GET"]}}],"collection":[{"href":"https:\/\/blackviewphones.com\/de\/wp-json\/wp\/v2\/product"}],"about":[{"href":"https:\/\/blackviewphones.com\/de\/wp-json\/wp\/v2\/types\/product"}],"replies":[{"embeddable":true,"href":"https:\/\/blackviewphones.com\/de\/wp-json\/wp\/v2\/comments?post=6361"}],"version-history":[{"count":0,"href":"https:\/\/blackviewphones.com\/de\/wp-json\/wp\/v2\/product\/6361\/revisions"}],"wp:featuredmedia":[{"embeddable":true,"href":"https:\/\/blackviewphones.com\/de\/wp-json\/wp\/v2\/media\/3554"}],"wp:attachment":[{"href":"https:\/\/blackviewphones.com\/de\/wp-json\/wp\/v2\/media?parent=6361"}],"wp:term":[{"taxonomy":"product_brand","embeddable":true,"href":"https:\/\/blackviewphones.com\/de\/wp-json\/wp\/v2\/product_brand?post=6361"},{"taxonomy":"product_cat","embeddable":true,"href":"https:\/\/blackviewphones.com\/de\/wp-json\/wp\/v2\/product_cat?post=6361"},{"taxonomy":"product_tag","embeddable":true,"href":"https:\/\/blackviewphones.com\/de\/wp-json\/wp\/v2\/product_tag?post=6361"}],"curies":[{"name":"wp","href":"https:\/\/api.w.org\/{rel}","templated":true}]}}