

{"id":6190,"date":"2025-03-14T09:01:13","date_gmt":"2025-03-14T08:01:13","guid":{"rendered":"https:\/\/blackviewphones.com\/?post_type=product&#038;p=6190"},"modified":"2026-04-12T22:04:38","modified_gmt":"2026-04-12T20:04:38","slug":"blackview-schnellladestecker","status":"publish","type":"product","link":"https:\/\/blackviewphones.com\/de\/product\/blackview-enchufe-cargador-carga-rapida\/","title":{"rendered":"Blackview Schnellladestecker"},"content":{"rendered":"<h1 class=\"product_title entry-title\">Blackview Schnellladestecker<\/h1>\n<p id=\"title\" class=\"a-size-large a-spacing-none\"><span id=\"productTitle\" class=\"a-size-large\">Blackview-Ladeger\u00e4t (Netzteil) zum schnellen Laden.<\/span><\/p>\n<p>W\u00e4hlen Sie die am besten zu Ihrem Ger\u00e4t passende Option. Wir laden Sie ein, die Spezifikationen einzusehen, um die richtige Wahl f\u00fcr Sie zu treffen.<\/p>\n<p>&nbsp;<\/p>\n<p>&nbsp;<\/p>","protected":false},"excerpt":{"rendered":"<p>Blackview Schnellladestecker. Blackview Schnellladeger\u00e4t (Netzteil). W\u00e4hlen Sie das am besten geeignete Ladeger\u00e4t f\u00fcr Ihr Ger\u00e4t. Sehen Sie sich die technischen Daten an, um das passende Ladeger\u00e4t zu finden. &nbsp; &nbsp;<\/p>","protected":false},"featured_media":11951,"comment_status":"closed","ping_status":"closed","template":"","meta":{"_acf_changed":false},"product_brand":[287],"product_cat":[154],"product_tag":[],"class_list":{"0":"post-6190","1":"product","2":"type-product","3":"status-publish","4":"has-post-thumbnail","6":"product_brand-blackview","7":"product_cat-accesorios-blackview","9":"first","10":"instock","11":"sale","12":"shipping-taxable","13":"purchasable","14":"product-type-variable"},"acf":[],"_links":{"self":[{"href":"https:\/\/blackviewphones.com\/de\/wp-json\/wp\/v2\/product\/6190","targetHints":{"allow":["GET"]}}],"collection":[{"href":"https:\/\/blackviewphones.com\/de\/wp-json\/wp\/v2\/product"}],"about":[{"href":"https:\/\/blackviewphones.com\/de\/wp-json\/wp\/v2\/types\/product"}],"replies":[{"embeddable":true,"href":"https:\/\/blackviewphones.com\/de\/wp-json\/wp\/v2\/comments?post=6190"}],"version-history":[{"count":0,"href":"https:\/\/blackviewphones.com\/de\/wp-json\/wp\/v2\/product\/6190\/revisions"}],"wp:featuredmedia":[{"embeddable":true,"href":"https:\/\/blackviewphones.com\/de\/wp-json\/wp\/v2\/media\/11951"}],"wp:attachment":[{"href":"https:\/\/blackviewphones.com\/de\/wp-json\/wp\/v2\/media?parent=6190"}],"wp:term":[{"taxonomy":"product_brand","embeddable":true,"href":"https:\/\/blackviewphones.com\/de\/wp-json\/wp\/v2\/product_brand?post=6190"},{"taxonomy":"product_cat","embeddable":true,"href":"https:\/\/blackviewphones.com\/de\/wp-json\/wp\/v2\/product_cat?post=6190"},{"taxonomy":"product_tag","embeddable":true,"href":"https:\/\/blackviewphones.com\/de\/wp-json\/wp\/v2\/product_tag?post=6190"}],"curies":[{"name":"wp","href":"https:\/\/api.w.org\/{rel}","templated":true}]}}