

{"id":6179,"date":"2025-03-14T09:00:24","date_gmt":"2025-03-14T08:00:24","guid":{"rendered":"https:\/\/blackviewphones.com\/?post_type=product&#038;p=6179"},"modified":"2026-04-27T11:35:25","modified_gmt":"2026-04-27T09:35:25","slug":"horizontale-handyhulle-von-blackview","status":"publish","type":"product","link":"https:\/\/blackviewphones.com\/de\/product\/funda-movil-blackview-horizontal\/","title":{"rendered":"Horizontale Handyh\u00fclle von Blackview"},"content":{"rendered":"<h1>Horizontale Handyh\u00fclle von Blackview<\/h1>\n<p><strong>Ideal, um Ihr Ger\u00e4t immer in Ihrer N\u00e4he zu tragen und es in der Blackview Horizontal Mobile Case sehr gut gesch\u00fctzt zu haben<\/strong><\/p>\n<p><span class=\"a-list-item\">HANDLICH UND GESCH\u00dcTZT: Durch den praktischen G\u00fcrtel- und Hosenclip der schwarzen Schutzh\u00fclle l\u00e4sst sich Ihr Smartphone ganz einfach befestigen und bleibt so immer griffbereit und perfekt gesch\u00fctzt in der Tasche.<\/span><\/p>\n<p><span class=\"a-list-item\">ELEGANT: Diese universelle Schutzh\u00fclle hat die Ma\u00dfe 16,5 cm 8,5 cm 1,5 cm und ist aus sehr strapazierf\u00e4higem Kunstleder gefertigt. Maximaler Schutz vor Schmutz, Kratzern, St\u00f6\u00dfen und St\u00fcrzen.<\/span><\/p>\n<p><span class=\"a-list-item\">KOMPATIBEL MIT: Fast allen Blackview-Ger\u00e4ten au\u00dfer BV6100, BV9100, BV9500 plus, BV9500 Pro, BV9600, BV9600 Pro, BV9700, BV9800, BV9800 Pro und anderen.<\/span><\/p>\n<p><span class=\"a-list-item\">N\u00dcCHTERN: Durch das schlichte, einfarbige Design passt diese Tasche sehr gut zu Ihrer Kleidung und Ihren Accessoires.<\/span><\/p>\n<p><span class=\"a-list-item\">SICHER: Die aufsteckbare Abdeckung bleibt an Ort und Stelle, wo immer Sie sie platzieren. Es h\u00e4lt fest an Ihrem G\u00fcrtel!<\/span><\/p>","protected":false},"excerpt":{"rendered":"<p>Funda M\u00f3vil Blackview Horizontal Ideal para portar tu dispositivo siempre cerca de ti y muy bien protegido en la Funda M\u00f3vil Blackview Horizontal A MANO Y PROTEGIDO: El pr\u00e1ctico enganche para pantalones y cinturones del case protector negro, tu tel\u00e9fono m\u00f3vil inteligente se podr\u00e1 colocar f\u00e1cilmente, teni\u00e9ndolo siempre a mano y perfectamente protegido en el<\/p>\n<div class=\"klb-readmore entry-button\"><a class=\"btn read-more\" href=\"https:\/\/blackviewphones.com\/de\/product\/funda-movil-blackview-horizontal\/\">Mehr lesen<\/a><\/div>","protected":false},"featured_media":3278,"comment_status":"closed","ping_status":"closed","template":"","meta":{"_acf_changed":false},"product_brand":[],"product_cat":[330,154],"product_tag":[],"class_list":{"0":"post-6179","1":"product","2":"type-product","3":"status-publish","4":"has-post-thumbnail","6":"product_cat-accesorios-blackview-accesorios-para-moviles","7":"product_cat-accesorios-blackview","9":"first","10":"instock","11":"shipping-taxable","12":"purchasable","13":"product-type-variable","14":"has-default-attributes"},"acf":[],"_links":{"self":[{"href":"https:\/\/blackviewphones.com\/de\/wp-json\/wp\/v2\/product\/6179","targetHints":{"allow":["GET"]}}],"collection":[{"href":"https:\/\/blackviewphones.com\/de\/wp-json\/wp\/v2\/product"}],"about":[{"href":"https:\/\/blackviewphones.com\/de\/wp-json\/wp\/v2\/types\/product"}],"replies":[{"embeddable":true,"href":"https:\/\/blackviewphones.com\/de\/wp-json\/wp\/v2\/comments?post=6179"}],"version-history":[{"count":0,"href":"https:\/\/blackviewphones.com\/de\/wp-json\/wp\/v2\/product\/6179\/revisions"}],"wp:featuredmedia":[{"embeddable":true,"href":"https:\/\/blackviewphones.com\/de\/wp-json\/wp\/v2\/media\/3278"}],"wp:attachment":[{"href":"https:\/\/blackviewphones.com\/de\/wp-json\/wp\/v2\/media?parent=6179"}],"wp:term":[{"taxonomy":"product_brand","embeddable":true,"href":"https:\/\/blackviewphones.com\/de\/wp-json\/wp\/v2\/product_brand?post=6179"},{"taxonomy":"product_cat","embeddable":true,"href":"https:\/\/blackviewphones.com\/de\/wp-json\/wp\/v2\/product_cat?post=6179"},{"taxonomy":"product_tag","embeddable":true,"href":"https:\/\/blackviewphones.com\/de\/wp-json\/wp\/v2\/product_tag?post=6179"}],"curies":[{"name":"wp","href":"https:\/\/api.w.org\/{rel}","templated":true}]}}