

{"id":6138,"date":"2025-03-14T08:58:28","date_gmt":"2025-03-14T07:58:28","guid":{"rendered":"https:\/\/blackviewphones.com\/?post_type=product&#038;p=6138"},"modified":"2025-08-28T18:16:11","modified_gmt":"2025-08-28T16:16:11","slug":"blackview-tab-schutzhulle","status":"publish","type":"product","link":"https:\/\/blackviewphones.com\/de\/product\/funda-protectora-tab-blackview\/","title":{"rendered":"Blackview Tab Schutzh\u00fclle"},"content":{"rendered":"<h1>Blackview Tab Schutzh\u00fclle<\/h1>\n<p>Die Blackview Tab Schutzh\u00fclle ist unverzichtbar, wenn Sie Ihr Tab 8 oder Tab 10 Pro immer dabei haben m\u00f6chten. Dank der Faltfunktion k\u00f6nnen Sie es bequem auf Tischen oder Schreibtischen ablegen, ohne Ihre H\u00e4nde zu benutzen. Au\u00dferdem verf\u00fcgt sie \u00fcber die notwendigen \u00d6ffnungen f\u00fcr Kopfh\u00f6rer und Ladeger\u00e4t.<\/p>\n<p>Im Folgenden werden seine Eigenschaften genauer erl\u00e4utert:<\/p>\n<ul class=\"a-unordered-list a-vertical a-spacing-mini\">\n<li><span class=\"a-list-item\">Speziell f\u00fcr das Blackview Tab entwickelt.<\/span><\/li>\n<li><span class=\"a-list-item\">MATERIAL DE ALTA CALIDAD \u2013 Fabricado con material de alta calidad por fuera e interior de silicona para un c\u00f3modo sentido del tacto y un prop\u00f3sito duradero, mientras proporciona una protecci\u00f3n definitiva.<\/span><\/li>\n<li><span class=\"a-list-item\">IDEAL PARA SOSTENERLA \u2013<\/span>Zusammenklappen, um einen St\u00e4nder zum Ansehen von Videos, Spielen oder Arbeiten zu erstellen<\/li>\n<li><span class=\"a-list-item\">ACCESO F\u00c1CIL A TODOS LOS BOTONES \u2013 Ultra compacto y cortado con precisi\u00f3n para preservar el acceso completo a todos los botones sin quitar el caso como cargar, escuchar m\u00fasica, etc.<\/span><\/li>\n<\/ul>","protected":false},"excerpt":{"rendered":"<p>Funda protectora Tab Blackview La Funda protectora Tab Blackview es indispensable si quieres moverte y llevar contigo siempre tu Tab 8 o Tab 10 Pro, tiene pliegues que ter permitir\u00e1n tenerla apoyada en mesas o escritorios sin utilizar las manos, tambi\u00e9n cuenta con los orificios necesarios para auriculares y cargador. Te explicamos mejor sus caracter\u00edsticas<\/p>\n<div class=\"klb-readmore entry-button\"><a class=\"btn read-more\" href=\"https:\/\/blackviewphones.com\/de\/product\/funda-protectora-tab-blackview\/\">Mehr lesen<\/a><\/div>","protected":false},"featured_media":3202,"comment_status":"open","ping_status":"closed","template":"","meta":{"_acf_changed":false},"product_brand":[],"product_cat":[154],"product_tag":[],"class_list":{"0":"post-6138","1":"product","2":"type-product","3":"status-publish","4":"has-post-thumbnail","6":"product_cat-accesorios-blackview","8":"first","9":"outofstock","10":"shipping-taxable","11":"purchasable","12":"product-type-variable"},"acf":[],"_links":{"self":[{"href":"https:\/\/blackviewphones.com\/de\/wp-json\/wp\/v2\/product\/6138","targetHints":{"allow":["GET"]}}],"collection":[{"href":"https:\/\/blackviewphones.com\/de\/wp-json\/wp\/v2\/product"}],"about":[{"href":"https:\/\/blackviewphones.com\/de\/wp-json\/wp\/v2\/types\/product"}],"replies":[{"embeddable":true,"href":"https:\/\/blackviewphones.com\/de\/wp-json\/wp\/v2\/comments?post=6138"}],"version-history":[{"count":0,"href":"https:\/\/blackviewphones.com\/de\/wp-json\/wp\/v2\/product\/6138\/revisions"}],"wp:featuredmedia":[{"embeddable":true,"href":"https:\/\/blackviewphones.com\/de\/wp-json\/wp\/v2\/media\/3202"}],"wp:attachment":[{"href":"https:\/\/blackviewphones.com\/de\/wp-json\/wp\/v2\/media?parent=6138"}],"wp:term":[{"taxonomy":"product_brand","embeddable":true,"href":"https:\/\/blackviewphones.com\/de\/wp-json\/wp\/v2\/product_brand?post=6138"},{"taxonomy":"product_cat","embeddable":true,"href":"https:\/\/blackviewphones.com\/de\/wp-json\/wp\/v2\/product_cat?post=6138"},{"taxonomy":"product_tag","embeddable":true,"href":"https:\/\/blackviewphones.com\/de\/wp-json\/wp\/v2\/product_tag?post=6138"}],"curies":[{"name":"wp","href":"https:\/\/api.w.org\/{rel}","templated":true}]}}