

{"id":6106,"date":"2025-03-14T08:57:30","date_gmt":"2025-03-14T07:57:30","guid":{"rendered":"https:\/\/blackviewphones.com\/?post_type=product&#038;p=6106"},"modified":"2026-04-14T12:36:39","modified_gmt":"2026-04-14T10:36:39","slug":"sportarmband","status":"publish","type":"product","link":"https:\/\/blackviewphones.com\/de\/product\/brazalete-deportivo\/","title":{"rendered":"Sportarmband"},"content":{"rendered":"<h1>Sportarmband<\/h1>\n<p>Das Sportarmband ist ideal f\u00fcr jede Sportart wie zum Beispiel:<span class=\"a-list-item\">\u00a0Laufen, Angeln, Klettern, Fitnessstudio, Radfahren, Wandern, Gartenarbeit und vieles mehr.<\/span><\/p>\n<p>Es passt an das Handgelenk, hat ein Design, das das Drehen des Bildschirms erm\u00f6glicht, ohne dass es zur Verwendung vom St\u00e4nder abgenommen werden muss, ist schwarz und einfach zu bedienen.<\/p>\n<h2>Eigenschaften<\/h2>\n<ul class=\"a-unordered-list a-vertical a-spacing-none\">\n<li><span class=\"a-list-item\">\u00a0180\u00b0 Drehung als <\/span><span class=\"a-list-item\">Handyhalterung zum Tragen am Handgelenk. So k\u00f6nnen Sie jederzeit problemlos Nachrichten ansehen, Anrufe t\u00e4tigen oder ein Foto aufnehmen. Sie m\u00fcssen das Telefon nicht mehr vom Armband im alten Stil abnehmen.<\/span><\/li>\n<li><span class=\"a-list-item\">Universelle Kompatibilit\u00e4t: Passt auf die meisten Blackview-Mobiltelefone mit einer Bildschirmgr\u00f6\u00dfe von 4 bis 6,5 Zoll.<\/span><\/li>\n<li><span class=\"a-list-item\">Qualit\u00e4t: Es ist stark genug, um jedes Ger\u00e4t zu halten. <\/span><\/li>\n<li><span class=\"a-list-item\">Material: Weiches, elastisches Silikon, die Gr\u00f6\u00dfe l\u00e4sst sich leicht an verschiedene Modelle anpassen, elastischer Klettverschluss mit 9-Zoll-Handgelenkumfang, weiche Polsterhalterung unter dem Telefon f\u00fcr Komfort am Handgelenk und Schutz vor Kratzern.<\/span><\/li>\n<\/ul>","protected":false},"excerpt":{"rendered":"<p>Brazalete deportivo El Brazalete deportivo es ideal para hacer cualquier tipo de deporte como:\u00a0correr, pesca, escalada, gimnasio, ciclismo, senderismo, jardiner\u00eda y mucho m\u00e1s. Se ajusta a la mu\u00f1eca, tiene un dise\u00f1o que permite que se gire la pantalla, sin necesidad de quitarlo del soporte para su uso, es color negro y f\u00e1cil de usar. Caracter\u00edsticas<\/p>\n<div class=\"klb-readmore entry-button\"><a class=\"btn read-more\" href=\"https:\/\/blackviewphones.com\/de\/product\/brazalete-deportivo\/\">Mehr lesen<\/a><\/div>","protected":false},"featured_media":3128,"comment_status":"closed","ping_status":"closed","template":"","meta":{"_acf_changed":false},"product_brand":[],"product_cat":[42],"product_tag":[],"class_list":{"0":"post-6106","1":"product","2":"type-product","3":"status-publish","4":"has-post-thumbnail","6":"product_cat-moviles-blackview","8":"first","9":"instock","10":"sale","11":"purchasable","12":"product-type-variable","13":"has-default-attributes"},"acf":[],"_links":{"self":[{"href":"https:\/\/blackviewphones.com\/de\/wp-json\/wp\/v2\/product\/6106","targetHints":{"allow":["GET"]}}],"collection":[{"href":"https:\/\/blackviewphones.com\/de\/wp-json\/wp\/v2\/product"}],"about":[{"href":"https:\/\/blackviewphones.com\/de\/wp-json\/wp\/v2\/types\/product"}],"replies":[{"embeddable":true,"href":"https:\/\/blackviewphones.com\/de\/wp-json\/wp\/v2\/comments?post=6106"}],"version-history":[{"count":0,"href":"https:\/\/blackviewphones.com\/de\/wp-json\/wp\/v2\/product\/6106\/revisions"}],"wp:featuredmedia":[{"embeddable":true,"href":"https:\/\/blackviewphones.com\/de\/wp-json\/wp\/v2\/media\/3128"}],"wp:attachment":[{"href":"https:\/\/blackviewphones.com\/de\/wp-json\/wp\/v2\/media?parent=6106"}],"wp:term":[{"taxonomy":"product_brand","embeddable":true,"href":"https:\/\/blackviewphones.com\/de\/wp-json\/wp\/v2\/product_brand?post=6106"},{"taxonomy":"product_cat","embeddable":true,"href":"https:\/\/blackviewphones.com\/de\/wp-json\/wp\/v2\/product_cat?post=6106"},{"taxonomy":"product_tag","embeddable":true,"href":"https:\/\/blackviewphones.com\/de\/wp-json\/wp\/v2\/product_tag?post=6106"}],"curies":[{"name":"wp","href":"https:\/\/api.w.org\/{rel}","templated":true}]}}