

{"id":6098,"date":"2025-03-14T08:57:19","date_gmt":"2025-03-14T07:57:19","guid":{"rendered":"https:\/\/blackviewphones.com\/?post_type=product&#038;p=6098"},"modified":"2026-04-30T15:11:27","modified_gmt":"2026-04-30T13:11:27","slug":"blackview-micro-usb-kabel","status":"publish","type":"product","link":"https:\/\/blackviewphones.com\/de\/product\/blackview-cable-micro-usb\/","title":{"rendered":"Blackview USB-auf-Micro-USB-Ladekabel"},"content":{"rendered":"<h1 id=\"title\" class=\"a-size-large a-spacing-none\">Blackview USB-auf-Micro-USB-Ladekabel<\/h1>\n<p class=\"a-size-large a-spacing-none\"><span id=\"productTitle\" class=\"a-size-large\">Micro-USB-Ladekabel in verschiedenen Gr\u00f6\u00dfen f\u00fcr verschiedene Blackview-Mobiltelefone.<\/span><\/p>\n<p>Bevor Sie ein Kabel ausw\u00e4hlen, sollten Sie wissen, um welches Modell es sich bei Ihrem Endger\u00e4t handelt, damit Sie das optimale Kabel f\u00fcr Ihr Endger\u00e4t erhalten.<\/p>","protected":false},"excerpt":{"rendered":"<p>Blackview USB-auf-Micro-USB-Ladekabel. Micro-USB-Ladekabel in verschiedenen Gr\u00f6\u00dfen f\u00fcr diverse Blackview-Handys. Um das passende Kabel zu erhalten, sollten Sie vor der Auswahl Ihr Handymodell kennen.<\/p>","protected":false},"featured_media":3111,"comment_status":"closed","ping_status":"closed","template":"","meta":{"_acf_changed":false},"product_brand":[],"product_cat":[154,330],"product_tag":[],"class_list":{"0":"post-6098","1":"product","2":"type-product","3":"status-publish","4":"has-post-thumbnail","6":"product_cat-accesorios-blackview","7":"product_cat-accesorios-blackview-accesorios-para-moviles","9":"first","10":"instock","11":"purchasable","12":"product-type-variable"},"acf":[],"_links":{"self":[{"href":"https:\/\/blackviewphones.com\/de\/wp-json\/wp\/v2\/product\/6098","targetHints":{"allow":["GET"]}}],"collection":[{"href":"https:\/\/blackviewphones.com\/de\/wp-json\/wp\/v2\/product"}],"about":[{"href":"https:\/\/blackviewphones.com\/de\/wp-json\/wp\/v2\/types\/product"}],"replies":[{"embeddable":true,"href":"https:\/\/blackviewphones.com\/de\/wp-json\/wp\/v2\/comments?post=6098"}],"version-history":[{"count":0,"href":"https:\/\/blackviewphones.com\/de\/wp-json\/wp\/v2\/product\/6098\/revisions"}],"wp:featuredmedia":[{"embeddable":true,"href":"https:\/\/blackviewphones.com\/de\/wp-json\/wp\/v2\/media\/3111"}],"wp:attachment":[{"href":"https:\/\/blackviewphones.com\/de\/wp-json\/wp\/v2\/media?parent=6098"}],"wp:term":[{"taxonomy":"product_brand","embeddable":true,"href":"https:\/\/blackviewphones.com\/de\/wp-json\/wp\/v2\/product_brand?post=6098"},{"taxonomy":"product_cat","embeddable":true,"href":"https:\/\/blackviewphones.com\/de\/wp-json\/wp\/v2\/product_cat?post=6098"},{"taxonomy":"product_tag","embeddable":true,"href":"https:\/\/blackviewphones.com\/de\/wp-json\/wp\/v2\/product_tag?post=6098"}],"curies":[{"name":"wp","href":"https:\/\/api.w.org\/{rel}","templated":true}]}}