

{"id":6097,"date":"2025-03-14T08:57:18","date_gmt":"2025-03-14T07:57:18","guid":{"rendered":"https:\/\/blackviewphones.com\/?post_type=product&#038;p=6097"},"modified":"2026-04-20T09:14:27","modified_gmt":"2026-04-20T07:14:27","slug":"blackview-typ-c-ladekabel-verschiedene-modelle","status":"publish","type":"product","link":"https:\/\/blackviewphones.com\/de\/product\/blackview-cable-de-carga-tipo-c-diferentes-modelos\/","title":{"rendered":"Blackview Typ-C Ladekabel \u2013 Verschiedene Modelle"},"content":{"rendered":"<h1 id=\"title\" class=\"a-size-large a-spacing-none\">Blackview Typ-C Ladekabel \u2013 Verschiedene Modelle<\/h1>\n<p id=\"title\" class=\"a-size-large a-spacing-none\"><span id=\"productTitle\" class=\"a-size-large\">Blackview Ladekabel auf Typ-C <\/span><span id=\"productTitle\" class=\"a-size-large\">verschiedene Gr\u00f6\u00dfen f\u00fcr verschiedene Blackview-Mobiltelefone.<\/span><\/p>\n<p>Bevor Sie ein Kabel ausw\u00e4hlen, sollten Sie wissen, um welches Modell es sich bei Ihrem Endger\u00e4t handelt, damit Sie das optimale Kabel f\u00fcr Ihr Endger\u00e4t erhalten. Typ C zu Typ C Eingang<\/p>","protected":false},"excerpt":{"rendered":"<p>Blackview Cable de carga a Tipo C &#8211; Diferentes Modelos Blackview Cable de carga a Tipo-C diferentes tama\u00f1os para diferentes m\u00f3viles Blackview. Antes de seleccionar un cable, debe saber que modelo es su terminal y as\u00ed obtener el cable \u00f3ptimo para su terminal. Entrada Tipo C a Tipo C<\/p>","protected":false},"featured_media":3105,"comment_status":"closed","ping_status":"closed","template":"","meta":{"_acf_changed":false},"product_brand":[],"product_cat":[154],"product_tag":[],"class_list":{"0":"post-6097","1":"product","2":"type-product","3":"status-publish","4":"has-post-thumbnail","6":"product_cat-accesorios-blackview","8":"first","9":"instock","10":"purchasable","11":"product-type-variable"},"acf":[],"_links":{"self":[{"href":"https:\/\/blackviewphones.com\/de\/wp-json\/wp\/v2\/product\/6097","targetHints":{"allow":["GET"]}}],"collection":[{"href":"https:\/\/blackviewphones.com\/de\/wp-json\/wp\/v2\/product"}],"about":[{"href":"https:\/\/blackviewphones.com\/de\/wp-json\/wp\/v2\/types\/product"}],"replies":[{"embeddable":true,"href":"https:\/\/blackviewphones.com\/de\/wp-json\/wp\/v2\/comments?post=6097"}],"version-history":[{"count":0,"href":"https:\/\/blackviewphones.com\/de\/wp-json\/wp\/v2\/product\/6097\/revisions"}],"wp:featuredmedia":[{"embeddable":true,"href":"https:\/\/blackviewphones.com\/de\/wp-json\/wp\/v2\/media\/3105"}],"wp:attachment":[{"href":"https:\/\/blackviewphones.com\/de\/wp-json\/wp\/v2\/media?parent=6097"}],"wp:term":[{"taxonomy":"product_brand","embeddable":true,"href":"https:\/\/blackviewphones.com\/de\/wp-json\/wp\/v2\/product_brand?post=6097"},{"taxonomy":"product_cat","embeddable":true,"href":"https:\/\/blackviewphones.com\/de\/wp-json\/wp\/v2\/product_cat?post=6097"},{"taxonomy":"product_tag","embeddable":true,"href":"https:\/\/blackviewphones.com\/de\/wp-json\/wp\/v2\/product_tag?post=6097"}],"curies":[{"name":"wp","href":"https:\/\/api.w.org\/{rel}","templated":true}]}}