

{"id":6096,"date":"2025-03-14T08:57:16","date_gmt":"2025-03-14T07:57:16","guid":{"rendered":"https:\/\/blackviewphones.com\/?post_type=product&#038;p=6096"},"modified":"2026-02-17T15:04:26","modified_gmt":"2026-02-17T14:04:26","slug":"blackview-kopfhorer","status":"publish","type":"product","link":"https:\/\/blackviewphones.com\/de\/product\/blackview-auriculares\/","title":{"rendered":"Blackview Kopfh\u00f6rer"},"content":{"rendered":"<div class=\"row\">\n<div class=\"col-xs-12\">\n<h1>Blackview Kopfh\u00f6rer<\/h1>\n<p>Blackview-Kopfh\u00f6rer f\u00fcr verschiedene Modelle, je nach Ihrem Endger\u00e4t.<\/p>\n<p>Je nach Modell auch mit kurzem oder langem Spike.<\/p>\n<\/div>\n<\/div>","protected":false},"excerpt":{"rendered":"<p>Blackview-Kopfh\u00f6rer: Blackview-Kopfh\u00f6rer sind f\u00fcr verschiedene Ger\u00e4temodelle erh\u00e4ltlich, je nach Ihrem Ger\u00e4t. Je nach Modell sind sie auch mit kurzen oder langen Steckern verf\u00fcgbar.<\/p>","protected":false},"featured_media":3102,"comment_status":"closed","ping_status":"closed","template":"","meta":{"_acf_changed":false},"product_brand":[],"product_cat":[42],"product_tag":[],"class_list":{"0":"post-6096","1":"product","2":"type-product","3":"status-publish","4":"has-post-thumbnail","6":"product_cat-moviles-blackview","8":"first","9":"instock","10":"purchasable","11":"product-type-variable"},"acf":[],"_links":{"self":[{"href":"https:\/\/blackviewphones.com\/de\/wp-json\/wp\/v2\/product\/6096","targetHints":{"allow":["GET"]}}],"collection":[{"href":"https:\/\/blackviewphones.com\/de\/wp-json\/wp\/v2\/product"}],"about":[{"href":"https:\/\/blackviewphones.com\/de\/wp-json\/wp\/v2\/types\/product"}],"replies":[{"embeddable":true,"href":"https:\/\/blackviewphones.com\/de\/wp-json\/wp\/v2\/comments?post=6096"}],"version-history":[{"count":0,"href":"https:\/\/blackviewphones.com\/de\/wp-json\/wp\/v2\/product\/6096\/revisions"}],"wp:featuredmedia":[{"embeddable":true,"href":"https:\/\/blackviewphones.com\/de\/wp-json\/wp\/v2\/media\/3102"}],"wp:attachment":[{"href":"https:\/\/blackviewphones.com\/de\/wp-json\/wp\/v2\/media?parent=6096"}],"wp:term":[{"taxonomy":"product_brand","embeddable":true,"href":"https:\/\/blackviewphones.com\/de\/wp-json\/wp\/v2\/product_brand?post=6096"},{"taxonomy":"product_cat","embeddable":true,"href":"https:\/\/blackviewphones.com\/de\/wp-json\/wp\/v2\/product_cat?post=6096"},{"taxonomy":"product_tag","embeddable":true,"href":"https:\/\/blackviewphones.com\/de\/wp-json\/wp\/v2\/product_tag?post=6096"}],"curies":[{"name":"wp","href":"https:\/\/api.w.org\/{rel}","templated":true}]}}