

{"id":5020,"date":"2025-01-17T16:43:41","date_gmt":"2025-01-17T15:43:41","guid":{"rendered":"https:\/\/blackviewphones.com\/?product=blackview-bv8200-36-gb-ram-256-gb-rom-ai-brillo-linterna-negro"},"modified":"2026-04-08T14:15:39","modified_gmt":"2026-04-08T12:15:39","slug":"blackview-bv8200-36-gb-ram-256-gb-rom-taschenlampe","status":"publish","type":"product","link":"https:\/\/blackviewphones.com\/de\/produkt\/blackview-bv8200-36-gb-ram-256-gb-rom-taschenlampe\/","title":{"rendered":"Blackview BV8200 | 36 GB (12 GB + 24 GB) RAM 256 GB ROM"},"content":{"rendered":"<h1>Blackview BV8200 | 36 GB (12 GB + 24 GB) RAM 256 GB ROM<\/h1>\n<p>Wir pr\u00e4sentieren die\u00a0<strong>BV8200, ein robustes Telefon.<\/strong>\u00a0Entwickelt, um den anspruchsvollsten Umgebungen mit einer Taschenlampe mit bis zu 170 Lumen standzuhalten. Ausgestattet mit einem leistungsstarken Prozessor\u00a0<strong>MediaTek Helio G100<\/strong>\u00a0und die\u00a0<strong>Android 14<\/strong>. Mit\u00a0<strong>12 GB<\/strong>\u00a0<strong>RAM<\/strong>\u00a0bis\u00a0<strong>24 GB<\/strong><strong>\u00a0weiter<\/strong>\u00a0Erweiterung bietet Ihnen dieses Ger\u00e4t eine schnelle und reibungslose Leistung bei allen Ihren Aufgaben. Mit einer internen Speicherkapazit\u00e4t von\u00a0<strong>256 GB<\/strong>\u00a0und der M\u00f6glichkeit, per microSD-Karte um bis zu weitere 2 TB zu erweitern, haben Sie mehr als genug Speicherplatz f\u00fcr Ihre Dateien, Apps und Medien.<\/p>\n<p>Sein Doppelbildschirm\u00a0<strong>CORNING\u00ae GORILLA\u00ae GLASS 5, l<\/strong>eine Front 6,5 Zoll,\u00a0<strong>120 Hz<\/strong>, bietet ein beeindruckendes und lebendiges visuelles Erlebnis, w\u00e4hrend der langlebige Akku\u00a0<strong>8800 mAh<\/strong>\u00a0erm\u00f6glicht Ihnen eine l\u00e4ngere Nutzung, ohne sich Sorgen machen zu m\u00fcssen, dass Ihnen der Strom ausgeht. Es verf\u00fcgt au\u00dferdem \u00fcber ein 1,3-Zoll-Display mit 60 Hz auf der R\u00fcckseite.<\/p>\n<p>Das BV8200 verf\u00fcgt \u00fcber eine R\u00fcckkamera\u00a0<strong>50MP Samsung\u00ae ISOCELL GN5<\/strong>, wodurch Sie auch bei schlechten Lichtverh\u00e4ltnissen qualitativ hochwertige Bilder und Videos aufnehmen k\u00f6nnen. Dar\u00fcber hinaus eignet sich die 32-MPx-Frontkamera perfekt zum Aufnehmen atemberaubender Selfies und verf\u00fcgt \u00fcber einen KI-Fotoeditor.<\/p>\n<p>Dar\u00fcber hinaus verf\u00fcgt es \u00fcber leistungsstarke Leistung und Speicherkapazit\u00e4t. Der BV8200 hat\u00a0<strong>IP68- und IP69K-Zertifizierungen<\/strong>, was bedeutet, dass es s\u00fc\u00dfwasser- und staubbest\u00e4ndig ist. Es erf\u00fcllt auch Milit\u00e4rstandards.\u00a0<strong>MIL-STD-810H<\/strong>, was seine Widerstandsf\u00e4higkeit gegen\u00fcber extremen Bedingungen wie St\u00fcrzen, Vibrationen und extremen Temperaturen garantiert.<\/p>\n<h2><span style=\"font-size: 16px;\">Verpassen Sie nicht die Gelegenheit, das BV8200 zu kaufen, ein robustes und zuverl\u00e4ssiges Telefon, das Sie auf Ihren extremsten Abenteuern begleitet. Erleben Sie au\u00dfergew\u00f6hnliche Leistung, lange Akkulaufzeit, leistungsstarke Taschenlampe und herausragende Kameraqualit\u00e4t. Machen Sie sich bereit, Ihr mobiles Erlebnis mit dem Blackview BV8200 auf die n\u00e4chste Stufe zu heben!<\/span><\/h2>\n<h3>IP68: WAS SIE TUN K\u00d6NNEN UND WAS NICHT<\/h3>\n<p>Wenn ein Ger\u00e4t IP68-zertifiziert ist, bedeutet dies, dass es in Wasser getaucht werden kann.\u00a0<strong>S\u00fc\u00dfwasser<\/strong>\u00a0<strong>in Tiefen von bis zu einem Meter f\u00fcr maximal 30 Minuten, vorausgesetzt, dass die Schutzvorrichtungen der Anschl\u00fcsse ordnungsgem\u00e4\u00df abgedichtet bleiben.<\/strong><\/p>\n<p><strong>Wir hinterlassen Ihnen einige Tipps<\/strong>\u00a0<strong>f\u00fcr jedes Endger\u00e4t mit IP68-Zertifizierung<\/strong>:<\/p>\n<ul>\n<li>Setzen Sie das IP68-Smartphone keinen Wasserstr\u00f6mungen wie Leitungswasser, Meereswellen oder Wasserf\u00e4llen aus.<\/li>\n<li>Wenn Ihr IP68-Smartphone mit S\u00fc\u00dfwasser in Ber\u00fchrung gekommen ist, trocknen Sie es au\u00dferdem vorsichtig mit einem sauberen, weichen Tuch ab.<\/li>\n<li>Wenn das IP68-Smartphone mit einer anderen Fl\u00fcssigkeit als S\u00fc\u00dfwasser (z. B. Meerwasser) in Ber\u00fchrung gekommen ist, sp\u00fclen Sie das Ger\u00e4t sofort vorsichtig mit S\u00fc\u00dfwasser ab und trocknen Sie es gr\u00fcndlich mit einem weichen, sauberen Tuch ab.<\/li>\n<li>Wenn Zweifel bestehen, ob die Schutzvorrichtungen richtig geschlossen sind.\u00a0<strong>NEIN\u00a0<\/strong>du machst es nass.<\/li>\n<li>Vermeiden Sie aggressive Tests, um Ihre Ausdauer unter Beweis zu stellen<\/li>\n<li>Es ist nicht ratsam, die Ger\u00e4tetasten im Wasser zu manipulieren.<\/li>\n<li>Es wird empfohlen, das Ger\u00e4t NICHT in Salzwasser zu tauchen, da die IP-Zertifizierung nur f\u00fcr S\u00fc\u00dfwasser gilt.<\/li>\n<\/ul>","protected":false},"excerpt":{"rendered":"<p>Robustes Mobiltelefon mit NFC<\/p>\n<p>MediaTek Helio G100<\/p>\n<p>12 GB + 24 GB RAM 256 GB ROM<\/p>\n<p>Android 14 | 170 LM Taschenlampe<\/p>\n<p>174,6*81,1*16,5 mm<\/p>\n<p>6,5-Zoll-Display mit 500 Nits<\/p>\n<p>8800 mAh Gewicht 370 g<\/p>\n<div id=\"gtx-trans\" style=\"position: absolute; left: 675px; top: 276.99px;\">\n<div class=\"gtx-trans-icon\"><\/div>\n<\/div>","protected":false},"featured_media":12571,"comment_status":"open","ping_status":"closed","template":"","meta":{"_acf_changed":false},"product_brand":[287],"product_cat":[42,136,166,159],"product_tag":[298],"class_list":{"0":"post-5020","1":"product","2":"type-product","3":"status-publish","4":"has-post-thumbnail","6":"product_brand-blackview","7":"product_cat-moviles-blackview","8":"product_cat-moviles-resistentes-rugerizados","9":"product_cat-moviles-resistentes-rugerizados-nuevos-modelos","10":"product_cat-ofertas","11":"product_tag-linterna","13":"first","14":"instock","15":"sale","16":"shipping-taxable","17":"purchasable","18":"product-type-variable"},"acf":[],"_links":{"self":[{"href":"https:\/\/blackviewphones.com\/de\/wp-json\/wp\/v2\/product\/5020","targetHints":{"allow":["GET"]}}],"collection":[{"href":"https:\/\/blackviewphones.com\/de\/wp-json\/wp\/v2\/product"}],"about":[{"href":"https:\/\/blackviewphones.com\/de\/wp-json\/wp\/v2\/types\/product"}],"replies":[{"embeddable":true,"href":"https:\/\/blackviewphones.com\/de\/wp-json\/wp\/v2\/comments?post=5020"}],"version-history":[{"count":0,"href":"https:\/\/blackviewphones.com\/de\/wp-json\/wp\/v2\/product\/5020\/revisions"}],"wp:featuredmedia":[{"embeddable":true,"href":"https:\/\/blackviewphones.com\/de\/wp-json\/wp\/v2\/media\/12571"}],"wp:attachment":[{"href":"https:\/\/blackviewphones.com\/de\/wp-json\/wp\/v2\/media?parent=5020"}],"wp:term":[{"taxonomy":"product_brand","embeddable":true,"href":"https:\/\/blackviewphones.com\/de\/wp-json\/wp\/v2\/product_brand?post=5020"},{"taxonomy":"product_cat","embeddable":true,"href":"https:\/\/blackviewphones.com\/de\/wp-json\/wp\/v2\/product_cat?post=5020"},{"taxonomy":"product_tag","embeddable":true,"href":"https:\/\/blackviewphones.com\/de\/wp-json\/wp\/v2\/product_tag?post=5020"}],"curies":[{"name":"wp","href":"https:\/\/api.w.org\/{rel}","templated":true}]}}