

{"id":4986,"date":"2025-01-17T16:43:29","date_gmt":"2025-01-17T15:43:29","guid":{"rendered":"https:\/\/blackviewphones.com\/?product=portatil-blackview-acebook-12-10th-16-gb-ram-512-gb-rom-gris"},"modified":"2026-01-07T10:46:50","modified_gmt":"2026-01-07T09:46:50","slug":"laptop-blackview-acebook-12-10-16-gb-ram-512-gb-rom","status":"publish","type":"product","link":"https:\/\/blackviewphones.com\/de\/product\/portatil-blackview-acebook-12-10th-16-gb-ram-512-gb-rom\/","title":{"rendered":"Blackview Acebook 12 10. Laptop | 16 GB RAM 512 GB ROM"},"content":{"rendered":"<h1>Blackview Acebook 12 10. Laptop | 16 GB RAM 512 GB ROM<\/h1>\n<p>Entdecken Sie die\u00a0<strong>Blackview Acebook 12 Notebook<\/strong>\u00a010th mit Core i5 1030 NG7-Prozessor ist da, um Ihr Technologieerlebnis zu revolutionieren. Mit seinem eleganten Design und den innovativen Funktionen bietet dieses Tablet Leistung, Vielseitigkeit und au\u00dfergew\u00f6hnliche Performance. Es verf\u00fcgt \u00fcber ein 16-Zoll-Display mit 60 Hz, 16 GB RAM und 512 GB ROM. Au\u00dferdem ist Windows 11 mit KI-Technologie vorinstalliert.<\/p>\n<h2><strong>Um 180\u00ba drehbarer Laptop: Un\u00fcbertroffene Flexibilit\u00e4t, immer bereit<\/strong><\/h2>\n<p>Das Apple 12 verf\u00fcgt \u00fcber ein um 180\u00b0 drehbares Scharnier, mit dem Sie das Display in jedem Winkel zwischen 0\u00b0 und 180\u00b0 einstellen und perfekt an Ihre Bed\u00fcrfnisse anpassen k\u00f6nnen. Egal, ob Sie Bildschirme teilen, mit Kollegen zusammenarbeiten oder vor einer Gruppe pr\u00e4sentieren, Sie finden immer den perfekten Winkel.<\/p>\n<h2><strong>3D-Surround-Sound, 360\u00ba-Immersion: Besseres Audioerlebnis<\/strong><\/h2>\n<p>Sp\u00fcren Sie die Tiefe, erleben Sie den Klang. Durch die Verwendung fortschrittlicher Audioverarbeitungsalgorithmen und die Simulation von Mehrkanalton bietet Apple 12 ein immersives Erlebnis in Kinoqualit\u00e4t \u00fcber Stereolautsprecher oder Kopfh\u00f6rer. Jede Note wird lebendig und jedes Detail ist kristallklar.<\/p>\n<p><strong data-start=\"132\" data-end=\"175\">Wichtige Informationen zur Tastatur<\/strong><br data-start=\"175\" data-end=\"178\" \/>Dieses Produkt ist ein <strong data-start=\"198\" data-end=\"235\">externe QWERTZ-Tastatur (separat)<\/strong>, somit <strong data-start=\"248\" data-end=\"275\">enth\u00e4lt nicht die Taste \u201e\u00d1\u201c<\/strong>.<\/p>\n<p><strong style=\"font-size: 16px;\">Laptop der Marke Blackview, aber nicht IP68, er darf nicht nass werden oder St\u00f6\u00dfen ausgesetzt werden.<\/strong><\/p>\n<p>\u00a0<\/p>","protected":false},"excerpt":{"rendered":"<p><strong data-start=\"132\" data-end=\"175\">Wichtige Informationen zur Tastatur<\/strong><br data-start=\"175\" data-end=\"178\" \/>Dieses Produkt ist ein <strong data-start=\"198\" data-end=\"235\">externe QWERTZ-Tastatur (separat)<\/strong>, somit <strong data-start=\"248\" data-end=\"275\">enth\u00e4lt nicht die Taste \u201e\u00d1\u201c<\/strong>.<\/p>\n<p>Intel\u00ae Core i5 \u2013 1030 NG7 Prozessor<\/p>\n<p>Leistungsstarke Intel\u00ae Iris\u00ae Plus Grafik<\/p>\n<p>359,52*233,83*18 mm<\/p>\n<p>16\u2033-Bildschirm | Gewicht 1,6 kg<\/p>\n<p>5000 mAh | Windows 11 Pro vorinstalliert<\/p>\n<p>16 GB RAM 512 GB ROM<\/p>","protected":false},"featured_media":4982,"comment_status":"open","ping_status":"closed","template":"","meta":{"_acf_changed":false},"product_brand":[287],"product_cat":[349],"product_tag":[],"class_list":{"0":"post-4986","1":"product","2":"type-product","3":"status-publish","4":"has-post-thumbnail","6":"product_brand-blackview","7":"product_cat-sin-categoria","9":"first","10":"outofstock","11":"sale","12":"featured","13":"shipping-taxable","14":"purchasable","15":"product-type-variable","16":"has-default-attributes"},"acf":[],"_links":{"self":[{"href":"https:\/\/blackviewphones.com\/de\/wp-json\/wp\/v2\/product\/4986","targetHints":{"allow":["GET"]}}],"collection":[{"href":"https:\/\/blackviewphones.com\/de\/wp-json\/wp\/v2\/product"}],"about":[{"href":"https:\/\/blackviewphones.com\/de\/wp-json\/wp\/v2\/types\/product"}],"replies":[{"embeddable":true,"href":"https:\/\/blackviewphones.com\/de\/wp-json\/wp\/v2\/comments?post=4986"}],"version-history":[{"count":0,"href":"https:\/\/blackviewphones.com\/de\/wp-json\/wp\/v2\/product\/4986\/revisions"}],"wp:featuredmedia":[{"embeddable":true,"href":"https:\/\/blackviewphones.com\/de\/wp-json\/wp\/v2\/media\/4982"}],"wp:attachment":[{"href":"https:\/\/blackviewphones.com\/de\/wp-json\/wp\/v2\/media?parent=4986"}],"wp:term":[{"taxonomy":"product_brand","embeddable":true,"href":"https:\/\/blackviewphones.com\/de\/wp-json\/wp\/v2\/product_brand?post=4986"},{"taxonomy":"product_cat","embeddable":true,"href":"https:\/\/blackviewphones.com\/de\/wp-json\/wp\/v2\/product_cat?post=4986"},{"taxonomy":"product_tag","embeddable":true,"href":"https:\/\/blackviewphones.com\/de\/wp-json\/wp\/v2\/product_tag?post=4986"}],"curies":[{"name":"wp","href":"https:\/\/api.w.org\/{rel}","templated":true}]}}