

{"id":4892,"date":"2025-01-17T16:43:03","date_gmt":"2025-01-17T15:43:03","guid":{"rendered":"https:\/\/blackviewphones.com\/?product=blackview-bv7300-luz-de-camping-18-gb-ram-256-gb-rom-negro"},"modified":"2026-04-16T10:04:28","modified_gmt":"2026-04-16T08:04:28","slug":"blackview-bv7300-campingleuchte-18-gb-ram-256-gb-rom","status":"publish","type":"product","link":"https:\/\/blackviewphones.com\/de\/product\/blackview-bv7300-luz-de-camping-18-gb-ram-256-gb-rom\/","title":{"rendered":"Blackview BV7300 \u2013 Campingleuchte | 18 GB RAM + 256 GB ROM"},"content":{"rendered":"<h1>Blackview BV7300 \u2013 Campingleuchte | 18 GB (6 GB + 12 GB) RAM + 256 GB ROM<\/h1>\n<p>Blackview BV7300, ein robustes 6,67-Zoll-Telefon mit 800 Lumen Licht. Mit \u00fcberragender Haltbarkeit entwickelt, um allt\u00e4gliche St\u00fcrze und St\u00f6\u00dfe zu \u00fcberstehen. Mit Kontrollleuchte, NFC, MediaTek Helio G81-Prozessor, RAM erweiterbar auf bis zu 18 GB und ROM von 256 GB erweiterbar auf bis zu 2 TB mit SD-Karte. Dar\u00fcber hinaus verf\u00fcgt es \u00fcber eine 50 Mpx Hauptkamera und eine 20 Mpx Nachtsichtkamera.<\/p>\n<p>Aktivieren Sie die Lampe oder das Campinglicht mit der orangefarbenen Seitentaste; Sie m\u00fcssen diese Funktion zuvor in den Einstellungen aktivieren. Au\u00dferdem k\u00f6nnen Sie damit die Anrufaufzeichnungsfunktion aktivieren.<\/p>\n<h2><span style=\"font-size: 16px;\">IP68: WAS SIE TUN K\u00d6NNEN UND WAS NICHT<\/span><\/h2>\n<p>Wenn ein Ger\u00e4t IP68-zertifiziert ist, bedeutet dies, dass es in Wasser getaucht werden kann. <strong>S\u00fc\u00dfwasser<\/strong>\u00a0<strong>in Tiefen von bis zu einem Meter f\u00fcr maximal 30 Minuten, vorausgesetzt, die Schutzvorrichtungen der Anschl\u00fcsse bleiben ordnungsgem\u00e4\u00df abgedichtet.<\/strong><\/p>\n<p><strong>Wir hinterlassen Ihnen einige Tipps<\/strong>\u00a0<strong>f\u00fcr jedes Endger\u00e4t mit IP68-Zertifizierung<\/strong>:<\/p>\n<ul>\n<li>Setzen Sie das IP68-Smartphone keinen Wasserstr\u00f6mungen wie Leitungswasser, Meereswellen oder Wasserf\u00e4llen aus.<\/li>\n<li>Wenn Ihr IP68-Smartphone mit S\u00fc\u00dfwasser in Ber\u00fchrung gekommen ist, trocknen Sie es au\u00dferdem vorsichtig mit einem sauberen, weichen Tuch ab.<\/li>\n<li>Wenn das IP68-Smartphone mit einer anderen Fl\u00fcssigkeit als S\u00fc\u00dfwasser (z. B. Meerwasser) in Ber\u00fchrung gekommen ist, sp\u00fclen Sie das Ger\u00e4t sofort mit mildem S\u00fc\u00dfwasser ab und trocknen Sie es sorgf\u00e4ltig mit einem weichen, sauberen Tuch ab.<\/li>\n<li>Wenn Zweifel bestehen, ob die Schutzvorrichtungen richtig geschlossen sind.\u00a0<strong>NEIN\u00a0<\/strong>du machst es nass.<\/li>\n<li>Vermeiden Sie aggressive Tests, um Ihre Ausdauer unter Beweis zu stellen<\/li>\n<li>Es ist nicht ratsam, die Ger\u00e4tetasten im Wasser zu manipulieren.<\/li>\n<li>Es wird empfohlen, das Ger\u00e4t NICHT in Salzwasser zu tauchen, da die IP-Zertifizierung nur f\u00fcr S\u00fc\u00dfwasser gilt.<\/li>\n<\/ul>","protected":false},"excerpt":{"rendered":"<p>MediaTek Helio G81<\/p>\n<p>6 GB + 12 GB RAM 256 GB ROM<\/p>\n<p>Android 14 | 15.000 mAh<\/p>\n<p>85 mm * 186,2 mm * 24 mm<\/p>\n<p>Bildschirm 6,67\u2033 | Gewicht 528 Gramm<\/p>\n<p>Anrufaufzeichnungsfunktion<\/p>\n<p>Robustes Mobiltelefon mit NFC<\/p>\n<p>800 LM Doppel-Campingleuchten<\/p>","protected":false},"featured_media":4886,"comment_status":"open","ping_status":"closed","template":"","meta":{"_acf_changed":false},"product_brand":[287],"product_cat":[42,136,166,159],"product_tag":[298],"class_list":{"0":"post-4892","1":"product","2":"type-product","3":"status-publish","4":"has-post-thumbnail","6":"product_brand-blackview","7":"product_cat-moviles-blackview","8":"product_cat-moviles-resistentes-rugerizados","9":"product_cat-moviles-resistentes-rugerizados-nuevos-modelos","10":"product_cat-ofertas","11":"product_tag-linterna","13":"first","14":"instock","15":"sale","16":"shipping-taxable","17":"purchasable","18":"product-type-variable","19":"has-default-attributes"},"acf":[],"_links":{"self":[{"href":"https:\/\/blackviewphones.com\/de\/wp-json\/wp\/v2\/product\/4892","targetHints":{"allow":["GET"]}}],"collection":[{"href":"https:\/\/blackviewphones.com\/de\/wp-json\/wp\/v2\/product"}],"about":[{"href":"https:\/\/blackviewphones.com\/de\/wp-json\/wp\/v2\/types\/product"}],"replies":[{"embeddable":true,"href":"https:\/\/blackviewphones.com\/de\/wp-json\/wp\/v2\/comments?post=4892"}],"version-history":[{"count":0,"href":"https:\/\/blackviewphones.com\/de\/wp-json\/wp\/v2\/product\/4892\/revisions"}],"wp:featuredmedia":[{"embeddable":true,"href":"https:\/\/blackviewphones.com\/de\/wp-json\/wp\/v2\/media\/4886"}],"wp:attachment":[{"href":"https:\/\/blackviewphones.com\/de\/wp-json\/wp\/v2\/media?parent=4892"}],"wp:term":[{"taxonomy":"product_brand","embeddable":true,"href":"https:\/\/blackviewphones.com\/de\/wp-json\/wp\/v2\/product_brand?post=4892"},{"taxonomy":"product_cat","embeddable":true,"href":"https:\/\/blackviewphones.com\/de\/wp-json\/wp\/v2\/product_cat?post=4892"},{"taxonomy":"product_tag","embeddable":true,"href":"https:\/\/blackviewphones.com\/de\/wp-json\/wp\/v2\/product_tag?post=4892"}],"curies":[{"name":"wp","href":"https:\/\/api.w.org\/{rel}","templated":true}]}}