

{"id":4864,"date":"2025-01-17T16:42:55","date_gmt":"2025-01-17T15:42:55","guid":{"rendered":"https:\/\/blackviewphones.com\/?product=blackview-r30-pro-smartwatch-negro"},"modified":"2025-12-22T11:20:32","modified_gmt":"2025-12-22T10:20:32","slug":"blackview-r30-pro-smartwatch","status":"publish","type":"product","link":"https:\/\/blackviewphones.com\/de\/product\/blackview-r30-pro-smartwatch\/","title":{"rendered":"Blackview R30 Pro \u2013 Smartwatch"},"content":{"rendered":"<h1>Blackview R30 Pro \u2013 Smartwatch<\/h1>\n<p>We invite you to meet Blackview\u2019s new smartwatch, the Blackview R30 Pro that lets you monitor your health, fast charging and with great battery life. It comes with a built-in flexible silicone wristband for comfort. Featuring a crystal clear 1.85\u2033 display, you\u2019ll enjoy seamless visual interaction to view your call notifications or reminders with a 280 mAh battery.<\/p>\n<p><strong>Beantworten Sie schnell Anrufe, erhalten Sie Benachrichtigungen und sehen Sie sich Erinnerungen an<\/strong><\/p>\n<p>This smartwatch features smart bluetooth that allows you to easily pair the connection with your phone. You can answer and ignore calls while doing sports or household chores. Plus, sync mobile notifications, message notifications and daily messages that you find most important while you\u2019re on the go.<\/p>\n<p><strong>Verfolgen Sie Ihre Herzfrequenz und \u00fcberwachen Sie Ihren Blutsauerstoff mit Ihrer Smartwatch<\/strong><\/p>\n<p>\u00dcberwachen Sie mit Ihrem R30 Pro Ihre Herzfrequenz w\u00e4hrend des Trainings in Echtzeit und halten Sie ein gesundes Tempo. Ver\u00e4nderungen der Blutsauerstoffindikatoren, um Ihren K\u00f6rper und gesunde Bewegungen besser zu verstehen.<\/p>\n<p><strong>\u00dcberwachen Sie den Schlafzustand und bewerten Sie seine Qualit\u00e4t<\/strong><\/p>\n<p>Hilft Ihnen, gute Ruhe- und Entspannungsgewohnheiten zu entwickeln. Ein erholsamer Schlaf ist ohne den Wecker des regul\u00e4ren Alarmmanagers nicht m\u00f6glich. Es \u00fcberwacht auch Ihren emotionalen Stress, eine stabile Stimmung kann Freude bereiten und einen guten Schlaf gew\u00e4hrleisten. Dar\u00fcber hinaus verf\u00fcgt es \u00fcber einen emotionalen Stressmonitor, der die Stimmung aufhellt und die Schlafqualit\u00e4t verbessert.<\/p>","protected":false},"excerpt":{"rendered":"<p>Anzeige 1,85\u2033<br \/>\n\u03c644,5*37*11,6 mm<br \/>\n54,56 Gramm<br \/>\n280 mAh<br \/>\nSportmodus<br \/>\nAnrufe und Benachrichtigungen<br \/>\nSauerstoff- + Herzschlag- + Schlaf- + Stressmonitor<br \/>\nKompatibel mit iOS und Android.<\/p>","protected":false},"featured_media":4863,"comment_status":"open","ping_status":"closed","template":"","meta":{"_acf_changed":false},"product_brand":[],"product_cat":[349],"product_tag":[],"class_list":{"0":"post-4864","1":"product","2":"type-product","3":"status-publish","4":"has-post-thumbnail","6":"product_cat-sin-categoria","8":"first","9":"outofstock","10":"sale","11":"shipping-taxable","12":"purchasable","13":"product-type-variable"},"acf":[],"_links":{"self":[{"href":"https:\/\/blackviewphones.com\/de\/wp-json\/wp\/v2\/product\/4864","targetHints":{"allow":["GET"]}}],"collection":[{"href":"https:\/\/blackviewphones.com\/de\/wp-json\/wp\/v2\/product"}],"about":[{"href":"https:\/\/blackviewphones.com\/de\/wp-json\/wp\/v2\/types\/product"}],"replies":[{"embeddable":true,"href":"https:\/\/blackviewphones.com\/de\/wp-json\/wp\/v2\/comments?post=4864"}],"version-history":[{"count":0,"href":"https:\/\/blackviewphones.com\/de\/wp-json\/wp\/v2\/product\/4864\/revisions"}],"wp:featuredmedia":[{"embeddable":true,"href":"https:\/\/blackviewphones.com\/de\/wp-json\/wp\/v2\/media\/4863"}],"wp:attachment":[{"href":"https:\/\/blackviewphones.com\/de\/wp-json\/wp\/v2\/media?parent=4864"}],"wp:term":[{"taxonomy":"product_brand","embeddable":true,"href":"https:\/\/blackviewphones.com\/de\/wp-json\/wp\/v2\/product_brand?post=4864"},{"taxonomy":"product_cat","embeddable":true,"href":"https:\/\/blackviewphones.com\/de\/wp-json\/wp\/v2\/product_cat?post=4864"},{"taxonomy":"product_tag","embeddable":true,"href":"https:\/\/blackviewphones.com\/de\/wp-json\/wp\/v2\/product_tag?post=4864"}],"curies":[{"name":"wp","href":"https:\/\/api.w.org\/{rel}","templated":true}]}}