

{"id":4845,"date":"2025-01-17T16:42:48","date_gmt":"2025-01-17T15:42:48","guid":{"rendered":"https:\/\/blackviewphones.com\/?product=blackview-bv4800-pro-nfc-12-gb-4gb8gb-ram-128-gb-rom-negro"},"modified":"2026-04-23T09:24:14","modified_gmt":"2026-04-23T07:24:14","slug":"blackview-bv4800-pro-4-gb-ram-128-gb-rom","status":"publish","type":"product","link":"https:\/\/blackviewphones.com\/de\/product\/blackview-bv4800-pro-4gb-ram-128gb-rom\/","title":{"rendered":"Blackview BV4800 Pro NFC | 12 GB (4 GB + 8 GB) RAM + 128 GB ROM"},"content":{"rendered":"<h1>Blackview BV4800 Pro NFC | 12 GB (4 GB + 8 GB) RAM + 128 GB ROM<\/h1>\n<p>Entdecken Sie das neue Mobiltelefon von Blackview, das BV4800 Pro NFC, ein ideales Mobiltelefon, wenn Sie ein einfaches, erschwingliches und langlebiges Ger\u00e4t suchen. Dieses Smartphone hat<strong> 4 GB <\/strong>auswendig<strong> RAM<\/strong> virtuell erweiterbar auf bis zu 12 GB zusammen mit <strong>128 GB<\/strong> von <strong>ROM<\/strong> erweiterbar per SD-Karte bis zu 1 TB. HD-Bildschirm von <strong>6,56 Zoll<\/strong>\u00a0unter dem Betriebssystem <strong>Android 15 <\/strong>und eine Batterie von<strong> 5180 mAh.<\/strong><\/p>\n<h2><span style=\"font-size: 16px;\">IP68: WAS SIE TUN K\u00d6NNEN UND WAS NICHT<\/span><\/h2>\n<p>Wenn ein Ger\u00e4t IP68-zertifiziert ist, bedeutet dies, dass es in Wasser getaucht werden kann. <strong>S\u00fc\u00dfwasser<\/strong>\u00a0<strong>in Tiefen von bis zu einem Meter f\u00fcr maximal 30 Minuten, vorausgesetzt, dass die Schutzvorrichtungen der Anschl\u00fcsse ordnungsgem\u00e4\u00df abgedichtet bleiben.<\/strong><\/p>\n<p><strong>Wir hinterlassen Ihnen einige Tipps<\/strong>\u00a0<strong>f\u00fcr jedes Endger\u00e4t mit IP68-Zertifizierung<\/strong>:<\/p>\n<ul>\n<li>Setzen Sie das IP68-Smartphone keinen Wasserstr\u00f6mungen wie Leitungswasser, Meereswellen oder Wasserf\u00e4llen aus.<\/li>\n<li>Wenn Ihr IP68-Smartphone S\u00fc\u00dfwasser ausgesetzt war, trocknen Sie es vorsichtig mit einem sauberen, weichen Tuch ab.<\/li>\n<li>Wenn das IP68-Smartphone mit einer anderen Fl\u00fcssigkeit als S\u00fc\u00dfwasser (z. B. Meerwasser) in Ber\u00fchrung gekommen ist, sp\u00fclen Sie das Ger\u00e4t sofort vorsichtig mit S\u00fc\u00dfwasser ab und trocknen Sie es gr\u00fcndlich mit einem weichen, sauberen Tuch ab.<\/li>\n<li>Wenn Zweifel bestehen, ob die Schutzvorrichtungen richtig geschlossen sind.\u00a0<strong>NEIN\u00a0<\/strong>du machst es nass.<\/li>\n<li>Wir empfehlen nicht, aggressive Tests durchzuf\u00fchren, um Ihre Widerstandsf\u00e4higkeit nachzuweisen.<\/li>\n<li>Dar\u00fcber hinaus ist es nicht ratsam, die Tasten des Ger\u00e4ts im Wasser zu manipulieren.<\/li>\n<li>Es wird nicht empfohlen, das Ger\u00e4t in Salzwasser einzutauchen, da die IP-Zertifizierung nur f\u00fcr S\u00fc\u00dfwasser gilt.<\/li>\n<\/ul>","protected":false},"excerpt":{"rendered":"<p>UNISOC T6062<\/p>\n<p>4 GB + 8 GB RAM 128 GB ROM<\/p>\n<p>Android 15<\/p>\n<p>174,7*81,5*13,5 mm<\/p>\n<p>Bildschirm 6,56\u2033 Gewicht 285 Gramm<\/p>\n<p>5180 mAh<\/p>\n<p>Robustes Mobiltelefon mit NFC<\/p>","protected":false},"featured_media":4839,"comment_status":"open","ping_status":"closed","template":"","meta":{"_acf_changed":false},"product_brand":[287],"product_cat":[42,136,166,159],"product_tag":[],"class_list":{"0":"post-4845","1":"product","2":"type-product","3":"status-publish","4":"has-post-thumbnail","6":"product_brand-blackview","7":"product_cat-moviles-blackview","8":"product_cat-moviles-resistentes-rugerizados","9":"product_cat-moviles-resistentes-rugerizados-nuevos-modelos","10":"product_cat-ofertas","12":"first","13":"instock","14":"sale","15":"shipping-taxable","16":"purchasable","17":"product-type-variable","18":"has-default-attributes"},"acf":[],"_links":{"self":[{"href":"https:\/\/blackviewphones.com\/de\/wp-json\/wp\/v2\/product\/4845","targetHints":{"allow":["GET"]}}],"collection":[{"href":"https:\/\/blackviewphones.com\/de\/wp-json\/wp\/v2\/product"}],"about":[{"href":"https:\/\/blackviewphones.com\/de\/wp-json\/wp\/v2\/types\/product"}],"replies":[{"embeddable":true,"href":"https:\/\/blackviewphones.com\/de\/wp-json\/wp\/v2\/comments?post=4845"}],"version-history":[{"count":0,"href":"https:\/\/blackviewphones.com\/de\/wp-json\/wp\/v2\/product\/4845\/revisions"}],"wp:featuredmedia":[{"embeddable":true,"href":"https:\/\/blackviewphones.com\/de\/wp-json\/wp\/v2\/media\/4839"}],"wp:attachment":[{"href":"https:\/\/blackviewphones.com\/de\/wp-json\/wp\/v2\/media?parent=4845"}],"wp:term":[{"taxonomy":"product_brand","embeddable":true,"href":"https:\/\/blackviewphones.com\/de\/wp-json\/wp\/v2\/product_brand?post=4845"},{"taxonomy":"product_cat","embeddable":true,"href":"https:\/\/blackviewphones.com\/de\/wp-json\/wp\/v2\/product_cat?post=4845"},{"taxonomy":"product_tag","embeddable":true,"href":"https:\/\/blackviewphones.com\/de\/wp-json\/wp\/v2\/product_tag?post=4845"}],"curies":[{"name":"wp","href":"https:\/\/api.w.org\/{rel}","templated":true}]}}