

{"id":4777,"date":"2025-01-17T16:42:26","date_gmt":"2025-01-17T15:42:26","guid":{"rendered":"https:\/\/blackviewphones.com\/?product=tablet-blackview-tab-9-wifi-18gb-6gb12gb-ram-256-gb-rom-gris"},"modified":"2026-04-15T15:20:43","modified_gmt":"2026-04-15T13:20:43","slug":"tablet-blackview-tab-9-wlan-18-gb-ram-256-gb-rom","status":"publish","type":"product","link":"https:\/\/blackviewphones.com\/de\/product\/tablet-blackview-tab-9-wifi-18gb-ram-256gb-rom\/","title":{"rendered":"Blackview Tab 9 Wifi-Tablet | 18 GB (6 GB + 12 GB) RAM 256 GB ROM"},"content":{"rendered":"<h1>Blackview Tab 9 Wifi-Tablet | 18 GB (6 GB + 12 GB) RAM 256 GB ROM<\/h1>\n<p>Entdecken Sie das neue Tablet\u00a0<strong>Tab 9 WLAN\u00a0<\/strong>von der Marke Blackview mit 11\u2033 mit einer Dicke von 9,1 mm, mit einem Akku von\u00a0<strong>8200 mAh<\/strong>\u00a0und mit Betriebssystem\u00a0<strong>Android 14.\u00a0<\/strong>Es verf\u00fcgt \u00fcber einen UNISOC T606 Octa-Core 12 nm Prozessor,\u00a0<strong>PC-Modus-Funktion<\/strong>\u00a0und ein Antutu 260146.<\/p>\n<p><span data-spm-anchor-id=\"a2g0o.detail.1000023.i6.416912c6ea8IFf\">Es hat einen eleganten, modernen Stil und<\/span><span data-spm-anchor-id=\"a2g0o.detail.1000023.i7.416912c6ea8IFf\">\u00a0wiegt 512 Gramm<\/span><strong>.<\/strong>\u00a0Es hat auch<strong>\u00a06 GB RAM<\/strong>\u00a0<strong>virtuell erweiterbar bis zu 18 GB<\/strong>\u00a0und die\u00a0<strong>256 GB ROM, erweiterbar auf bis zu 1 TF<\/strong>, zus\u00e4tzlich k\u00f6nnen Sie eine drahtlose Tastatur f\u00fcr eine bessere Nutzung anpassen und es ist\u00a0<strong>Widevine L1-kompatibel.<\/strong><\/p>\n<p><strong>Dualband-WLAN 5<\/strong><\/p>\n<p>Tab 9 WiFi mit integriertem Dualband-WLAN 5 sorgt f\u00fcr stabilere Konnektivit\u00e4t mit gr\u00f6\u00dferer Abdeckung und besserer Signaldurchdringung. Genie\u00dfen Sie maximale Download- und Upload-Geschwindigkeiten, reibungsloses Gaming, Film-Streaming und Konferenzen.<\/p>\n<h2><strong style=\"font-size: 16px;\">Tablet der Marke Blackview, nicht IP68, darf nicht nass werden oder St\u00f6\u00dfen ausgesetzt werden.<\/strong><\/h2>\n<p><strong>Tastatur ist nicht im Lieferumfang enthalten.<\/strong><\/p>","protected":false},"excerpt":{"rendered":"<p>Leistungsstark und energieeffizient f\u00fcr gro\u00dfe Ideen. Dieses Tablet <strong data-start=\"715\" data-end=\"722\">11\u2033<\/strong> mit <strong data-start=\"727\" data-end=\"737\">WiFi 5<\/strong>, <strong data-start=\"739\" data-end=\"754\">Unisoc T606<\/strong> und sogar <strong data-start=\"763\" data-end=\"789\">18 GB kombinierter Arbeitsspeicher<\/strong> Dank dieser Funktion bietet es Ihnen ein schnelles und ger\u00e4te\u00fcbergreifendes Erlebnis. <strong data-start=\"851\" data-end=\"877\">Android 14 mit PC-Modus<\/strong>. Seine Batterie <strong data-start=\"893\" data-end=\"905\">8200 mAh<\/strong>, Kompatibilit\u00e4t mit <strong data-start=\"926\" data-end=\"941\">Widevine L1<\/strong> und ein stilisiertes Design von <strong data-start=\"968\" data-end=\"977\">512 g<\/strong> Damit ist es die ideale Wahl f\u00fcr alle, die Wert auf Leistung, hochwertige Unterhaltung und uneingeschr\u00e4nkte Mobilit\u00e4t legen.<\/p>","protected":false},"featured_media":12933,"comment_status":"open","ping_status":"closed","template":"","meta":{"_acf_changed":false},"product_brand":[287],"product_cat":[349],"product_tag":[302],"class_list":{"0":"post-4777","1":"product","2":"type-product","3":"status-publish","4":"has-post-thumbnail","6":"product_brand-blackview","7":"product_cat-sin-categoria","8":"product_tag-wifi-5","10":"first","11":"outofstock","12":"sale","13":"shipping-taxable","14":"purchasable","15":"product-type-variable","16":"has-default-attributes"},"acf":[],"_links":{"self":[{"href":"https:\/\/blackviewphones.com\/de\/wp-json\/wp\/v2\/product\/4777","targetHints":{"allow":["GET"]}}],"collection":[{"href":"https:\/\/blackviewphones.com\/de\/wp-json\/wp\/v2\/product"}],"about":[{"href":"https:\/\/blackviewphones.com\/de\/wp-json\/wp\/v2\/types\/product"}],"replies":[{"embeddable":true,"href":"https:\/\/blackviewphones.com\/de\/wp-json\/wp\/v2\/comments?post=4777"}],"version-history":[{"count":1,"href":"https:\/\/blackviewphones.com\/de\/wp-json\/wp\/v2\/product\/4777\/revisions"}],"predecessor-version":[{"id":13426,"href":"https:\/\/blackviewphones.com\/de\/wp-json\/wp\/v2\/product\/4777\/revisions\/13426"}],"wp:featuredmedia":[{"embeddable":true,"href":"https:\/\/blackviewphones.com\/de\/wp-json\/wp\/v2\/media\/12933"}],"wp:attachment":[{"href":"https:\/\/blackviewphones.com\/de\/wp-json\/wp\/v2\/media?parent=4777"}],"wp:term":[{"taxonomy":"product_brand","embeddable":true,"href":"https:\/\/blackviewphones.com\/de\/wp-json\/wp\/v2\/product_brand?post=4777"},{"taxonomy":"product_cat","embeddable":true,"href":"https:\/\/blackviewphones.com\/de\/wp-json\/wp\/v2\/product_cat?post=4777"},{"taxonomy":"product_tag","embeddable":true,"href":"https:\/\/blackviewphones.com\/de\/wp-json\/wp\/v2\/product_tag?post=4777"}],"curies":[{"name":"wp","href":"https:\/\/api.w.org\/{rel}","templated":true}]}}