

{"id":4764,"date":"2025-01-17T16:42:23","date_gmt":"2025-01-17T15:42:23","guid":{"rendered":"https:\/\/blackviewphones.com\/?product=blackview-r50-smartwatch-negro"},"modified":"2026-05-10T15:05:29","modified_gmt":"2026-05-10T13:05:29","slug":"blackview-r50-smartwatch-schwarz","status":"publish","type":"product","link":"https:\/\/blackviewphones.com\/de\/product\/blackview-r50-smartwatch-negro\/","title":{"rendered":"Blackview R50 \u2013 Smartwatch"},"content":{"rendered":"<h1 data-start=\"159\" data-end=\"189\"><strong data-start=\"159\" data-end=\"189\">Blackview R50 \u2013 Smartwatch<\/strong><\/h1>\n<p data-start=\"340\" data-end=\"798\">Entdecken Sie die neue Blackview Smartwatch, die <strong data-start=\"386\" data-end=\"403\">Blackview R50<\/strong>, Entwickelt, um Ihnen die \u00dcberwachung Ihres t\u00e4glichen Wohlbefindens zu erleichtern und Ihnen dabei ein H\u00f6chstma\u00df an Autonomie zu bieten. Beinhaltet ein <strong data-start=\"504\" data-end=\"543\">weiches und flexibles Silikonband<\/strong> das den ganzen Tag \u00fcber angenehmen Tragekomfort bietet. Es beinhaltet ein <strong data-start=\"604\" data-end=\"625\">1,87-Zoll-Bildschirm\u201d<\/strong> mit hoher Aufl\u00f6sung, die eine klare Anzeige eingehender Anrufe, Benachrichtigungen und Erinnerungen erm\u00f6glicht, sowie mit einem <strong data-start=\"744\" data-end=\"766\">350-mAh-Akku<\/strong> F\u00fcr den Langzeitgebrauch konzipiert.<\/p>\n<h2 data-start=\"800\" data-end=\"839\">Anrufe problemlos annehmen<\/h2>\n<p data-start=\"841\" data-end=\"1078\">Diese Smartwatch integriert <strong data-start=\"872\" data-end=\"907\">Erweiterte Bluetooth-Konnektivit\u00e4t<\/strong>, erm\u00f6glicht eine schnelle Kopplung mit Ihrem Smartphone. Sie werden in der Lage sein, <strong data-start=\"970\" data-end=\"1001\">Anrufe annehmen oder ablehnen<\/strong> direkt von Ihrem Handgelenk aus, w\u00e4hrend Sie trainieren oder Hausarbeiten erledigen.<\/p>\n<h2 data-start=\"1080\" data-end=\"1122\">Erhalten Sie Benachrichtigungen und sehen Sie Erinnerungen an<\/h2>\n<p data-start=\"1124\" data-end=\"1310\">Halten Sie Ihre Uhr mit Ihrem Mobiltelefon synchronisiert, um zu empfangen <strong data-start=\"1179\" data-end=\"1241\">Benachrichtigungen f\u00fcr Anrufe, Nachrichten und wichtige Mitteilungen<\/strong>, ohne dass Sie w\u00e4hrend Ihrer t\u00e4glichen Aktivit\u00e4ten Ihr Handy herausholen m\u00fcssen.<\/p>\n<h2 data-start=\"1312\" data-end=\"1371\">Es \u00fcberwacht Herzfrequenz und Blutsauerstoffgehalt.<\/h2>\n<p data-start=\"1373\" data-end=\"1637\">Mit dem <strong data-start=\"1380\" data-end=\"1387\">R50<\/strong>, Kontrolliere deine <strong data-start=\"1402\" data-end=\"1451\">Echtzeit-Herzfrequenzwerte<\/strong> Achten Sie w\u00e4hrend des Trainings auf Ihr k\u00f6rperliches Gleichgewicht. \u00dcberwachen Sie die <strong data-start=\"1525\" data-end=\"1557\">Blutsauerstoffwerte<\/strong> Es hilft Ihnen, den Zustand Ihres K\u00f6rpers und Ihre Bewegungsgewohnheiten besser zu verstehen.<\/p>\n<h2 data-start=\"1639\" data-end=\"1680\">Analysiere deinen Schlaf und bewerte deine Erholung.<\/h2>\n<p data-start=\"1682\" data-end=\"2109\">Es hilft Ihnen dabei, etwas zu erstellen. <strong data-start=\"1699\" data-end=\"1737\">ges\u00fcndere Schlafgewohnheiten<\/strong>, Da guter Schlaf mit regelm\u00e4\u00dfigen Weckern und einem angemessenen Schlafmanagement einhergeht, erfasst es auch die <strong data-start=\"1867\" data-end=\"1896\">emotionaler Stress<\/strong>, Eine stabile Stimmungslage f\u00f6rdert Wohlbefinden und Schlafqualit\u00e4t. Dazu geh\u00f6rt unter anderem <strong data-start=\"1997\" data-end=\"2028\">emotionaler Stressmonitor<\/strong>, mit Stimmungsindikatoren, die Ihnen helfen, Ihre t\u00e4gliche Erholung zu verbessern.<\/p>","protected":false},"excerpt":{"rendered":"<p>Entdecken Sie die neue Blackview Smartwatch, die <strong data-start=\"386\" data-end=\"403\">Blackview R50<\/strong>, Entwickelt, um Ihnen die \u00dcberwachung Ihres t\u00e4glichen Wohlbefindens zu erleichtern und Ihnen dabei ein H\u00f6chstma\u00df an Autonomie zu bieten. Beinhaltet ein <strong data-start=\"504\" data-end=\"543\">weiches und flexibles Silikonband<\/strong> das den ganzen Tag \u00fcber angenehmen Tragekomfort bietet. Es beinhaltet ein <strong data-start=\"604\" data-end=\"625\">1,87-Zoll-Bildschirm\u201d<\/strong> mit hoher Aufl\u00f6sung, die eine klare Anzeige eingehender Anrufe, Benachrichtigungen und Erinnerungen erm\u00f6glicht, sowie mit einem <strong data-start=\"744\" data-end=\"766\">350-mAh-Akku<\/strong> F\u00fcr den Langzeitgebrauch konzipiert.<\/p>","protected":false},"featured_media":4763,"comment_status":"open","ping_status":"closed","template":"","meta":{"_acf_changed":false},"product_brand":[287],"product_cat":[154,159,90],"product_tag":[],"class_list":{"0":"post-4764","1":"product","2":"type-product","3":"status-publish","4":"has-post-thumbnail","6":"product_brand-blackview","7":"product_cat-accesorios-blackview","8":"product_cat-ofertas","9":"product_cat-smartwatch","11":"first","12":"instock","13":"sale","14":"shipping-taxable","15":"purchasable","16":"product-type-variable","17":"has-default-attributes"},"acf":[],"_links":{"self":[{"href":"https:\/\/blackviewphones.com\/de\/wp-json\/wp\/v2\/product\/4764","targetHints":{"allow":["GET"]}}],"collection":[{"href":"https:\/\/blackviewphones.com\/de\/wp-json\/wp\/v2\/product"}],"about":[{"href":"https:\/\/blackviewphones.com\/de\/wp-json\/wp\/v2\/types\/product"}],"replies":[{"embeddable":true,"href":"https:\/\/blackviewphones.com\/de\/wp-json\/wp\/v2\/comments?post=4764"}],"version-history":[{"count":0,"href":"https:\/\/blackviewphones.com\/de\/wp-json\/wp\/v2\/product\/4764\/revisions"}],"wp:featuredmedia":[{"embeddable":true,"href":"https:\/\/blackviewphones.com\/de\/wp-json\/wp\/v2\/media\/4763"}],"wp:attachment":[{"href":"https:\/\/blackviewphones.com\/de\/wp-json\/wp\/v2\/media?parent=4764"}],"wp:term":[{"taxonomy":"product_brand","embeddable":true,"href":"https:\/\/blackviewphones.com\/de\/wp-json\/wp\/v2\/product_brand?post=4764"},{"taxonomy":"product_cat","embeddable":true,"href":"https:\/\/blackviewphones.com\/de\/wp-json\/wp\/v2\/product_cat?post=4764"},{"taxonomy":"product_tag","embeddable":true,"href":"https:\/\/blackviewphones.com\/de\/wp-json\/wp\/v2\/product_tag?post=4764"}],"curies":[{"name":"wp","href":"https:\/\/api.w.org\/{rel}","templated":true}]}}