

{"id":4656,"date":"2025-01-17T16:41:53","date_gmt":"2025-01-17T15:41:53","guid":{"rendered":"https:\/\/blackviewphones.com\/?product=blackview-bl9000-pro-36-gb-ram-12gb-24-gb-512-gb-rom-negro"},"modified":"2026-04-13T15:14:38","modified_gmt":"2026-04-13T13:14:38","slug":"blackview-bl9000-pro-36-gb-ram-512-gb-rom","status":"publish","type":"product","link":"https:\/\/blackviewphones.com\/de\/product\/blackview-bl9000-pro-36gb-ram-512gb-rom\/","title":{"rendered":"Blackview BL9000 PRO (General\u00fcberholt) | 36 GB RAM, 512 GB ROM"},"content":{"rendered":"<h1>Blackview BL9000 PRO 5G \u2013 W\u00e4rmebildkamera | 36 GB RAM (12 GB + 24 GB) 512 GB ROM<\/h1>\n<p>Wir pr\u00e4sentieren Ihnen die <strong>Blackview BL9000 Pro 5G<\/strong> mit <strong>W\u00e4rmebildkamera <em>Mein Flir\u00ae Pro<\/em><\/strong>, kommt mit einem integrierten Dual-Bildschirm auf den Markt. Es verf\u00fcgt \u00fcber eine Kapazit\u00e4t von bis zu <strong>36 GB RAM und 512 GB ROM<\/strong>, mit dem MediaTek Dimensity 8020 (MT6891Z)-Prozessor der neuesten Generation, der es Ihnen erm\u00f6glicht, mehrere Aufgaben gleichzeitig zu erledigen und nahtlos zwischen Anwendungen zu wechseln. Dar\u00fcber hinaus verf\u00fcgt es \u00fcber einen 6,78\u2033 Bildschirm mit bis zu 500 Nits, eine Batterie von <strong>8800 mAh<\/strong> von <strong>120 W Schnellladung<\/strong>, und mit einem Android 14-Betriebssystem.<\/p>\n<p>Es ist auch ein Ger\u00e4t, das <strong>Doppelkamera mit 50 MP (Samsung\u00ae ISOCELL GN5) und 13 MP<\/strong> (120\u00b0 Ultraweitwinkel und bis zu 2 cm Ultramakro). Au\u00dferdem eine 50-MP-Frontkamera (SK Hynix 5022Q). Ger\u00e4t getestet mit IP68- und IP69K-Zertifizierung.<\/p>\n<p>Und wenn Sie zu denen geh\u00f6ren, die Unterhaltung bevorzugen, verf\u00fcgt dieses Handy \u00fcber Gaming-Technologie <strong>MediaTek HyperEngine Lite<\/strong> mit X-Achsen-Linearmotor. Tauchen Sie ein in ein einzigartiges Spielerlebnis mit einem fortschrittlichen Linearmotor auf der X-Achse, der au\u00dfergew\u00f6hnliches haptisches Feedback liefert. Mit Dualband-WLAN 6.<\/p>\n<h2><span style=\"font-size: 16px;\">IP68: WAS SIE TUN K\u00d6NNEN UND WAS NICHT<\/span><\/h2>\n<p>Wenn ein Ger\u00e4t IP68-zertifiziert ist, bedeutet dies, dass es in Wasser getaucht werden kann. <strong>S\u00fc\u00dfwasser<\/strong>\u00a0<strong>in Tiefen von bis zu einem Meter f\u00fcr maximal 30 Minuten, vorausgesetzt, dass die Schutzvorrichtungen der Anschl\u00fcsse ordnungsgem\u00e4\u00df abgedichtet bleiben.<\/strong><\/p>\n<p><strong>Wir hinterlassen Ihnen einige Tipps<\/strong>\u00a0<strong>f\u00fcr jedes Endger\u00e4t mit IP68-Zertifizierung<\/strong>:<\/p>\n<ul>\n<li>Setzen Sie das IP68-Smartphone keinen Wasserstr\u00f6mungen wie Leitungswasser, Meereswellen oder Wasserf\u00e4llen aus.<\/li>\n<li>Wenn Ihr IP68-Smartphone S\u00fc\u00dfwasser ausgesetzt war, trocknen Sie es vorsichtig mit einem sauberen, weichen Tuch ab.<\/li>\n<li>Wenn das IP68-Smartphone mit einer anderen Fl\u00fcssigkeit als S\u00fc\u00dfwasser (z. B. Meerwasser) in Ber\u00fchrung gekommen ist, sp\u00fclen Sie das Ger\u00e4t sofort vorsichtig mit S\u00fc\u00dfwasser ab und trocknen Sie es gr\u00fcndlich mit einem weichen, sauberen Tuch ab.<\/li>\n<li>Wenn Zweifel bestehen, ob die Schutzvorrichtungen richtig geschlossen sind.\u00a0<strong>NEIN <\/strong>du machst es nass.<\/li>\n<li>Wir empfehlen nicht, aggressive Tests durchzuf\u00fchren, um Ihre Widerstandsf\u00e4higkeit nachzuweisen.<\/li>\n<li>Es ist nicht ratsam, die Ger\u00e4tetasten im Wasser zu manipulieren.<\/li>\n<li>Es wird nicht empfohlen, das Ger\u00e4t in Salzwasser einzutauchen, da die IP-Zertifizierung nur f\u00fcr S\u00fc\u00dfwasser gilt.<\/li>\n<\/ul>","protected":false},"excerpt":{"rendered":"<p><strong>Robustes Mobiltelefon mit NFC (general\u00fcberholt)<\/strong><\/p>","protected":false},"featured_media":8357,"comment_status":"open","ping_status":"closed","template":"","meta":{"_acf_changed":false},"product_brand":[287],"product_cat":[42,136,159],"product_tag":[184],"class_list":{"0":"post-4656","1":"product","2":"type-product","3":"status-publish","4":"has-post-thumbnail","6":"product_brand-blackview","7":"product_cat-moviles-blackview","8":"product_cat-moviles-resistentes-rugerizados","9":"product_cat-ofertas","10":"product_tag-camara-termica","12":"first","13":"instock","14":"sale","15":"shipping-taxable","16":"purchasable","17":"product-type-variable","18":"has-default-attributes"},"acf":[],"_links":{"self":[{"href":"https:\/\/blackviewphones.com\/de\/wp-json\/wp\/v2\/product\/4656","targetHints":{"allow":["GET"]}}],"collection":[{"href":"https:\/\/blackviewphones.com\/de\/wp-json\/wp\/v2\/product"}],"about":[{"href":"https:\/\/blackviewphones.com\/de\/wp-json\/wp\/v2\/types\/product"}],"replies":[{"embeddable":true,"href":"https:\/\/blackviewphones.com\/de\/wp-json\/wp\/v2\/comments?post=4656"}],"version-history":[{"count":0,"href":"https:\/\/blackviewphones.com\/de\/wp-json\/wp\/v2\/product\/4656\/revisions"}],"wp:featuredmedia":[{"embeddable":true,"href":"https:\/\/blackviewphones.com\/de\/wp-json\/wp\/v2\/media\/8357"}],"wp:attachment":[{"href":"https:\/\/blackviewphones.com\/de\/wp-json\/wp\/v2\/media?parent=4656"}],"wp:term":[{"taxonomy":"product_brand","embeddable":true,"href":"https:\/\/blackviewphones.com\/de\/wp-json\/wp\/v2\/product_brand?post=4656"},{"taxonomy":"product_cat","embeddable":true,"href":"https:\/\/blackviewphones.com\/de\/wp-json\/wp\/v2\/product_cat?post=4656"},{"taxonomy":"product_tag","embeddable":true,"href":"https:\/\/blackviewphones.com\/de\/wp-json\/wp\/v2\/product_tag?post=4656"}],"curies":[{"name":"wp","href":"https:\/\/api.w.org\/{rel}","templated":true}]}}