

{"id":4595,"date":"2025-01-17T16:41:36","date_gmt":"2025-01-17T15:41:36","guid":{"rendered":"https:\/\/blackviewphones.com\/?product=tablet-blackview-mega-1-16-gb-8gb8gb-ram-256-gb-rom-gris"},"modified":"2025-11-20T14:55:31","modified_gmt":"2025-11-20T13:55:31","slug":"tablet-blackview-mega-2-36-gb-ram-256-gb-rom","status":"publish","type":"product","link":"https:\/\/blackviewphones.com\/de\/product\/tablet-blackview-mega-2-36gb-ram-256gb-rom\/","title":{"rendered":"Blackview MEGA 2 Tablet | 36 GB RAM 256 GB ROM"},"content":{"rendered":"<h1>Blackview MEGA 2 Tablet | 36 GB RAM 256 GB ROM<\/h1>\n<p><strong>\ud83c\udf81Lieferumfang: Ladeger\u00e4t, Eingabestift, Displayschutzfolie aus geh\u00e4rtetem Glas und Schutzh\u00fclle.\ud83c\udf81<\/strong><\/p>\n<p>Das neue Tablet\u00a0<strong>Blackview Mega 2<\/strong>\u00a0ist da, um Ihr technologisches Erlebnis zu revolutionieren. Mit schlankem Design, einem 9000-mAh-Akku und Wideline L1-Kompatibilit\u00e4t. Es verf\u00fcgt \u00fcber einen 12-Zoll-Bildschirm und Android 15. Dar\u00fcber hinaus verf\u00fcgt es \u00fcber Gesichtsentsperrung, Anti-Fingerabdruck und Smart Google Lens-Funktionen.<\/p>\n<h2>Widgets schnell hinzuf\u00fcgen: Kein Ziehen, alles ganz einfach<\/h2>\n<p>Mit der neuen Schaltfl\u00e4che \u201eHinzuf\u00fcgen\u201c k\u00f6nnen Sie Widgets schneller platzieren als je zuvor \u2013 kein Ziehen erforderlich! Mit einem einzigen Fingertipp k\u00f6nnen Sie Ihre bevorzugten Widgets schnell und direkt zu Ihrem Startbildschirm hinzuf\u00fcgen und so Zeit und M\u00fche sparen.<\/p>\n<h2>Privater Bereich: Behalten Sie, was wichtig ist, nur f\u00fcr Sie<\/h2>\n<p>Ihre digitale Welt ist sicher. Private Space schafft einen sicheren Hafen f\u00fcr Ihre sensiblen Apps, einschlie\u00dflich sozialer, Dating- und Banking-Apps. Nach der Sperrung werden diese Apps in der App-Liste, der Ansicht der zuletzt verwendeten Apps, in Benachrichtigungen und sogar in den Einstellungen nicht mehr angezeigt.<\/p>\n<p><strong>Tablet der Marke Blackview, aber nicht IP68, es darf nicht nass werden oder St\u00f6\u00dfen ausgesetzt werden.<\/strong><\/p>\n<p><strong>Die Tastatur ist im Preis inbegriffen<\/strong><\/p>","protected":false},"excerpt":{"rendered":"<p><strong>\ud83c\udf81Lieferumfang: Ladeger\u00e4t, Stift, Maus, Displayschutzfolie aus geh\u00e4rtetem Glas und Schutzh\u00fclle.\ud83c\udf81<\/strong><\/p>\n<p>Herk\u00f6mmliches Tablet mit Zeiger, Maus, Kopfh\u00f6rer und Tastatur<br \/>\nUnisoc T615<br \/>\nKompatibel mit Wideline L1<br \/>\nAndroid 15 | 9000 mAh<br \/>\nUnterst\u00fctzt SIM-Karte<br \/>\n281,7*177,2*8,0 mm<br \/>\nGewicht 615 g | 12-Zoll-Bildschirm<br \/>\n12 GB + 24 GB RAM 256 GB ROM<\/p>","protected":false},"featured_media":8348,"comment_status":"open","ping_status":"closed","template":"","meta":{"_acf_changed":false},"product_brand":[287],"product_cat":[42],"product_tag":[306],"class_list":{"0":"post-4595","1":"product","2":"type-product","3":"status-publish","4":"has-post-thumbnail","6":"product_brand-blackview","7":"product_cat-moviles-blackview","8":"product_tag-306","10":"first","11":"outofstock","12":"sale","13":"shipping-taxable","14":"purchasable","15":"product-type-variable"},"acf":[],"_links":{"self":[{"href":"https:\/\/blackviewphones.com\/de\/wp-json\/wp\/v2\/product\/4595","targetHints":{"allow":["GET"]}}],"collection":[{"href":"https:\/\/blackviewphones.com\/de\/wp-json\/wp\/v2\/product"}],"about":[{"href":"https:\/\/blackviewphones.com\/de\/wp-json\/wp\/v2\/types\/product"}],"replies":[{"embeddable":true,"href":"https:\/\/blackviewphones.com\/de\/wp-json\/wp\/v2\/comments?post=4595"}],"version-history":[{"count":0,"href":"https:\/\/blackviewphones.com\/de\/wp-json\/wp\/v2\/product\/4595\/revisions"}],"wp:featuredmedia":[{"embeddable":true,"href":"https:\/\/blackviewphones.com\/de\/wp-json\/wp\/v2\/media\/8348"}],"wp:attachment":[{"href":"https:\/\/blackviewphones.com\/de\/wp-json\/wp\/v2\/media?parent=4595"}],"wp:term":[{"taxonomy":"product_brand","embeddable":true,"href":"https:\/\/blackviewphones.com\/de\/wp-json\/wp\/v2\/product_brand?post=4595"},{"taxonomy":"product_cat","embeddable":true,"href":"https:\/\/blackviewphones.com\/de\/wp-json\/wp\/v2\/product_cat?post=4595"},{"taxonomy":"product_tag","embeddable":true,"href":"https:\/\/blackviewphones.com\/de\/wp-json\/wp\/v2\/product_tag?post=4595"}],"curies":[{"name":"wp","href":"https:\/\/api.w.org\/{rel}","templated":true}]}}