

{"id":13731,"date":"2026-04-29T12:40:50","date_gmt":"2026-04-29T10:40:50","guid":{"rendered":"https:\/\/blackviewphones.com\/?post_type=product&#038;p=13731"},"modified":"2026-04-29T12:56:07","modified_gmt":"2026-04-29T10:56:07","slug":"blackview-airbuds-16","status":"publish","type":"product","link":"https:\/\/blackviewphones.com\/de\/product\/blackview-airbuds-16\/","title":{"rendered":"Blackview Airbuds 16: Leichte Bluetooth 6.0-Kopfh\u00f6rer"},"content":{"rendered":"<h1>Blackview Airbuds 16: Ultraleichte kabellose Bluetooth 6.0-Kopfh\u00f6rer<\/h1>\n<p><span style=\"color: #ff0000;\"><b>VERSAND AB 12.05.2026 <\/b><\/span><\/p>\n<p><span style=\"color: #ff0000;\"><b>SONDERPREIS ZUR VORBESTELLUNG. VERSAND VOR DEM ANGEGEBENEN DATUM NICHT M\u00d6GLICH.<\/b><\/span><\/p>\n<h2 data-path-to-node=\"8\"><b data-path-to-node=\"8\" data-index-in-node=\"0\">AirBuds 16: Hochaufl\u00f6sender Klang und maximaler Tragekomfort<\/b><\/h2>\n<p data-path-to-node=\"9\">Entdecken Sie mit dem <b data-path-to-node=\"9\" data-index-in-node=\"55\">AirBuds 16<\/b>. Diese TWS-Kopfh\u00f6rer (True Wireless Stereo) wurden f\u00fcr Nutzer entwickelt, die Wert auf Qualit\u00e4t und Komfort legen, und zeichnen sich durch ihr ultraleichtes Design aus; sie wiegen nur <b data-path-to-node=\"9\" data-index-in-node=\"209\">2,8 Gramm<\/b> Sie sind so leicht, dass man sie selbst nach langen Trainingseinheiten kaum sp\u00fcrt. Sie verf\u00fcgen \u00fcber einen integrierten Chip. <b data-path-to-node=\"9\" data-index-in-node=\"303\">Bluetrum 5656C3<\/b> zusammen mit der neuesten Technologie von <b data-path-to-node=\"9\" data-index-in-node=\"342\">Bluetooth 6.0<\/b>, Gew\u00e4hrleistung einer stabilen, schnellen und unterbrechungsfreien Verbindung.<\/p>\n<p data-path-to-node=\"10\"><b data-path-to-node=\"10\" data-index-in-node=\"0\">Klarer Klang und optimierte Akkulaufzeit<\/b> Dank der Codec-Kompatibilit\u00e4t <b data-path-to-node=\"10\" data-index-in-node=\"71\">AAC und SBC<\/b>, Die AirBuds 16 bieten ein ausgewogenes Klangerlebnis mit kraftvollen B\u00e4ssen und klaren H\u00f6hen. Genie\u00dfen Sie bis zu <b data-path-to-node=\"10\" data-index-in-node=\"184\">6 Stunden Musikwiedergabe<\/b> mit einer einzigen Ladung (bis zum Volumen des 70%) und erweitert seine Nutzungsdauer mit dem Ladecase von <b data-path-to-node=\"10\" data-index-in-node=\"316\">320 mAh<\/b>, wodurch eine vollst\u00e4ndige Aufladung in etwa 90 Minuten \u00fcber USB-C m\u00f6glich ist.<\/p>\n<p data-path-to-node=\"11\"><b data-path-to-node=\"11\" data-index-in-node=\"0\">Praktisches Design f\u00fcr den t\u00e4glichen Gebrauch<\/b> Das ergonomische \u00abSoftpack\u00bb-Design sorgt f\u00fcr einen bequemen und sicheren Sitz und ist ideal f\u00fcr Training und Reisen. Mit einer Verbindungsreichweite von \u00fcber <b data-path-to-node=\"11\" data-index-in-node=\"195\">10 Meter<\/b> und Energieeffizienz, die bis zu <b data-path-to-node=\"11\" data-index-in-node=\"267\">60 Stunden im Standby-Modus<\/b>, Die AirBuds 16 sind so konzipiert, dass sie Sie den ganzen Tag stilvoll begleiten und sind in Wei\u00df oder Schwarz erh\u00e4ltlich.<\/p>\n<h2>Funktionen der Blackview AirBuds 16<\/h2>\n<table width=\"790\">\n<tbody>\n<tr>\n<td>\n<h3 id=\"sec-design\" class=\"k-h3\">Allgemeine Funktionen<\/h3>\n<\/td>\n<\/tr>\n<tr>\n<td><strong>Modell:<\/strong><\/td>\n<td>AirBuds 16<\/td>\n<\/tr>\n<tr>\n<td><strong>Technologie:<\/strong><br \/>\n<strong>Chipsatz:<\/strong><\/td>\n<td>Bluetooth V6.0<br \/>\nBluetrum 5656C3 | IC CMT2806<\/td>\n<\/tr>\n<tr>\n<td><strong>Audio-Codecs:<\/strong><\/td>\n<td>AAC \/ SBC<\/td>\n<\/tr>\n<tr>\n<td><strong>Kerl:<\/strong><\/td>\n<td>TWS Kabellose Ohrh\u00f6rer<\/td>\n<\/tr>\n<tr>\n<td><strong>Abmessungen:<\/strong><\/td>\n<td>Ohrh\u00f6rer: 21,25 \u00d7 16,8 \u00d7 18,26 mm | Ladecase: 65,97 \u00d7 37,79 \u00d7 26,38 mm<\/td>\n<\/tr>\n<tr>\n<td><strong>Gewicht:<\/strong><\/td>\n<td>Ohrh\u00f6rer: 2,8 g | Ladecase (ohne Ohrh\u00f6rer): 30,97 g<\/td>\n<\/tr>\n<tr>\n<td><strong>Konnektivit\u00e4t:<\/strong><\/td>\n<td>Bluetooth 6.0 (Reichweite &gt;10 Meter)<\/td>\n<\/tr>\n<tr>\n<td><strong>Farben:<\/strong><\/td>\n<td>Schwarz<\/td>\n<\/tr>\n<tr>\n<td>\n<h3>Kapazit\u00e4t und Autonomie<\/h3>\n<\/td>\n<\/tr>\n<tr>\n<td><strong>Akku der Ohrh\u00f6rer:<\/strong><\/td>\n<td>35 mAh (Polymer-Lithium-Ionen)<\/td>\n<\/tr>\n<tr>\n<td><strong>Batteriefach:<\/strong><\/td>\n<td>320 mAh (Polymer-Lithium-Ionen)<\/td>\n<\/tr>\n<tr>\n<td><strong>Wiedergabezeit:<\/strong><\/td>\n<td>6,0 Stunden (bei einem Volumen von 70%)<\/td>\n<\/tr>\n<tr>\n<td><strong>Wartezeit:<\/strong><\/td>\n<td>60 Stunden (verbunden)<\/td>\n<\/tr>\n<tr>\n<td>\n<h3>Last<\/h3>\n<\/td>\n<\/tr>\n<tr>\n<td><strong>Ladezeit der Ohrh\u00f6rer:<\/strong><\/td>\n<td>1,6 Stunden<\/td>\n<\/tr>\n<tr>\n<td><strong>Ladezeit f\u00fcr das Geh\u00e4use:<\/strong><\/td>\n<td>Ca. 2 Stunden (\u00fcber Kabel)<\/td>\n<\/tr>\n<tr>\n<td>\n<h3>Andere Eigenschaften<\/h3>\n<\/td>\n<td>\n<ul>\n<li>Extrem stabile Verbindung mit Bluetooth 6.0<\/li>\n<li>Ultraleichtes, ergonomisches Design (2,8 g pro Ohrh\u00f6rer)<\/li>\n<li>Hochwertiger Klang mit AAC-Codec<\/li>\n<li>Intelligente Touch-Steuerung<\/li>\n<li>Kompaktes und leicht zu transportierendes Etui<\/li>\n<li>iOS- und Android-Kompatibilit\u00e4t<\/li>\n<\/ul>\n<\/td>\n<\/tr>\n<tr>\n<td><strong>Verladehafen<\/strong><\/td>\n<td>USB Typ-C<\/td>\n<\/tr>\n<tr>\n<td><strong>Lautsprecher<\/strong><\/td>\n<td>Optimierte dynamische Regler<\/td>\n<\/tr>\n<tr>\n<td>\n<h3>Packungsinhalt<\/h3>\n<\/td>\n<td><b>Blackview AirBuds 16<\/b><br \/>\n<strong>Ladecase<\/strong><br \/>\n<strong>USB-C-Ladekabel<\/strong><br \/>\n<strong>Bedienungsanleitung<\/strong><\/td>\n<\/tr>\n<\/tbody>\n<\/table>\n<div class=\"group_14 flex-row\">\n<h2><strong>Benutzerhandbuch:<\/strong><\/h2>\n<ul>\n<li><strong>Eine Ber\u00fchrung (links oder rechts):<\/strong> Musik abspielen\/pausieren<\/li>\n<li><strong>Doppeltippen (L\/R):<\/strong> Anruf annehmen\/beenden<\/li>\n<li><strong>Dreifachtippen nach links:<\/strong> Vorheriges Lied<\/li>\n<li><strong>Dreifacher Rechtsklick:<\/strong> N\u00e4chstes Lied<\/li>\n<li><strong>2 Sekunden lang gedr\u00fcckt halten:<\/strong> Anruf ablehnen<\/li>\n<li><strong>Vierfach tippen (beliebig):<\/strong> Spielmodus aktivieren\/deaktivieren<\/li>\n<li><strong>W\u00e4hrend des Anrufs lange dr\u00fccken:<\/strong> Telefonmikrofon aktivieren<\/li>\n<\/ul>\n<\/div>","protected":false},"excerpt":{"rendered":"<p><span style=\"color: #ff0000;\"><b>VERSAND AB 12.05.2026<\/b><\/span><\/p>\n<p><span style=\"color: #ff0000;\"><b>SONDERPREIS ZUR VORBESTELLUNG. VERSAND VOR DEM ANGEGEBENEN DATUM NICHT M\u00d6GLICH.<\/b><\/span><\/p>\n<p><b data-path-to-node=\"6\" data-index-in-node=\"0\">Drahtlose Freiheit dank modernster Technologie.<\/b> Die Neuen <b data-path-to-node=\"6\" data-index-in-node=\"62\">AirBuds 16<\/b> Sie beinhalten den fortschrittlichen Standard <b data-path-to-node=\"6\" data-index-in-node=\"105\">Bluetooth 6.0<\/b> F\u00fcr eine einwandfreie, latenzfreie Verbindung. Mit einem federleichten Gewicht von nur <b data-path-to-node=\"6\" data-index-in-node=\"189\">2,8 g pro Ohrh\u00f6rer<\/b> und eine Autonomie von bis zu <b data-path-to-node=\"6\" data-index-in-node=\"233\">6 Stunden<\/b> Dank kontinuierlicher Wiedergabe sind sie der ideale Begleiter f\u00fcr Ihre Musik und Ihre t\u00e4glichen Anrufe. Klangqualit\u00e4t <b data-path-to-node=\"6\" data-index-in-node=\"343\">AAC<\/b> und ein minimalistisches Design, das in jede Tasche passt.<\/p>","protected":false},"featured_media":13735,"comment_status":"open","ping_status":"closed","template":"","meta":{"_acf_changed":false},"product_brand":[287],"product_cat":[154,156,159,339,338],"product_tag":[],"class_list":{"0":"post-13731","1":"product","2":"type-product","3":"status-publish","4":"has-post-thumbnail","6":"product_brand-blackview","7":"product_cat-accesorios-blackview","8":"product_cat-accesorios-blackview-auriculares","9":"product_cat-ofertas","10":"product_cat-otros-productos","11":"product_cat-productos","13":"first","14":"instock","15":"sale","16":"shipping-taxable","17":"purchasable","18":"product-type-variable","19":"has-default-attributes"},"acf":[],"_links":{"self":[{"href":"https:\/\/blackviewphones.com\/de\/wp-json\/wp\/v2\/product\/13731","targetHints":{"allow":["GET"]}}],"collection":[{"href":"https:\/\/blackviewphones.com\/de\/wp-json\/wp\/v2\/product"}],"about":[{"href":"https:\/\/blackviewphones.com\/de\/wp-json\/wp\/v2\/types\/product"}],"replies":[{"embeddable":true,"href":"https:\/\/blackviewphones.com\/de\/wp-json\/wp\/v2\/comments?post=13731"}],"version-history":[{"count":3,"href":"https:\/\/blackviewphones.com\/de\/wp-json\/wp\/v2\/product\/13731\/revisions"}],"predecessor-version":[{"id":13741,"href":"https:\/\/blackviewphones.com\/de\/wp-json\/wp\/v2\/product\/13731\/revisions\/13741"}],"wp:featuredmedia":[{"embeddable":true,"href":"https:\/\/blackviewphones.com\/de\/wp-json\/wp\/v2\/media\/13735"}],"wp:attachment":[{"href":"https:\/\/blackviewphones.com\/de\/wp-json\/wp\/v2\/media?parent=13731"}],"wp:term":[{"taxonomy":"product_brand","embeddable":true,"href":"https:\/\/blackviewphones.com\/de\/wp-json\/wp\/v2\/product_brand?post=13731"},{"taxonomy":"product_cat","embeddable":true,"href":"https:\/\/blackviewphones.com\/de\/wp-json\/wp\/v2\/product_cat?post=13731"},{"taxonomy":"product_tag","embeddable":true,"href":"https:\/\/blackviewphones.com\/de\/wp-json\/wp\/v2\/product_tag?post=13731"}],"curies":[{"name":"wp","href":"https:\/\/api.w.org\/{rel}","templated":true}]}}